{"id":490,"date":"2019-03-18T08:00:09","date_gmt":"2019-03-18T05:00:09","guid":{"rendered":"https:\/\/zankovich-com.sr-srv.net\/de\/?page_id=490"},"modified":"2022-02-09T13:17:13","modified_gmt":"2022-02-09T13:17:13","slug":"page-changes-monitoring","status":"publish","type":"page","link":"https:\/\/seranking.com\/pt\/page-changes-monitoring.html","title":{"rendered":"Monitoramento de Altera\u00e7\u00f5es da P\u00e1gina"},"content":{"rendered":"","protected":false},"excerpt":{"rendered":"","protected":false},"author":1,"featured_media":0,"parent":0,"menu_order":0,"comment_status":"closed","ping_status":"closed","template":"page-templates\/page-changes-monitoring-new.php","meta":{"_acf_changed":false,"footnotes":""},"class_list":["post-490","page","type-page","status-publish","hentry"],"acf":[],"yoast_head":"<!-- This site is optimized with the Yoast SEO plugin v26.6 - https:\/\/yoast.com\/wordpress\/plugins\/seo\/ -->\n<title>Monitoriza\u00e7\u00e3o de Altera\u00e7\u00f5es de P\u00e1gina -Acompanhamento 24h do seu Website<\/title>\n<meta name=\"description\" content=\"SE Ranking acompanha altera\u00e7\u00f5es na p\u00e1gina e envia notifica\u00e7\u00f5es acerca de quaisquer altera\u00e7\u00f5es no seu website e no website dos seus concorrentes.\" \/>\n<meta name=\"robots\" content=\"index, follow, max-snippet:-1, max-image-preview:large, max-video-preview:-1\" \/>\n<link rel=\"canonical\" href=\"https:\/\/seranking.com\/pt\/page-changes-monitoring.html\" \/>\n<meta property=\"og:locale\" content=\"pt_PT\" \/>\n<meta property=\"og:type\" content=\"article\" \/>\n<meta property=\"og:title\" content=\"Monitoriza\u00e7\u00e3o de Altera\u00e7\u00f5es de P\u00e1gina -Acompanhamento 24h do seu Website\" \/>\n<meta property=\"og:description\" content=\"SE Ranking acompanha altera\u00e7\u00f5es na p\u00e1gina e envia notifica\u00e7\u00f5es acerca de quaisquer altera\u00e7\u00f5es no seu website e no website dos seus concorrentes.\" \/>\n<meta property=\"og:url\" content=\"https:\/\/seranking.com\/pt\/page-changes-monitoring.html\" \/>\n<meta property=\"og:site_name\" content=\"SE Ranking Portugal\" \/>\n<meta property=\"article:modified_time\" content=\"2022-02-09T13:17:13+00:00\" \/>\n<meta property=\"og:image\" content=\"https:\/\/seranking.com\/pt\/wp-content\/uploads\/sites\/8\/2024\/09\/1200\u0445675.png\" \/>\n\t<meta property=\"og:image:width\" content=\"1200\" \/>\n\t<meta property=\"og:image:height\" content=\"675\" \/>\n\t<meta property=\"og:image:type\" content=\"image\/png\" \/>\n<meta name=\"twitter:card\" content=\"summary_large_image\" \/>\n<!-- \/ Yoast SEO plugin. -->","yoast_head_json":{"title":"Monitoriza\u00e7\u00e3o de Altera\u00e7\u00f5es de P\u00e1gina -Acompanhamento 24h do seu Website","description":"SE Ranking acompanha altera\u00e7\u00f5es na p\u00e1gina e envia notifica\u00e7\u00f5es acerca de quaisquer altera\u00e7\u00f5es no seu website e no website dos seus concorrentes.","robots":{"index":"index","follow":"follow","max-snippet":"max-snippet:-1","max-image-preview":"max-image-preview:large","max-video-preview":"max-video-preview:-1"},"canonical":"https:\/\/seranking.com\/pt\/page-changes-monitoring.html","og_locale":"pt_PT","og_type":"article","og_title":"Monitoriza\u00e7\u00e3o de Altera\u00e7\u00f5es de P\u00e1gina -Acompanhamento 24h do seu Website","og_description":"SE Ranking acompanha altera\u00e7\u00f5es na p\u00e1gina e envia notifica\u00e7\u00f5es acerca de quaisquer altera\u00e7\u00f5es no seu website e no website dos seus concorrentes.","og_url":"https:\/\/seranking.com\/pt\/page-changes-monitoring.html","og_site_name":"SE Ranking Portugal","article_modified_time":"2022-02-09T13:17:13+00:00","og_image":[{"width":1200,"height":675,"url":"https:\/\/seranking.com\/pt\/wp-content\/uploads\/sites\/8\/2024\/09\/1200\u0445675.png","type":"image\/png"}],"twitter_card":"summary_large_image","schema":{"@context":"https:\/\/schema.org","@graph":[{"@type":"WebPage","@id":"https:\/\/seranking.com\/pt\/page-changes-monitoring.html","url":"https:\/\/seranking.com\/pt\/page-changes-monitoring.html","name":"Monitoriza\u00e7\u00e3o de Altera\u00e7\u00f5es de P\u00e1gina -Acompanhamento 24h do seu Website","isPartOf":{"@id":"https:\/\/seranking.com\/pt\/#website"},"datePublished":"2019-03-18T05:00:09+00:00","dateModified":"2022-02-09T13:17:13+00:00","description":"SE Ranking acompanha altera\u00e7\u00f5es na p\u00e1gina e envia notifica\u00e7\u00f5es acerca de quaisquer altera\u00e7\u00f5es no seu website e no website dos seus concorrentes.","breadcrumb":{"@id":"https:\/\/seranking.com\/pt\/page-changes-monitoring.html#breadcrumb"},"inLanguage":"pt-PT","potentialAction":[{"@type":"ReadAction","target":["https:\/\/seranking.com\/pt\/page-changes-monitoring.html"]}]},{"@type":"BreadcrumbList","@id":"https:\/\/seranking.com\/pt\/page-changes-monitoring.html#breadcrumb","itemListElement":[{"@type":"ListItem","position":1,"name":"Home","item":"https:\/\/seranking.com\/pt\/"},{"@type":"ListItem","position":2,"name":"Monitoramento de Altera\u00e7\u00f5es da P\u00e1gina"}]},{"@type":"WebSite","@id":"https:\/\/seranking.com\/pt\/#website","url":"https:\/\/seranking.com\/pt\/","name":"SE Ranking Portugal","description":"Just another SE Ranking Blog Sites site","potentialAction":[{"@type":"SearchAction","target":{"@type":"EntryPoint","urlTemplate":"https:\/\/seranking.com\/pt\/?s={search_term_string}"},"query-input":{"@type":"PropertyValueSpecification","valueRequired":true,"valueName":"search_term_string"}}],"inLanguage":"pt-PT"}]}},"_links":{"self":[{"href":"https:\/\/seranking.com\/pt\/wp-json\/wp\/v2\/pages\/490","targetHints":{"allow":["GET"]}}],"collection":[{"href":"https:\/\/seranking.com\/pt\/wp-json\/wp\/v2\/pages"}],"about":[{"href":"https:\/\/seranking.com\/pt\/wp-json\/wp\/v2\/types\/page"}],"author":[{"embeddable":true,"href":"https:\/\/seranking.com\/pt\/wp-json\/wp\/v2\/users\/1"}],"replies":[{"embeddable":true,"href":"https:\/\/seranking.com\/pt\/wp-json\/wp\/v2\/comments?post=490"}],"version-history":[{"count":0,"href":"https:\/\/seranking.com\/pt\/wp-json\/wp\/v2\/pages\/490\/revisions"}],"wp:attachment":[{"href":"https:\/\/seranking.com\/pt\/wp-json\/wp\/v2\/media?parent=490"}],"curies":[{"name":"wp","href":"https:\/\/api.w.org\/{rel}","templated":true}]}}