{"id":29866,"date":"2025-06-23T14:13:58","date_gmt":"2025-06-23T14:13:58","guid":{"rendered":"https:\/\/seranking.com\/pt\/?page_id=29866"},"modified":"2025-06-25T14:52:18","modified_gmt":"2025-06-25T14:52:18","slug":"se-ranking-para-pmes","status":"publish","type":"page","link":"https:\/\/seranking.com\/pt\/se-ranking-para-pmes.html","title":{"rendered":"Solu\u00e7\u00f5es inteligentes de SEO para pequenas e m\u00e9dias empresas"},"content":{"rendered":"","protected":false},"excerpt":{"rendered":"","protected":false},"author":358,"featured_media":0,"parent":0,"menu_order":0,"comment_status":"closed","ping_status":"closed","template":"page-templates\/why-us.php","meta":{"_acf_changed":false,"footnotes":""},"class_list":["post-29866","page","type-page","status-publish","hentry"],"acf":[],"yoast_head":"<!-- This site is optimized with the Yoast SEO plugin v26.6 - https:\/\/yoast.com\/wordpress\/plugins\/seo\/ -->\n<title>SE Ranking para PMEs: SEO simplificado e escal\u00e1vel<\/title>\n<meta name=\"description\" content=\"Assuma o controlo do seu SEO com ferramentas intuitivas criadas para pequenas e m\u00e9dias empresas. Fa\u00e7a o seu neg\u00f3cio crescer online sem complica\u00e7\u00f5es ou custos elevados.\" \/>\n<meta name=\"robots\" content=\"index, follow, max-snippet:-1, max-image-preview:large, max-video-preview:-1\" \/>\n<link rel=\"canonical\" href=\"https:\/\/seranking.com\/pt\/se-ranking-para-pmes.html\" \/>\n<meta property=\"og:locale\" content=\"pt_PT\" \/>\n<meta property=\"og:type\" content=\"article\" \/>\n<meta property=\"og:title\" content=\"SE Ranking para PMEs: SEO simplificado e escal\u00e1vel\" \/>\n<meta property=\"og:description\" content=\"Assuma o controlo do seu SEO com ferramentas intuitivas criadas para pequenas e m\u00e9dias empresas. Fa\u00e7a o seu neg\u00f3cio crescer online sem complica\u00e7\u00f5es ou custos elevados.\" \/>\n<meta property=\"og:url\" content=\"https:\/\/seranking.com\/pt\/se-ranking-para-pmes.html\" \/>\n<meta property=\"og:site_name\" content=\"SE Ranking Portugal\" \/>\n<meta property=\"article:modified_time\" content=\"2025-06-25T14:52:18+00:00\" \/>\n<meta property=\"og:image\" content=\"https:\/\/seranking.com\/pt\/wp-content\/uploads\/sites\/8\/2024\/09\/1200\u0445675.png\" \/>\n\t<meta property=\"og:image:width\" content=\"1200\" \/>\n\t<meta property=\"og:image:height\" content=\"675\" \/>\n\t<meta property=\"og:image:type\" content=\"image\/png\" \/>\n<meta name=\"twitter:card\" content=\"summary_large_image\" \/>\n<!-- \/ Yoast SEO plugin. -->","yoast_head_json":{"title":"SE Ranking para PMEs: SEO simplificado e escal\u00e1vel","description":"Assuma o controlo do seu SEO com ferramentas intuitivas criadas para pequenas e m\u00e9dias empresas. Fa\u00e7a o seu neg\u00f3cio crescer online sem complica\u00e7\u00f5es ou custos elevados.","robots":{"index":"index","follow":"follow","max-snippet":"max-snippet:-1","max-image-preview":"max-image-preview:large","max-video-preview":"max-video-preview:-1"},"canonical":"https:\/\/seranking.com\/pt\/se-ranking-para-pmes.html","og_locale":"pt_PT","og_type":"article","og_title":"SE Ranking para PMEs: SEO simplificado e escal\u00e1vel","og_description":"Assuma o controlo do seu SEO com ferramentas intuitivas criadas para pequenas e m\u00e9dias empresas. Fa\u00e7a o seu neg\u00f3cio crescer online sem complica\u00e7\u00f5es ou custos elevados.","og_url":"https:\/\/seranking.com\/pt\/se-ranking-para-pmes.html","og_site_name":"SE Ranking Portugal","article_modified_time":"2025-06-25T14:52:18+00:00","og_image":[{"width":1200,"height":675,"url":"https:\/\/seranking.com\/pt\/wp-content\/uploads\/sites\/8\/2024\/09\/1200\u0445675.png","type":"image\/png"}],"twitter_card":"summary_large_image","schema":{"@context":"https:\/\/schema.org","@graph":[{"@type":"WebPage","@id":"https:\/\/seranking.com\/pt\/se-ranking-para-pmes.html","url":"https:\/\/seranking.com\/pt\/se-ranking-para-pmes.html","name":"SE Ranking para PMEs: SEO simplificado e escal\u00e1vel","isPartOf":{"@id":"https:\/\/seranking.com\/pt\/#website"},"datePublished":"2025-06-23T14:13:58+00:00","dateModified":"2025-06-25T14:52:18+00:00","description":"Assuma o controlo do seu SEO com ferramentas intuitivas criadas para pequenas e m\u00e9dias empresas. Fa\u00e7a o seu neg\u00f3cio crescer online sem complica\u00e7\u00f5es ou custos elevados.","breadcrumb":{"@id":"https:\/\/seranking.com\/pt\/se-ranking-para-pmes.html#breadcrumb"},"inLanguage":"pt-PT","potentialAction":[{"@type":"ReadAction","target":["https:\/\/seranking.com\/pt\/se-ranking-para-pmes.html"]}]},{"@type":"BreadcrumbList","@id":"https:\/\/seranking.com\/pt\/se-ranking-para-pmes.html#breadcrumb","itemListElement":[{"@type":"ListItem","position":1,"name":"Home","item":"https:\/\/seranking.com\/pt\/"},{"@type":"ListItem","position":2,"name":"Solu\u00e7\u00f5es inteligentes de SEO para pequenas e m\u00e9dias empresas"}]},{"@type":"WebSite","@id":"https:\/\/seranking.com\/pt\/#website","url":"https:\/\/seranking.com\/pt\/","name":"SE Ranking Portugal","description":"Just another SE Ranking Blog Sites site","potentialAction":[{"@type":"SearchAction","target":{"@type":"EntryPoint","urlTemplate":"https:\/\/seranking.com\/pt\/?s={search_term_string}"},"query-input":{"@type":"PropertyValueSpecification","valueRequired":true,"valueName":"search_term_string"}}],"inLanguage":"pt-PT"}]}},"_links":{"self":[{"href":"https:\/\/seranking.com\/pt\/wp-json\/wp\/v2\/pages\/29866","targetHints":{"allow":["GET"]}}],"collection":[{"href":"https:\/\/seranking.com\/pt\/wp-json\/wp\/v2\/pages"}],"about":[{"href":"https:\/\/seranking.com\/pt\/wp-json\/wp\/v2\/types\/page"}],"author":[{"embeddable":true,"href":"https:\/\/seranking.com\/pt\/wp-json\/wp\/v2\/users\/358"}],"replies":[{"embeddable":true,"href":"https:\/\/seranking.com\/pt\/wp-json\/wp\/v2\/comments?post=29866"}],"version-history":[{"count":0,"href":"https:\/\/seranking.com\/pt\/wp-json\/wp\/v2\/pages\/29866\/revisions"}],"wp:attachment":[{"href":"https:\/\/seranking.com\/pt\/wp-json\/wp\/v2\/media?parent=29866"}],"curies":[{"name":"wp","href":"https:\/\/api.w.org\/{rel}","templated":true}]}}