{"id":24925,"date":"2024-09-13T14:06:32","date_gmt":"2024-09-13T14:06:32","guid":{"rendered":"https:\/\/seranking.com\/pt\/?page_id=24925"},"modified":"2025-07-29T15:12:20","modified_gmt":"2025-07-29T15:12:20","slug":"position-tracking","status":"publish","type":"page","link":"https:\/\/seranking.com\/pt\/position-tracking.html","title":{"rendered":"Verifica\u00e7\u00e3o da classifica\u00e7\u00e3o"},"content":{"rendered":"","protected":false},"excerpt":{"rendered":"","protected":false},"author":376,"featured_media":0,"parent":0,"menu_order":0,"comment_status":"closed","ping_status":"closed","template":"page-templates\/position-tracking-2023.php","meta":{"_acf_changed":false,"footnotes":""},"class_list":["post-24925","page","type-page","status-publish","hentry"],"acf":[],"yoast_head":"<!-- This site is optimized with the Yoast SEO plugin v26.6 - https:\/\/yoast.com\/wordpress\/plugins\/seo\/ -->\n<title>Controlo da classifica\u00e7\u00e3o: monitoriza\u00e7\u00e3o precisa e flex\u00edvel das palavras-chave<\/title>\n<meta name=\"description\" content=\"Acompanhe as classifica\u00e7\u00f5es das suas palavras-chave em todos os principais motores de busca para criar uma estrat\u00e9gia de SEO eficaz. Obtenha dados de classifica\u00e7\u00e3o para telem\u00f3vel e computador para qualquer localiza\u00e7\u00e3o.\" \/>\n<meta name=\"robots\" content=\"index, follow, max-snippet:-1, max-image-preview:large, max-video-preview:-1\" \/>\n<link rel=\"canonical\" href=\"https:\/\/seranking.com\/pt\/position-tracking.html\" \/>\n<meta property=\"og:locale\" content=\"pt_PT\" \/>\n<meta property=\"og:type\" content=\"article\" \/>\n<meta property=\"og:title\" content=\"Controlo da classifica\u00e7\u00e3o: monitoriza\u00e7\u00e3o precisa e flex\u00edvel das palavras-chave\" \/>\n<meta property=\"og:description\" content=\"Acompanhe as classifica\u00e7\u00f5es das suas palavras-chave em todos os principais motores de busca para criar uma estrat\u00e9gia de SEO eficaz. Obtenha dados de classifica\u00e7\u00e3o para telem\u00f3vel e computador para qualquer localiza\u00e7\u00e3o.\" \/>\n<meta property=\"og:url\" content=\"https:\/\/seranking.com\/pt\/position-tracking.html\" \/>\n<meta property=\"og:site_name\" content=\"SE Ranking Portugal\" \/>\n<meta property=\"article:modified_time\" content=\"2025-07-29T15:12:20+00:00\" \/>\n<meta property=\"og:image\" content=\"https:\/\/seranking.com\/pt\/wp-content\/uploads\/sites\/8\/2024\/09\/1200\u0445675.png\" \/>\n\t<meta property=\"og:image:width\" content=\"1200\" \/>\n\t<meta property=\"og:image:height\" content=\"675\" \/>\n\t<meta property=\"og:image:type\" content=\"image\/png\" \/>\n<meta name=\"twitter:card\" content=\"summary_large_image\" \/>\n<!-- \/ Yoast SEO plugin. -->","yoast_head_json":{"title":"Controlo da classifica\u00e7\u00e3o: monitoriza\u00e7\u00e3o precisa e flex\u00edvel das palavras-chave","description":"Acompanhe as classifica\u00e7\u00f5es das suas palavras-chave em todos os principais motores de busca para criar uma estrat\u00e9gia de SEO eficaz. Obtenha dados de classifica\u00e7\u00e3o para telem\u00f3vel e computador para qualquer localiza\u00e7\u00e3o.","robots":{"index":"index","follow":"follow","max-snippet":"max-snippet:-1","max-image-preview":"max-image-preview:large","max-video-preview":"max-video-preview:-1"},"canonical":"https:\/\/seranking.com\/pt\/position-tracking.html","og_locale":"pt_PT","og_type":"article","og_title":"Controlo da classifica\u00e7\u00e3o: monitoriza\u00e7\u00e3o precisa e flex\u00edvel das palavras-chave","og_description":"Acompanhe as classifica\u00e7\u00f5es das suas palavras-chave em todos os principais motores de busca para criar uma estrat\u00e9gia de SEO eficaz. Obtenha dados de classifica\u00e7\u00e3o para telem\u00f3vel e computador para qualquer localiza\u00e7\u00e3o.","og_url":"https:\/\/seranking.com\/pt\/position-tracking.html","og_site_name":"SE Ranking Portugal","article_modified_time":"2025-07-29T15:12:20+00:00","og_image":[{"width":1200,"height":675,"url":"https:\/\/seranking.com\/pt\/wp-content\/uploads\/sites\/8\/2024\/09\/1200\u0445675.png","type":"image\/png"}],"twitter_card":"summary_large_image","schema":{"@context":"https:\/\/schema.org","@graph":[{"@type":"WebPage","@id":"https:\/\/seranking.com\/pt\/position-tracking.html","url":"https:\/\/seranking.com\/pt\/position-tracking.html","name":"Controlo da classifica\u00e7\u00e3o: monitoriza\u00e7\u00e3o precisa e flex\u00edvel das palavras-chave","isPartOf":{"@id":"https:\/\/seranking.com\/pt\/#website"},"datePublished":"2024-09-13T14:06:32+00:00","dateModified":"2025-07-29T15:12:20+00:00","description":"Acompanhe as classifica\u00e7\u00f5es das suas palavras-chave em todos os principais motores de busca para criar uma estrat\u00e9gia de SEO eficaz. Obtenha dados de classifica\u00e7\u00e3o para telem\u00f3vel e computador para qualquer localiza\u00e7\u00e3o.","breadcrumb":{"@id":"https:\/\/seranking.com\/pt\/position-tracking.html#breadcrumb"},"inLanguage":"pt-PT","potentialAction":[{"@type":"ReadAction","target":["https:\/\/seranking.com\/pt\/position-tracking.html"]}]},{"@type":"BreadcrumbList","@id":"https:\/\/seranking.com\/pt\/position-tracking.html#breadcrumb","itemListElement":[{"@type":"ListItem","position":1,"name":"Home","item":"https:\/\/seranking.com\/pt\/"},{"@type":"ListItem","position":2,"name":"Verifica\u00e7\u00e3o da classifica\u00e7\u00e3o"}]},{"@type":"WebSite","@id":"https:\/\/seranking.com\/pt\/#website","url":"https:\/\/seranking.com\/pt\/","name":"SE Ranking Portugal","description":"Just another SE Ranking Blog Sites site","potentialAction":[{"@type":"SearchAction","target":{"@type":"EntryPoint","urlTemplate":"https:\/\/seranking.com\/pt\/?s={search_term_string}"},"query-input":{"@type":"PropertyValueSpecification","valueRequired":true,"valueName":"search_term_string"}}],"inLanguage":"pt-PT"}]}},"_links":{"self":[{"href":"https:\/\/seranking.com\/pt\/wp-json\/wp\/v2\/pages\/24925","targetHints":{"allow":["GET"]}}],"collection":[{"href":"https:\/\/seranking.com\/pt\/wp-json\/wp\/v2\/pages"}],"about":[{"href":"https:\/\/seranking.com\/pt\/wp-json\/wp\/v2\/types\/page"}],"author":[{"embeddable":true,"href":"https:\/\/seranking.com\/pt\/wp-json\/wp\/v2\/users\/376"}],"replies":[{"embeddable":true,"href":"https:\/\/seranking.com\/pt\/wp-json\/wp\/v2\/comments?post=24925"}],"version-history":[{"count":1,"href":"https:\/\/seranking.com\/pt\/wp-json\/wp\/v2\/pages\/24925\/revisions"}],"predecessor-version":[{"id":30517,"href":"https:\/\/seranking.com\/pt\/wp-json\/wp\/v2\/pages\/24925\/revisions\/30517"}],"wp:attachment":[{"href":"https:\/\/seranking.com\/pt\/wp-json\/wp\/v2\/media?parent=24925"}],"curies":[{"name":"wp","href":"https:\/\/api.w.org\/{rel}","templated":true}]}}