{"id":23668,"date":"2024-05-10T10:59:59","date_gmt":"2024-05-10T10:59:59","guid":{"rendered":"https:\/\/seranking.com\/pt\/?page_id=23668"},"modified":"2024-05-10T11:00:00","modified_gmt":"2024-05-10T11:00:00","slug":"insights","status":"publish","type":"page","link":"https:\/\/seranking.com\/pt\/insights.html","title":{"rendered":"SEO Insights: Dados Raw Transformados em A\u00e7\u00f5es de Alto Impacto"},"content":{"rendered":"","protected":false},"excerpt":{"rendered":"","protected":false},"author":181,"featured_media":0,"parent":0,"menu_order":0,"comment_status":"closed","ping_status":"closed","template":"page-templates\/insights.php","meta":{"_acf_changed":false,"footnotes":""},"class_list":["post-23668","page","type-page","status-publish","hentry"],"acf":[],"yoast_head":"<!-- This site is optimized with the Yoast SEO plugin v26.6 - https:\/\/yoast.com\/wordpress\/plugins\/seo\/ -->\n<title>SEO Insights: Dados Raw Transformados em A\u00e7\u00f5es de Alto Impacto<\/title>\n<meta name=\"description\" content=\"Obtenha uma an\u00e1lise categorizada de insights de SEO baseados em dados, juntamente com sugest\u00f5es pr\u00e1ticas sobre como us\u00e1-los para melhorar facilmente o ranking nos motores de busca.\" \/>\n<meta name=\"robots\" content=\"index, follow, max-snippet:-1, max-image-preview:large, max-video-preview:-1\" \/>\n<link rel=\"canonical\" href=\"https:\/\/seranking.com\/pt\/insights.html\" \/>\n<meta property=\"og:locale\" content=\"pt_PT\" \/>\n<meta property=\"og:type\" content=\"article\" \/>\n<meta property=\"og:title\" content=\"SEO Insights: Dados Raw Transformados em A\u00e7\u00f5es de Alto Impacto\" \/>\n<meta property=\"og:description\" content=\"Obtenha uma an\u00e1lise categorizada de insights de SEO baseados em dados, juntamente com sugest\u00f5es pr\u00e1ticas sobre como us\u00e1-los para melhorar facilmente o ranking nos motores de busca.\" \/>\n<meta property=\"og:url\" content=\"https:\/\/seranking.com\/pt\/insights.html\" \/>\n<meta property=\"og:site_name\" content=\"SE Ranking Portugal\" \/>\n<meta property=\"article:modified_time\" content=\"2024-05-10T11:00:00+00:00\" \/>\n<meta property=\"og:image\" content=\"https:\/\/seranking.com\/pt\/wp-content\/uploads\/sites\/8\/2024\/09\/1200\u0445675.png\" \/>\n\t<meta property=\"og:image:width\" content=\"1200\" \/>\n\t<meta property=\"og:image:height\" content=\"675\" \/>\n\t<meta property=\"og:image:type\" content=\"image\/png\" \/>\n<meta name=\"twitter:card\" content=\"summary_large_image\" \/>\n<!-- \/ Yoast SEO plugin. -->","yoast_head_json":{"title":"SEO Insights: Dados Raw Transformados em A\u00e7\u00f5es de Alto Impacto","description":"Obtenha uma an\u00e1lise categorizada de insights de SEO baseados em dados, juntamente com sugest\u00f5es pr\u00e1ticas sobre como us\u00e1-los para melhorar facilmente o ranking nos motores de busca.","robots":{"index":"index","follow":"follow","max-snippet":"max-snippet:-1","max-image-preview":"max-image-preview:large","max-video-preview":"max-video-preview:-1"},"canonical":"https:\/\/seranking.com\/pt\/insights.html","og_locale":"pt_PT","og_type":"article","og_title":"SEO Insights: Dados Raw Transformados em A\u00e7\u00f5es de Alto Impacto","og_description":"Obtenha uma an\u00e1lise categorizada de insights de SEO baseados em dados, juntamente com sugest\u00f5es pr\u00e1ticas sobre como us\u00e1-los para melhorar facilmente o ranking nos motores de busca.","og_url":"https:\/\/seranking.com\/pt\/insights.html","og_site_name":"SE Ranking Portugal","article_modified_time":"2024-05-10T11:00:00+00:00","og_image":[{"width":1200,"height":675,"url":"https:\/\/seranking.com\/pt\/wp-content\/uploads\/sites\/8\/2024\/09\/1200\u0445675.png","type":"image\/png"}],"twitter_card":"summary_large_image","schema":{"@context":"https:\/\/schema.org","@graph":[{"@type":"WebPage","@id":"https:\/\/seranking.com\/pt\/insights.html","url":"https:\/\/seranking.com\/pt\/insights.html","name":"SEO Insights: Dados Raw Transformados em A\u00e7\u00f5es de Alto Impacto","isPartOf":{"@id":"https:\/\/seranking.com\/pt\/#website"},"datePublished":"2024-05-10T10:59:59+00:00","dateModified":"2024-05-10T11:00:00+00:00","description":"Obtenha uma an\u00e1lise categorizada de insights de SEO baseados em dados, juntamente com sugest\u00f5es pr\u00e1ticas sobre como us\u00e1-los para melhorar facilmente o ranking nos motores de busca.","breadcrumb":{"@id":"https:\/\/seranking.com\/pt\/insights.html#breadcrumb"},"inLanguage":"pt-PT","potentialAction":[{"@type":"ReadAction","target":["https:\/\/seranking.com\/pt\/insights.html"]}]},{"@type":"BreadcrumbList","@id":"https:\/\/seranking.com\/pt\/insights.html#breadcrumb","itemListElement":[{"@type":"ListItem","position":1,"name":"Home","item":"https:\/\/seranking.com\/pt\/"},{"@type":"ListItem","position":2,"name":"SEO Insights: Dados Raw Transformados em A\u00e7\u00f5es de Alto Impacto"}]},{"@type":"WebSite","@id":"https:\/\/seranking.com\/pt\/#website","url":"https:\/\/seranking.com\/pt\/","name":"SE Ranking Portugal","description":"Just another SE Ranking Blog Sites site","potentialAction":[{"@type":"SearchAction","target":{"@type":"EntryPoint","urlTemplate":"https:\/\/seranking.com\/pt\/?s={search_term_string}"},"query-input":{"@type":"PropertyValueSpecification","valueRequired":true,"valueName":"search_term_string"}}],"inLanguage":"pt-PT"}]}},"_links":{"self":[{"href":"https:\/\/seranking.com\/pt\/wp-json\/wp\/v2\/pages\/23668","targetHints":{"allow":["GET"]}}],"collection":[{"href":"https:\/\/seranking.com\/pt\/wp-json\/wp\/v2\/pages"}],"about":[{"href":"https:\/\/seranking.com\/pt\/wp-json\/wp\/v2\/types\/page"}],"author":[{"embeddable":true,"href":"https:\/\/seranking.com\/pt\/wp-json\/wp\/v2\/users\/181"}],"replies":[{"embeddable":true,"href":"https:\/\/seranking.com\/pt\/wp-json\/wp\/v2\/comments?post=23668"}],"version-history":[{"count":0,"href":"https:\/\/seranking.com\/pt\/wp-json\/wp\/v2\/pages\/23668\/revisions"}],"wp:attachment":[{"href":"https:\/\/seranking.com\/pt\/wp-json\/wp\/v2\/media?parent=23668"}],"curies":[{"name":"wp","href":"https:\/\/api.w.org\/{rel}","templated":true}]}}