{"id":22489,"date":"2024-08-08T11:52:16","date_gmt":"2024-08-08T11:52:16","guid":{"rendered":"https:\/\/seranking.com\/pt\/?page_id=22489"},"modified":"2025-05-29T13:56:08","modified_gmt":"2025-05-29T13:56:08","slug":"affiliate","status":"publish","type":"page","link":"https:\/\/seranking.com\/pt\/affiliate.html","title":{"rendered":"Junte-se ao nosso <br>programa de<br><span>afiliados<\/span>"},"content":{"rendered":"","protected":false},"excerpt":{"rendered":"","protected":false},"author":376,"featured_media":0,"parent":0,"menu_order":0,"comment_status":"closed","ping_status":"closed","template":"page-templates\/affiliate-2024.php","meta":{"_acf_changed":false,"footnotes":""},"class_list":["post-22489","page","type-page","status-publish","hentry"],"acf":[],"yoast_head":"<!-- This site is optimized with the Yoast SEO plugin v26.6 - https:\/\/yoast.com\/wordpress\/plugins\/seo\/ -->\n<title>Junte-se ao programa de afiliados da SE Ranking para come\u00e7ar a ganhar com facilidade<\/title>\n<meta name=\"description\" content=\"Quer come\u00e7ar a ganhar? Em seguida, divulgue a SE Ranking. Torne-se afiliado e seja pago sempre que indicar algu\u00e9m para a nossa empresa.\" \/>\n<meta name=\"robots\" content=\"index, follow, max-snippet:-1, max-image-preview:large, max-video-preview:-1\" \/>\n<link rel=\"canonical\" href=\"https:\/\/seranking.com\/pt\/affiliate.html\" \/>\n<meta property=\"og:locale\" content=\"pt_PT\" \/>\n<meta property=\"og:type\" content=\"article\" \/>\n<meta property=\"og:title\" content=\"Junte-se ao programa de afiliados da SE Ranking para come\u00e7ar a ganhar com facilidade\" \/>\n<meta property=\"og:description\" content=\"Quer come\u00e7ar a ganhar? Em seguida, divulgue a SE Ranking. Torne-se afiliado e seja pago sempre que indicar algu\u00e9m para a nossa empresa.\" \/>\n<meta property=\"og:url\" content=\"https:\/\/seranking.com\/pt\/affiliate.html\" \/>\n<meta property=\"og:site_name\" content=\"SE Ranking Portugal\" \/>\n<meta property=\"article:modified_time\" content=\"2025-05-29T13:56:08+00:00\" \/>\n<meta property=\"og:image\" content=\"https:\/\/seranking.com\/pt\/wp-content\/uploads\/sites\/8\/2024\/09\/1200\u0445675.png\" \/>\n\t<meta property=\"og:image:width\" content=\"1200\" \/>\n\t<meta property=\"og:image:height\" content=\"675\" \/>\n\t<meta property=\"og:image:type\" content=\"image\/png\" \/>\n<meta name=\"twitter:card\" content=\"summary_large_image\" \/>\n<!-- \/ Yoast SEO plugin. -->","yoast_head_json":{"title":"Junte-se ao programa de afiliados da SE Ranking para come\u00e7ar a ganhar com facilidade","description":"Quer come\u00e7ar a ganhar? Em seguida, divulgue a SE Ranking. Torne-se afiliado e seja pago sempre que indicar algu\u00e9m para a nossa empresa.","robots":{"index":"index","follow":"follow","max-snippet":"max-snippet:-1","max-image-preview":"max-image-preview:large","max-video-preview":"max-video-preview:-1"},"canonical":"https:\/\/seranking.com\/pt\/affiliate.html","og_locale":"pt_PT","og_type":"article","og_title":"Junte-se ao programa de afiliados da SE Ranking para come\u00e7ar a ganhar com facilidade","og_description":"Quer come\u00e7ar a ganhar? Em seguida, divulgue a SE Ranking. Torne-se afiliado e seja pago sempre que indicar algu\u00e9m para a nossa empresa.","og_url":"https:\/\/seranking.com\/pt\/affiliate.html","og_site_name":"SE Ranking Portugal","article_modified_time":"2025-05-29T13:56:08+00:00","og_image":[{"width":1200,"height":675,"url":"https:\/\/seranking.com\/pt\/wp-content\/uploads\/sites\/8\/2024\/09\/1200\u0445675.png","type":"image\/png"}],"twitter_card":"summary_large_image","schema":{"@context":"https:\/\/schema.org","@graph":[{"@type":"WebPage","@id":"https:\/\/seranking.com\/pt\/affiliate.html","url":"https:\/\/seranking.com\/pt\/affiliate.html","name":"Junte-se ao programa de afiliados da SE Ranking para come\u00e7ar a ganhar com facilidade","isPartOf":{"@id":"https:\/\/seranking.com\/pt\/#website"},"datePublished":"2024-08-08T11:52:16+00:00","dateModified":"2025-05-29T13:56:08+00:00","description":"Quer come\u00e7ar a ganhar? Em seguida, divulgue a SE Ranking. Torne-se afiliado e seja pago sempre que indicar algu\u00e9m para a nossa empresa.","breadcrumb":{"@id":"https:\/\/seranking.com\/pt\/affiliate.html#breadcrumb"},"inLanguage":"pt-PT","potentialAction":[{"@type":"ReadAction","target":["https:\/\/seranking.com\/pt\/affiliate.html"]}]},{"@type":"BreadcrumbList","@id":"https:\/\/seranking.com\/pt\/affiliate.html#breadcrumb","itemListElement":[{"@type":"ListItem","position":1,"name":"Home","item":"https:\/\/seranking.com\/pt\/"},{"@type":"ListItem","position":2,"name":"Junte-se ao nosso programa deafiliados"}]},{"@type":"WebSite","@id":"https:\/\/seranking.com\/pt\/#website","url":"https:\/\/seranking.com\/pt\/","name":"SE Ranking Portugal","description":"Just another SE Ranking Blog Sites site","potentialAction":[{"@type":"SearchAction","target":{"@type":"EntryPoint","urlTemplate":"https:\/\/seranking.com\/pt\/?s={search_term_string}"},"query-input":{"@type":"PropertyValueSpecification","valueRequired":true,"valueName":"search_term_string"}}],"inLanguage":"pt-PT"}]}},"_links":{"self":[{"href":"https:\/\/seranking.com\/pt\/wp-json\/wp\/v2\/pages\/22489","targetHints":{"allow":["GET"]}}],"collection":[{"href":"https:\/\/seranking.com\/pt\/wp-json\/wp\/v2\/pages"}],"about":[{"href":"https:\/\/seranking.com\/pt\/wp-json\/wp\/v2\/types\/page"}],"author":[{"embeddable":true,"href":"https:\/\/seranking.com\/pt\/wp-json\/wp\/v2\/users\/376"}],"replies":[{"embeddable":true,"href":"https:\/\/seranking.com\/pt\/wp-json\/wp\/v2\/comments?post=22489"}],"version-history":[{"count":0,"href":"https:\/\/seranking.com\/pt\/wp-json\/wp\/v2\/pages\/22489\/revisions"}],"wp:attachment":[{"href":"https:\/\/seranking.com\/pt\/wp-json\/wp\/v2\/media?parent=22489"}],"curies":[{"name":"wp","href":"https:\/\/api.w.org\/{rel}","templated":true}]}}