{"id":22483,"date":"2024-08-06T15:26:56","date_gmt":"2024-08-06T15:26:56","guid":{"rendered":"https:\/\/seranking.com\/pt\/?page_id=22483"},"modified":"2025-02-12T12:14:51","modified_gmt":"2025-02-12T12:14:51","slug":"about-us","status":"publish","type":"page","link":"https:\/\/seranking.com\/pt\/about-us.html","title":{"rendered":"Tornamos o <span>SEO<\/span> intuitivo."},"content":{"rendered":"","protected":false},"excerpt":{"rendered":"","protected":false},"author":376,"featured_media":0,"parent":0,"menu_order":0,"comment_status":"closed","ping_status":"closed","template":"page-templates\/about-us-2024.php","meta":{"_acf_changed":false,"footnotes":""},"class_list":["post-22483","page","type-page","status-publish","hentry"],"acf":[],"yoast_head":"<!-- This site is optimized with the Yoast SEO plugin v26.6 - https:\/\/yoast.com\/wordpress\/plugins\/seo\/ -->\n<title>Sobre n\u00f3s | SE Ranking<\/title>\n<meta name=\"description\" content=\"Descubra a miss\u00e3o da SE Ranking e porque \u00e9 que os especialistas em SEO de todo o mundo nos escolheram. Conhe\u00e7a a nossa equipa, ferramentas e valores para ver se somos a op\u00e7\u00e3o certa para si.\" \/>\n<meta name=\"robots\" content=\"index, follow, max-snippet:-1, max-image-preview:large, max-video-preview:-1\" \/>\n<link rel=\"canonical\" href=\"https:\/\/seranking.com\/pt\/about-us.html\" \/>\n<meta property=\"og:locale\" content=\"pt_PT\" \/>\n<meta property=\"og:type\" content=\"article\" \/>\n<meta property=\"og:title\" content=\"Sobre n\u00f3s | SE Ranking\" \/>\n<meta property=\"og:description\" content=\"Descubra a miss\u00e3o da SE Ranking e porque \u00e9 que os especialistas em SEO de todo o mundo nos escolheram. Conhe\u00e7a a nossa equipa, ferramentas e valores para ver se somos a op\u00e7\u00e3o certa para si.\" \/>\n<meta property=\"og:url\" content=\"https:\/\/seranking.com\/pt\/about-us.html\" \/>\n<meta property=\"og:site_name\" content=\"SE Ranking Portugal\" \/>\n<meta property=\"article:modified_time\" content=\"2025-02-12T12:14:51+00:00\" \/>\n<meta property=\"og:image\" content=\"https:\/\/seranking.com\/pt\/wp-content\/uploads\/sites\/8\/2024\/09\/1200\u0445675.png\" \/>\n\t<meta property=\"og:image:width\" content=\"1200\" \/>\n\t<meta property=\"og:image:height\" content=\"675\" \/>\n\t<meta property=\"og:image:type\" content=\"image\/png\" \/>\n<meta name=\"twitter:card\" content=\"summary_large_image\" \/>\n<!-- \/ Yoast SEO plugin. -->","yoast_head_json":{"title":"Sobre n\u00f3s | SE Ranking","description":"Descubra a miss\u00e3o da SE Ranking e porque \u00e9 que os especialistas em SEO de todo o mundo nos escolheram. Conhe\u00e7a a nossa equipa, ferramentas e valores para ver se somos a op\u00e7\u00e3o certa para si.","robots":{"index":"index","follow":"follow","max-snippet":"max-snippet:-1","max-image-preview":"max-image-preview:large","max-video-preview":"max-video-preview:-1"},"canonical":"https:\/\/seranking.com\/pt\/about-us.html","og_locale":"pt_PT","og_type":"article","og_title":"Sobre n\u00f3s | SE Ranking","og_description":"Descubra a miss\u00e3o da SE Ranking e porque \u00e9 que os especialistas em SEO de todo o mundo nos escolheram. Conhe\u00e7a a nossa equipa, ferramentas e valores para ver se somos a op\u00e7\u00e3o certa para si.","og_url":"https:\/\/seranking.com\/pt\/about-us.html","og_site_name":"SE Ranking Portugal","article_modified_time":"2025-02-12T12:14:51+00:00","og_image":[{"width":1200,"height":675,"url":"https:\/\/seranking.com\/pt\/wp-content\/uploads\/sites\/8\/2024\/09\/1200\u0445675.png","type":"image\/png"}],"twitter_card":"summary_large_image","schema":{"@context":"https:\/\/schema.org","@graph":[{"@type":"WebPage","@id":"https:\/\/seranking.com\/pt\/about-us.html","url":"https:\/\/seranking.com\/pt\/about-us.html","name":"Sobre n\u00f3s | SE Ranking","isPartOf":{"@id":"https:\/\/seranking.com\/pt\/#website"},"datePublished":"2024-08-06T15:26:56+00:00","dateModified":"2025-02-12T12:14:51+00:00","description":"Descubra a miss\u00e3o da SE Ranking e porque \u00e9 que os especialistas em SEO de todo o mundo nos escolheram. Conhe\u00e7a a nossa equipa, ferramentas e valores para ver se somos a op\u00e7\u00e3o certa para si.","breadcrumb":{"@id":"https:\/\/seranking.com\/pt\/about-us.html#breadcrumb"},"inLanguage":"pt-PT","potentialAction":[{"@type":"ReadAction","target":["https:\/\/seranking.com\/pt\/about-us.html"]}]},{"@type":"BreadcrumbList","@id":"https:\/\/seranking.com\/pt\/about-us.html#breadcrumb","itemListElement":[{"@type":"ListItem","position":1,"name":"Home","item":"https:\/\/seranking.com\/pt\/"},{"@type":"ListItem","position":2,"name":"Tornamos o SEO intuitivo."}]},{"@type":"WebSite","@id":"https:\/\/seranking.com\/pt\/#website","url":"https:\/\/seranking.com\/pt\/","name":"SE Ranking Portugal","description":"Just another SE Ranking Blog Sites site","potentialAction":[{"@type":"SearchAction","target":{"@type":"EntryPoint","urlTemplate":"https:\/\/seranking.com\/pt\/?s={search_term_string}"},"query-input":{"@type":"PropertyValueSpecification","valueRequired":true,"valueName":"search_term_string"}}],"inLanguage":"pt-PT"}]}},"_links":{"self":[{"href":"https:\/\/seranking.com\/pt\/wp-json\/wp\/v2\/pages\/22483","targetHints":{"allow":["GET"]}}],"collection":[{"href":"https:\/\/seranking.com\/pt\/wp-json\/wp\/v2\/pages"}],"about":[{"href":"https:\/\/seranking.com\/pt\/wp-json\/wp\/v2\/types\/page"}],"author":[{"embeddable":true,"href":"https:\/\/seranking.com\/pt\/wp-json\/wp\/v2\/users\/376"}],"replies":[{"embeddable":true,"href":"https:\/\/seranking.com\/pt\/wp-json\/wp\/v2\/comments?post=22483"}],"version-history":[{"count":0,"href":"https:\/\/seranking.com\/pt\/wp-json\/wp\/v2\/pages\/22483\/revisions"}],"wp:attachment":[{"href":"https:\/\/seranking.com\/pt\/wp-json\/wp\/v2\/media?parent=22483"}],"curies":[{"name":"wp","href":"https:\/\/api.w.org\/{rel}","templated":true}]}}