{"id":20902,"date":"2023-12-28T13:25:19","date_gmt":"2023-12-28T13:25:19","guid":{"rendered":"https:\/\/seranking.com\/pt\/?page_id=20902"},"modified":"2024-01-17T12:37:43","modified_gmt":"2024-01-17T12:37:43","slug":"processors","status":"publish","type":"page","link":"https:\/\/seranking.com\/pt\/legal\/processors.html","title":{"rendered":"Processors"},"content":{"rendered":"<div style=\"margin-top: 1px;\">\n<div class=\"bottom-terms-text\">\n<p class=\"p p--address\">Last Updated: January 17, 2024<\/p>\n<\/div>\n<\/div>\n<div class=\"divider\">\u00a0<\/div>\n\n\n<style>\n    .r p {\n        font-size: 18px;\n        font-style: normal;\n        font-weight: 400;\n        margin-left: 40px;\n        text-align: justify;\n        margin-bottom: 16px;\n        line-height: 24px;\n    }\n<\/style>\n\n\n\n<p>1. Processors are our partners to whom we transfer your personal data for processing on behalf of us. This is necessary to ensure continuity of service on our part.<\/p>\n\n\n\n<p>2. Accordingly, each of our processors may have access to some part of the personal data that you provide to us for processing.<\/p>\n\n\n\n<p>3. In order to ensure the appropriate level of protection of your personal data as set forth in our Privacy Policy and applicable law, we enter into a personal data processing agreement with each of our processors.&nbsp;<\/p>\n\n\n\n<p>4. In cases where our partners are located in jurisdictions that are not recognized as providing an adequate level of personal data protection, we use additional adequate safeguards mechanisms. Most often, the Standard Clauses on personal data protection <a href=\"https:\/\/eur-lex.europa.eu\/legal-content\/EN\/TXT\/?uri=CELEX:32021D0915&amp;locale-en\" target=\"_blank\" rel=\"noreferrer noopener\">approved<\/a> by the European Commission will be an appropriate safeguard mechanism.&nbsp;<\/p>\n\n\n\n<p>5. If we start cooperating with any new partners who act as processors of your data, we will inform you 2 weeks in advance so that you can decide for yourself whether you consent to the transfer of your personal data. We also carry out our own privacy and data security assessments of all new partners.<\/p>\n\n\n\n<p>The list of current processors:<\/p>\n\n\n\n<style>\n    .company-table {\n        font-size: 14px;\n        color: black;\n        border-collapse: collapse;\n        width: 100%;\n    }\n\n    .company-table th, .company-table td {\n        border: 1px solid #ddd;\n        padding: 8px;\n    }\n\n    .company-table th {\n        padding-top: 12px;\n        padding-bottom: 12px;\n        text-align: left;\n        background-color: #f2f2f2;\n    }\n<\/style>\n\n<table class=\"company-table\">\n    <tr>\n        <th>Name<\/th>\n        <th>Purpose<\/th>\n        <th>Location<\/th>\n    <\/tr>\n    <tr>\n        <td>Google LLC<\/td>\n        <td>Analytics and advertising services, hosting, payment processing and authentication<\/td>\n        <td>United States of America<\/td>\n    <\/tr>\n    <tr>\n        <td>Helpcrunch Corporation<\/td>\n        <td>Advertising services<\/td>\n        <td>United States of America<\/td>\n    <\/tr>\n    <tr>\n        <td>Hubspot, Inc.<\/td>\n        <td>CRM services<\/td>\n        <td>United States of America<\/td>\n    <\/tr>\n    <tr>\n        <td>Hetzner Online GmbH<\/td>\n        <td>Hosting services<\/td>\n        <td>Germany<\/td>\n    <\/tr>\n    <tr>\n        <td>Meta Platforms, Inc.<\/td>\n        <td>Advertising services<\/td>\n        <td>United States of America<\/td>\n    <\/tr>\n    <tr>\n        <td>Microsoft Corporation<\/td>\n        <td>Reporting services<\/td>\n        <td>United States of America<\/td>\n    <\/tr>\n    <tr>\n        <td>Atlassian Pty Ltd<\/td>\n        <td>Development services and ticket management<\/td>\n        <td>United States of America<\/td>\n    <\/tr>\n    <tr>\n        <td>PandaDoc Inc.<\/td>\n        <td>Online document management<\/td>\n        <td>United States of America<\/td>\n    <\/tr>\n    <tr>\n        <td>Appcues, Inc.<\/td>\n        <td>Users onboarding<\/td>\n        <td>United States of America<\/td>\n    <\/tr>\n    <tr>\n        <td>TYPEFORM SL<\/td>\n        <td>Feedback form for users<\/td>\n        <td>Spain<\/td>\n    <\/tr>\n    <tr>\n        <td>ActiveCampaign, LLC<\/td>\n        <td>CRM services<\/td>\n        <td>United States of America<\/td>\n    <\/tr>\n    <tr>\n        <td>Apple Inc.<\/td>\n        <td>Payment processing and authentication<\/td>\n        <td>United States of America<\/td>\n    <\/tr>\n    <tr>\n        <td>VeriFone Inc.<\/td>\n        <td>Payment processing<\/td>\n        <td>United States of America<\/td>\n    <\/tr>\n    <tr>\n        <td>Amazon Web Services EMEA SARL<\/td>\n        <td>Hosting services<\/td>\n        <td>Luxembourg<\/td>\n    <\/tr>\n    <tr>\n        <td>Zapier, Inc.<\/td>\n        <td>Integration services<\/td>\n        <td>United States of America<\/td>\n    <\/tr>\n    <tr>\n        <td>Zoho Group<\/td>\n        <td>Integration services<\/td>\n        <td>India<\/td>\n    <\/tr>\n    <tr>\n        <td>Ecomz Holding Limited (Selzy)<\/td>\n        <td>Marketing mailing services<\/td>\n        <td>Cyprus<\/td>\n    <\/tr>\n    <tr>\n        <td>Slack Technologies Limited<\/td>\n        <td>Corporate communication services<\/td>\n        <td>Ireland<\/td>\n    <\/tr>\n    <tr>\n        <td>Stripe, Inc.<\/td>\n        <td>Payment processing<\/td>\n        <td>United States of America<\/td>\n    <\/tr>\n<\/table>\n","protected":false},"excerpt":{"rendered":"<p>Last Updated: January 17, 2024 \u00a0 1. Processors are our partners to whom we transfer your personal data for processing on behalf of us. This is necessary to ensure continuity of service on our part. 2. Accordingly, each of our processors may have access to some part of the personal data that you provide to [&hellip;]<\/p>\n","protected":false},"author":151,"featured_media":0,"parent":19927,"menu_order":0,"comment_status":"closed","ping_status":"closed","template":"privacy-policy.php","meta":{"_acf_changed":false,"footnotes":""},"class_list":["post-20902","page","type-page","status-publish","hentry"],"acf":[],"yoast_head":"<!-- This site is optimized with the Yoast SEO plugin v26.6 - https:\/\/yoast.com\/wordpress\/plugins\/seo\/ -->\n<title>Processors - SE Ranking Portugal<\/title>\n<meta name=\"description\" content=\"A SE Ranking \u00e9 uma plataforma de SEO fi\u00e1vel para resolver qualquer tarefa de SEO. Dados precisos, pain\u00e9is intuitivos e relat\u00f3rios detalhados a pre\u00e7o acess\u00edvel.\" \/>\n<meta name=\"robots\" content=\"noindex, nofollow\" \/>\n<meta property=\"og:locale\" content=\"pt_PT\" \/>\n<meta property=\"og:type\" content=\"article\" \/>\n<meta property=\"og:title\" content=\"Processors - SE Ranking Portugal\" \/>\n<meta property=\"og:description\" content=\"A SE Ranking \u00e9 uma plataforma de SEO fi\u00e1vel para resolver qualquer tarefa de SEO. Dados precisos, pain\u00e9is intuitivos e relat\u00f3rios detalhados a pre\u00e7o acess\u00edvel.\" \/>\n<meta property=\"og:url\" content=\"https:\/\/seranking.com\/pt\/legal\/processors.html\" \/>\n<meta property=\"og:site_name\" content=\"SE Ranking Portugal\" \/>\n<meta property=\"article:modified_time\" content=\"2024-01-17T12:37:43+00:00\" \/>\n<meta property=\"og:image\" content=\"https:\/\/seranking.com\/pt\/wp-content\/uploads\/sites\/8\/2024\/09\/1200\u0445675.png\" \/>\n\t<meta property=\"og:image:width\" content=\"1200\" \/>\n\t<meta property=\"og:image:height\" content=\"675\" \/>\n\t<meta property=\"og:image:type\" content=\"image\/png\" \/>\n<meta name=\"twitter:card\" content=\"summary_large_image\" \/>\n<meta name=\"twitter:label1\" content=\"Est. reading time\" \/>\n\t<meta name=\"twitter:data1\" content=\"3 minutes\" \/>\n<!-- \/ Yoast SEO plugin. -->","yoast_head_json":{"title":"Processors - SE Ranking Portugal","description":"A SE Ranking \u00e9 uma plataforma de SEO fi\u00e1vel para resolver qualquer tarefa de SEO. Dados precisos, pain\u00e9is intuitivos e relat\u00f3rios detalhados a pre\u00e7o acess\u00edvel.","robots":{"index":"noindex","follow":"nofollow"},"og_locale":"pt_PT","og_type":"article","og_title":"Processors - SE Ranking Portugal","og_description":"A SE Ranking \u00e9 uma plataforma de SEO fi\u00e1vel para resolver qualquer tarefa de SEO. Dados precisos, pain\u00e9is intuitivos e relat\u00f3rios detalhados a pre\u00e7o acess\u00edvel.","og_url":"https:\/\/seranking.com\/pt\/legal\/processors.html","og_site_name":"SE Ranking Portugal","article_modified_time":"2024-01-17T12:37:43+00:00","og_image":[{"width":1200,"height":675,"url":"https:\/\/seranking.com\/pt\/wp-content\/uploads\/sites\/8\/2024\/09\/1200\u0445675.png","type":"image\/png"}],"twitter_card":"summary_large_image","twitter_misc":{"Est. reading time":"3 minutes"},"schema":{"@context":"https:\/\/schema.org","@graph":[{"@type":"WebPage","@id":"https:\/\/seranking.com\/pt\/legal\/processors.html","url":"https:\/\/seranking.com\/pt\/legal\/processors.html","name":"Processors - SE Ranking Portugal","isPartOf":{"@id":"https:\/\/seranking.com\/pt\/#website"},"datePublished":"2023-12-28T13:25:19+00:00","dateModified":"2024-01-17T12:37:43+00:00","description":"A SE Ranking \u00e9 uma plataforma de SEO fi\u00e1vel para resolver qualquer tarefa de SEO. Dados precisos, pain\u00e9is intuitivos e relat\u00f3rios detalhados a pre\u00e7o acess\u00edvel.","breadcrumb":{"@id":"https:\/\/seranking.com\/pt\/legal\/processors.html#breadcrumb"},"inLanguage":"pt-PT","potentialAction":[{"@type":"ReadAction","target":["https:\/\/seranking.com\/pt\/legal\/processors.html"]}]},{"@type":"BreadcrumbList","@id":"https:\/\/seranking.com\/pt\/legal\/processors.html#breadcrumb","itemListElement":[{"@type":"ListItem","position":1,"name":"Home","item":"https:\/\/seranking.com\/pt\/"},{"@type":"ListItem","position":2,"name":"SE Ranking Informa\u00e7\u00f5es legais","item":"https:\/\/seranking.com\/pt\/legal.html"},{"@type":"ListItem","position":3,"name":"Processors"}]},{"@type":"WebSite","@id":"https:\/\/seranking.com\/pt\/#website","url":"https:\/\/seranking.com\/pt\/","name":"SE Ranking Portugal","description":"Just another SE Ranking Blog Sites site","potentialAction":[{"@type":"SearchAction","target":{"@type":"EntryPoint","urlTemplate":"https:\/\/seranking.com\/pt\/?s={search_term_string}"},"query-input":{"@type":"PropertyValueSpecification","valueRequired":true,"valueName":"search_term_string"}}],"inLanguage":"pt-PT"}]}},"_links":{"self":[{"href":"https:\/\/seranking.com\/pt\/wp-json\/wp\/v2\/pages\/20902","targetHints":{"allow":["GET"]}}],"collection":[{"href":"https:\/\/seranking.com\/pt\/wp-json\/wp\/v2\/pages"}],"about":[{"href":"https:\/\/seranking.com\/pt\/wp-json\/wp\/v2\/types\/page"}],"author":[{"embeddable":true,"href":"https:\/\/seranking.com\/pt\/wp-json\/wp\/v2\/users\/151"}],"replies":[{"embeddable":true,"href":"https:\/\/seranking.com\/pt\/wp-json\/wp\/v2\/comments?post=20902"}],"version-history":[{"count":0,"href":"https:\/\/seranking.com\/pt\/wp-json\/wp\/v2\/pages\/20902\/revisions"}],"up":[{"embeddable":true,"href":"https:\/\/seranking.com\/pt\/wp-json\/wp\/v2\/pages\/19927"}],"wp:attachment":[{"href":"https:\/\/seranking.com\/pt\/wp-json\/wp\/v2\/media?parent=20902"}],"curies":[{"name":"wp","href":"https:\/\/api.w.org\/{rel}","templated":true}]}}