{"id":19927,"date":"2023-11-30T12:22:47","date_gmt":"2023-11-30T12:22:47","guid":{"rendered":"https:\/\/seranking.com\/pt\/?page_id=19927"},"modified":"2026-03-03T13:24:23","modified_gmt":"2026-03-03T13:24:23","slug":"legal","status":"publish","type":"page","link":"https:\/\/seranking.com\/pt\/legal.html","title":{"rendered":"SE Ranking Informa\u00e7\u00f5es legais"},"content":{"rendered":"","protected":false},"excerpt":{"rendered":"","protected":false},"author":181,"featured_media":0,"parent":0,"menu_order":0,"comment_status":"closed","ping_status":"closed","template":"page-templates\/legal.php","meta":{"_acf_changed":false,"footnotes":""},"class_list":["post-19927","page","type-page","status-publish","hentry"],"acf":[],"yoast_head":"<!-- This site is optimized with the Yoast SEO plugin v26.6 - https:\/\/yoast.com\/wordpress\/plugins\/seo\/ -->\n<title>SE Ranking Informa\u00e7\u00f5es legais<\/title>\n<meta name=\"description\" content=\"A SE Ranking \u00e9 uma plataforma de SEO fi\u00e1vel para resolver qualquer tarefa de SEO. Dados precisos, pain\u00e9is intuitivos e relat\u00f3rios detalhados a pre\u00e7o acess\u00edvel.\" \/>\n<meta name=\"robots\" content=\"index, follow, max-snippet:-1, max-image-preview:large, max-video-preview:-1\" \/>\n<link rel=\"canonical\" href=\"https:\/\/seranking.com\/pt\/legal.html\" \/>\n<meta property=\"og:locale\" content=\"pt_PT\" \/>\n<meta property=\"og:type\" content=\"article\" \/>\n<meta property=\"og:title\" content=\"SE Ranking Informa\u00e7\u00f5es legais\" \/>\n<meta property=\"og:description\" content=\"A SE Ranking \u00e9 uma plataforma de SEO fi\u00e1vel para resolver qualquer tarefa de SEO. Dados precisos, pain\u00e9is intuitivos e relat\u00f3rios detalhados a pre\u00e7o acess\u00edvel.\" \/>\n<meta property=\"og:url\" content=\"https:\/\/seranking.com\/pt\/legal.html\" \/>\n<meta property=\"og:site_name\" content=\"SE Ranking Portugal\" \/>\n<meta property=\"article:modified_time\" content=\"2026-03-03T13:24:23+00:00\" \/>\n<meta property=\"og:image\" content=\"https:\/\/seranking.com\/pt\/wp-content\/uploads\/sites\/8\/2024\/09\/1200\u0445675.png\" \/>\n\t<meta property=\"og:image:width\" content=\"1200\" \/>\n\t<meta property=\"og:image:height\" content=\"675\" \/>\n\t<meta property=\"og:image:type\" content=\"image\/png\" \/>\n<meta name=\"twitter:card\" content=\"summary_large_image\" \/>\n<!-- \/ Yoast SEO plugin. -->","yoast_head_json":{"title":"SE Ranking Informa\u00e7\u00f5es legais","description":"A SE Ranking \u00e9 uma plataforma de SEO fi\u00e1vel para resolver qualquer tarefa de SEO. Dados precisos, pain\u00e9is intuitivos e relat\u00f3rios detalhados a pre\u00e7o acess\u00edvel.","robots":{"index":"index","follow":"follow","max-snippet":"max-snippet:-1","max-image-preview":"max-image-preview:large","max-video-preview":"max-video-preview:-1"},"canonical":"https:\/\/seranking.com\/pt\/legal.html","og_locale":"pt_PT","og_type":"article","og_title":"SE Ranking Informa\u00e7\u00f5es legais","og_description":"A SE Ranking \u00e9 uma plataforma de SEO fi\u00e1vel para resolver qualquer tarefa de SEO. Dados precisos, pain\u00e9is intuitivos e relat\u00f3rios detalhados a pre\u00e7o acess\u00edvel.","og_url":"https:\/\/seranking.com\/pt\/legal.html","og_site_name":"SE Ranking Portugal","article_modified_time":"2026-03-03T13:24:23+00:00","og_image":[{"width":1200,"height":675,"url":"https:\/\/seranking.com\/pt\/wp-content\/uploads\/sites\/8\/2024\/09\/1200\u0445675.png","type":"image\/png"}],"twitter_card":"summary_large_image","schema":{"@context":"https:\/\/schema.org","@graph":[{"@type":"WebPage","@id":"https:\/\/seranking.com\/pt\/legal.html","url":"https:\/\/seranking.com\/pt\/legal.html","name":"SE Ranking Informa\u00e7\u00f5es legais","isPartOf":{"@id":"https:\/\/seranking.com\/pt\/#website"},"datePublished":"2023-11-30T12:22:47+00:00","dateModified":"2026-03-03T13:24:23+00:00","description":"A SE Ranking \u00e9 uma plataforma de SEO fi\u00e1vel para resolver qualquer tarefa de SEO. Dados precisos, pain\u00e9is intuitivos e relat\u00f3rios detalhados a pre\u00e7o acess\u00edvel.","breadcrumb":{"@id":"https:\/\/seranking.com\/pt\/legal.html#breadcrumb"},"inLanguage":"pt-PT","potentialAction":[{"@type":"ReadAction","target":["https:\/\/seranking.com\/pt\/legal.html"]}]},{"@type":"BreadcrumbList","@id":"https:\/\/seranking.com\/pt\/legal.html#breadcrumb","itemListElement":[{"@type":"ListItem","position":1,"name":"Home","item":"https:\/\/seranking.com\/pt\/"},{"@type":"ListItem","position":2,"name":"SE Ranking Informa\u00e7\u00f5es legais"}]},{"@type":"WebSite","@id":"https:\/\/seranking.com\/pt\/#website","url":"https:\/\/seranking.com\/pt\/","name":"SE Ranking Portugal","description":"Just another SE Ranking Blog Sites site","potentialAction":[{"@type":"SearchAction","target":{"@type":"EntryPoint","urlTemplate":"https:\/\/seranking.com\/pt\/?s={search_term_string}"},"query-input":{"@type":"PropertyValueSpecification","valueRequired":true,"valueName":"search_term_string"}}],"inLanguage":"pt-PT"}]}},"_links":{"self":[{"href":"https:\/\/seranking.com\/pt\/wp-json\/wp\/v2\/pages\/19927","targetHints":{"allow":["GET"]}}],"collection":[{"href":"https:\/\/seranking.com\/pt\/wp-json\/wp\/v2\/pages"}],"about":[{"href":"https:\/\/seranking.com\/pt\/wp-json\/wp\/v2\/types\/page"}],"author":[{"embeddable":true,"href":"https:\/\/seranking.com\/pt\/wp-json\/wp\/v2\/users\/181"}],"replies":[{"embeddable":true,"href":"https:\/\/seranking.com\/pt\/wp-json\/wp\/v2\/comments?post=19927"}],"version-history":[{"count":2,"href":"https:\/\/seranking.com\/pt\/wp-json\/wp\/v2\/pages\/19927\/revisions"}],"predecessor-version":[{"id":31654,"href":"https:\/\/seranking.com\/pt\/wp-json\/wp\/v2\/pages\/19927\/revisions\/31654"}],"wp:attachment":[{"href":"https:\/\/seranking.com\/pt\/wp-json\/wp\/v2\/media?parent=19927"}],"curies":[{"name":"wp","href":"https:\/\/api.w.org\/{rel}","templated":true}]}}