{"id":18976,"date":"2023-09-12T09:33:40","date_gmt":"2023-09-12T09:33:40","guid":{"rendered":"https:\/\/seranking.com\/pt\/?page_id=18976"},"modified":"2026-02-13T07:55:19","modified_gmt":"2026-02-13T07:55:19","slug":"agency-pack","status":"publish","type":"page","link":"https:\/\/seranking.com\/pt\/agency-pack.html","title":{"rendered":"Desbloqueie novas oportunidades de neg\u00f3cio com o <span>Pacote&nbsp;de&nbsp;Ag\u00eancia<\/span>"},"content":{"rendered":"","protected":false},"excerpt":{"rendered":"","protected":false},"author":358,"featured_media":0,"parent":0,"menu_order":0,"comment_status":"closed","ping_status":"closed","template":"page-templates\/agency-pack-2023.php","meta":{"_acf_changed":false,"footnotes":""},"class_list":["post-18976","page","type-page","status-publish","hentry"],"acf":[],"yoast_head":"<!-- This site is optimized with the Yoast SEO plugin v26.6 - https:\/\/yoast.com\/wordpress\/plugins\/seo\/ -->\n<title>Pacote de ag\u00eancia da SE Ranking: Ajuda a criar a confian\u00e7a do cliente<\/title>\n<meta name=\"description\" content=\"Este add-on destina-se a empoderar as ag\u00eancias em cada etapa do ciclo de gest\u00e3o de clientes, ajudando a conseguir novos clientes e a cuidar dos existentes.\" \/>\n<meta name=\"robots\" content=\"index, follow, max-snippet:-1, max-image-preview:large, max-video-preview:-1\" \/>\n<link rel=\"canonical\" href=\"https:\/\/seranking.com\/pt\/agency-pack.html\" \/>\n<meta property=\"og:locale\" content=\"pt_PT\" \/>\n<meta property=\"og:type\" content=\"article\" \/>\n<meta property=\"og:title\" content=\"Pacote de ag\u00eancia da SE Ranking: Ajuda a criar a confian\u00e7a do cliente\" \/>\n<meta property=\"og:description\" content=\"Este add-on destina-se a empoderar as ag\u00eancias em cada etapa do ciclo de gest\u00e3o de clientes, ajudando a conseguir novos clientes e a cuidar dos existentes.\" \/>\n<meta property=\"og:url\" content=\"https:\/\/seranking.com\/pt\/agency-pack.html\" \/>\n<meta property=\"og:site_name\" content=\"SE Ranking Portugal\" \/>\n<meta property=\"article:modified_time\" content=\"2026-02-13T07:55:19+00:00\" \/>\n<meta property=\"og:image\" content=\"https:\/\/seranking.com\/pt\/wp-content\/uploads\/sites\/8\/2024\/09\/1200\u0445675.png\" \/>\n\t<meta property=\"og:image:width\" content=\"1200\" \/>\n\t<meta property=\"og:image:height\" content=\"675\" \/>\n\t<meta property=\"og:image:type\" content=\"image\/png\" \/>\n<meta name=\"twitter:card\" content=\"summary_large_image\" \/>\n<!-- \/ Yoast SEO plugin. -->","yoast_head_json":{"title":"Pacote de ag\u00eancia da SE Ranking: Ajuda a criar a confian\u00e7a do cliente","description":"Este add-on destina-se a empoderar as ag\u00eancias em cada etapa do ciclo de gest\u00e3o de clientes, ajudando a conseguir novos clientes e a cuidar dos existentes.","robots":{"index":"index","follow":"follow","max-snippet":"max-snippet:-1","max-image-preview":"max-image-preview:large","max-video-preview":"max-video-preview:-1"},"canonical":"https:\/\/seranking.com\/pt\/agency-pack.html","og_locale":"pt_PT","og_type":"article","og_title":"Pacote de ag\u00eancia da SE Ranking: Ajuda a criar a confian\u00e7a do cliente","og_description":"Este add-on destina-se a empoderar as ag\u00eancias em cada etapa do ciclo de gest\u00e3o de clientes, ajudando a conseguir novos clientes e a cuidar dos existentes.","og_url":"https:\/\/seranking.com\/pt\/agency-pack.html","og_site_name":"SE Ranking Portugal","article_modified_time":"2026-02-13T07:55:19+00:00","og_image":[{"width":1200,"height":675,"url":"https:\/\/seranking.com\/pt\/wp-content\/uploads\/sites\/8\/2024\/09\/1200\u0445675.png","type":"image\/png"}],"twitter_card":"summary_large_image","schema":{"@context":"https:\/\/schema.org","@graph":[{"@type":"WebPage","@id":"https:\/\/seranking.com\/pt\/agency-pack.html","url":"https:\/\/seranking.com\/pt\/agency-pack.html","name":"Pacote de ag\u00eancia da SE Ranking: Ajuda a criar a confian\u00e7a do cliente","isPartOf":{"@id":"https:\/\/seranking.com\/pt\/#website"},"datePublished":"2023-09-12T09:33:40+00:00","dateModified":"2026-02-13T07:55:19+00:00","description":"Este add-on destina-se a empoderar as ag\u00eancias em cada etapa do ciclo de gest\u00e3o de clientes, ajudando a conseguir novos clientes e a cuidar dos existentes.","breadcrumb":{"@id":"https:\/\/seranking.com\/pt\/agency-pack.html#breadcrumb"},"inLanguage":"pt-PT","potentialAction":[{"@type":"ReadAction","target":["https:\/\/seranking.com\/pt\/agency-pack.html"]}]},{"@type":"BreadcrumbList","@id":"https:\/\/seranking.com\/pt\/agency-pack.html#breadcrumb","itemListElement":[{"@type":"ListItem","position":1,"name":"Home","item":"https:\/\/seranking.com\/pt\/"},{"@type":"ListItem","position":2,"name":"Desbloqueie novas oportunidades de neg\u00f3cio com o Pacote&nbsp;de&nbsp;Ag\u00eancia"}]},{"@type":"WebSite","@id":"https:\/\/seranking.com\/pt\/#website","url":"https:\/\/seranking.com\/pt\/","name":"SE Ranking Portugal","description":"Just another SE Ranking Blog Sites site","potentialAction":[{"@type":"SearchAction","target":{"@type":"EntryPoint","urlTemplate":"https:\/\/seranking.com\/pt\/?s={search_term_string}"},"query-input":{"@type":"PropertyValueSpecification","valueRequired":true,"valueName":"search_term_string"}}],"inLanguage":"pt-PT"}]}},"_links":{"self":[{"href":"https:\/\/seranking.com\/pt\/wp-json\/wp\/v2\/pages\/18976","targetHints":{"allow":["GET"]}}],"collection":[{"href":"https:\/\/seranking.com\/pt\/wp-json\/wp\/v2\/pages"}],"about":[{"href":"https:\/\/seranking.com\/pt\/wp-json\/wp\/v2\/types\/page"}],"author":[{"embeddable":true,"href":"https:\/\/seranking.com\/pt\/wp-json\/wp\/v2\/users\/358"}],"replies":[{"embeddable":true,"href":"https:\/\/seranking.com\/pt\/wp-json\/wp\/v2\/comments?post=18976"}],"version-history":[{"count":1,"href":"https:\/\/seranking.com\/pt\/wp-json\/wp\/v2\/pages\/18976\/revisions"}],"predecessor-version":[{"id":31546,"href":"https:\/\/seranking.com\/pt\/wp-json\/wp\/v2\/pages\/18976\/revisions\/31546"}],"wp:attachment":[{"href":"https:\/\/seranking.com\/pt\/wp-json\/wp\/v2\/media?parent=18976"}],"curies":[{"name":"wp","href":"https:\/\/api.w.org\/{rel}","templated":true}]}}