{"id":16717,"date":"2022-12-21T11:20:48","date_gmt":"2022-12-21T11:20:48","guid":{"rendered":"https:\/\/seranking.com\/pt\/?page_id=16717"},"modified":"2025-02-12T16:04:50","modified_gmt":"2025-02-12T16:04:50","slug":"editor-conteudo","status":"publish","type":"page","link":"https:\/\/seranking.com\/pt\/editor-conteudo.html","title":{"rendered":"Editor de conte\u00fado"},"content":{"rendered":"","protected":false},"excerpt":{"rendered":"","protected":false},"author":271,"featured_media":0,"parent":0,"menu_order":0,"comment_status":"closed","ping_status":"closed","template":"page-templates\/content-editor.php","meta":{"_acf_changed":false,"footnotes":""},"class_list":["post-16717","page","type-page","status-publish","hentry"],"acf":[],"yoast_head":"<!-- This site is optimized with the Yoast SEO plugin v26.6 - https:\/\/yoast.com\/wordpress\/plugins\/seo\/ -->\n<title>Ferramenta de Cria\u00e7\u00e3o de Conte\u00fado para Web<\/title>\n<meta name=\"description\" content=\"Revelar os segredos de conte\u00fado que os seus concorrentes tentam esquecer. Criar textos que se v\u00e3o posicionar melhor.\" \/>\n<meta name=\"robots\" content=\"index, follow, max-snippet:-1, max-image-preview:large, max-video-preview:-1\" \/>\n<link rel=\"canonical\" href=\"https:\/\/seranking.com\/pt\/editor-conteudo.html\" \/>\n<meta property=\"og:locale\" content=\"pt_PT\" \/>\n<meta property=\"og:type\" content=\"article\" \/>\n<meta property=\"og:title\" content=\"Ferramenta de Cria\u00e7\u00e3o de Conte\u00fado para Web\" \/>\n<meta property=\"og:description\" content=\"Revelar os segredos de conte\u00fado que os seus concorrentes tentam esquecer. Criar textos que se v\u00e3o posicionar melhor.\" \/>\n<meta property=\"og:url\" content=\"https:\/\/seranking.com\/pt\/editor-conteudo.html\" \/>\n<meta property=\"og:site_name\" content=\"SE Ranking Portugal\" \/>\n<meta property=\"article:modified_time\" content=\"2025-02-12T16:04:50+00:00\" \/>\n<meta property=\"og:image\" content=\"https:\/\/seranking.com\/pt\/wp-content\/uploads\/sites\/8\/2024\/09\/1200\u0445675.png\" \/>\n\t<meta property=\"og:image:width\" content=\"1200\" \/>\n\t<meta property=\"og:image:height\" content=\"675\" \/>\n\t<meta property=\"og:image:type\" content=\"image\/png\" \/>\n<meta name=\"twitter:card\" content=\"summary_large_image\" \/>\n<!-- \/ Yoast SEO plugin. -->","yoast_head_json":{"title":"Ferramenta de Cria\u00e7\u00e3o de Conte\u00fado para Web","description":"Revelar os segredos de conte\u00fado que os seus concorrentes tentam esquecer. Criar textos que se v\u00e3o posicionar melhor.","robots":{"index":"index","follow":"follow","max-snippet":"max-snippet:-1","max-image-preview":"max-image-preview:large","max-video-preview":"max-video-preview:-1"},"canonical":"https:\/\/seranking.com\/pt\/editor-conteudo.html","og_locale":"pt_PT","og_type":"article","og_title":"Ferramenta de Cria\u00e7\u00e3o de Conte\u00fado para Web","og_description":"Revelar os segredos de conte\u00fado que os seus concorrentes tentam esquecer. Criar textos que se v\u00e3o posicionar melhor.","og_url":"https:\/\/seranking.com\/pt\/editor-conteudo.html","og_site_name":"SE Ranking Portugal","article_modified_time":"2025-02-12T16:04:50+00:00","og_image":[{"width":1200,"height":675,"url":"https:\/\/seranking.com\/pt\/wp-content\/uploads\/sites\/8\/2024\/09\/1200\u0445675.png","type":"image\/png"}],"twitter_card":"summary_large_image","schema":{"@context":"https:\/\/schema.org","@graph":[{"@type":"WebPage","@id":"https:\/\/seranking.com\/pt\/editor-conteudo.html","url":"https:\/\/seranking.com\/pt\/editor-conteudo.html","name":"Ferramenta de Cria\u00e7\u00e3o de Conte\u00fado para Web","isPartOf":{"@id":"https:\/\/seranking.com\/pt\/#website"},"datePublished":"2022-12-21T11:20:48+00:00","dateModified":"2025-02-12T16:04:50+00:00","description":"Revelar os segredos de conte\u00fado que os seus concorrentes tentam esquecer. Criar textos que se v\u00e3o posicionar melhor.","breadcrumb":{"@id":"https:\/\/seranking.com\/pt\/editor-conteudo.html#breadcrumb"},"inLanguage":"pt-PT","potentialAction":[{"@type":"ReadAction","target":["https:\/\/seranking.com\/pt\/editor-conteudo.html"]}]},{"@type":"BreadcrumbList","@id":"https:\/\/seranking.com\/pt\/editor-conteudo.html#breadcrumb","itemListElement":[{"@type":"ListItem","position":1,"name":"Home","item":"https:\/\/seranking.com\/pt\/"},{"@type":"ListItem","position":2,"name":"Editor de conte\u00fado"}]},{"@type":"WebSite","@id":"https:\/\/seranking.com\/pt\/#website","url":"https:\/\/seranking.com\/pt\/","name":"SE Ranking Portugal","description":"Just another SE Ranking Blog Sites site","potentialAction":[{"@type":"SearchAction","target":{"@type":"EntryPoint","urlTemplate":"https:\/\/seranking.com\/pt\/?s={search_term_string}"},"query-input":{"@type":"PropertyValueSpecification","valueRequired":true,"valueName":"search_term_string"}}],"inLanguage":"pt-PT"}]}},"_links":{"self":[{"href":"https:\/\/seranking.com\/pt\/wp-json\/wp\/v2\/pages\/16717","targetHints":{"allow":["GET"]}}],"collection":[{"href":"https:\/\/seranking.com\/pt\/wp-json\/wp\/v2\/pages"}],"about":[{"href":"https:\/\/seranking.com\/pt\/wp-json\/wp\/v2\/types\/page"}],"author":[{"embeddable":true,"href":"https:\/\/seranking.com\/pt\/wp-json\/wp\/v2\/users\/271"}],"replies":[{"embeddable":true,"href":"https:\/\/seranking.com\/pt\/wp-json\/wp\/v2\/comments?post=16717"}],"version-history":[{"count":0,"href":"https:\/\/seranking.com\/pt\/wp-json\/wp\/v2\/pages\/16717\/revisions"}],"wp:attachment":[{"href":"https:\/\/seranking.com\/pt\/wp-json\/wp\/v2\/media?parent=16717"}],"curies":[{"name":"wp","href":"https:\/\/api.w.org\/{rel}","templated":true}]}}