{"id":12160,"date":"2021-12-29T10:22:40","date_gmt":"2021-12-29T10:22:40","guid":{"rendered":"https:\/\/seranking.com\/it\/?page_id=12160"},"modified":"2024-01-19T11:03:44","modified_gmt":"2024-01-19T11:03:44","slug":"features","status":"publish","type":"page","link":"https:\/\/seranking.com\/it\/features.html","title":{"rendered":"Migliori strumenti di SEO online"},"content":{"rendered":"","protected":false},"excerpt":{"rendered":"","protected":false},"author":271,"featured_media":0,"parent":0,"menu_order":0,"comment_status":"closed","ping_status":"closed","template":"page-templates\/features-2023.php","meta":{"_acf_changed":false,"footnotes":""},"class_list":["post-12160","page","type-page","status-publish","hentry"],"acf":[],"yoast_head":"<!-- This site is optimized with the Yoast SEO plugin v26.6 - https:\/\/yoast.com\/wordpress\/plugins\/seo\/ -->\n<title>Strumenti SEO di SE Ranking \/ Parole chiave, Classifiche, Backlink, Analisi<\/title>\n<meta name=\"description\" content=\"Tutte le funzionalit\u00e0 del software SEO raccolte su un&#039;unica piattaforma. Non \u00e8 necessario pagare costi aggiuntivi per l&#039;utilizzo di diversi servizi: ottieni tutto ci\u00f2 di cui hai bisogno per la SEO in un unico posto.\" \/>\n<meta name=\"robots\" content=\"index, follow, max-snippet:-1, max-image-preview:large, max-video-preview:-1\" \/>\n<link rel=\"canonical\" href=\"https:\/\/seranking.com\/it\/features.html\" \/>\n<meta property=\"og:locale\" content=\"it_IT\" \/>\n<meta property=\"og:type\" content=\"article\" \/>\n<meta property=\"og:title\" content=\"Strumenti SEO di SE Ranking \/ Parole chiave, Classifiche, Backlink, Analisi\" \/>\n<meta property=\"og:description\" content=\"Tutte le funzionalit\u00e0 del software SEO raccolte su un&#039;unica piattaforma. Non \u00e8 necessario pagare costi aggiuntivi per l&#039;utilizzo di diversi servizi: ottieni tutto ci\u00f2 di cui hai bisogno per la SEO in un unico posto.\" \/>\n<meta property=\"og:url\" content=\"https:\/\/seranking.com\/it\/features.html\" \/>\n<meta property=\"og:site_name\" content=\"SE Ranking Italian\" \/>\n<meta property=\"article:modified_time\" content=\"2024-01-19T11:03:44+00:00\" \/>\n<meta property=\"og:image\" content=\"https:\/\/seranking.com\/it\/wp-content\/uploads\/sites\/6\/2024\/09\/1200\u0445675.png\" \/>\n\t<meta property=\"og:image:width\" content=\"1200\" \/>\n\t<meta property=\"og:image:height\" content=\"675\" \/>\n\t<meta property=\"og:image:type\" content=\"image\/png\" \/>\n<meta name=\"twitter:card\" content=\"summary_large_image\" \/>\n<!-- \/ Yoast SEO plugin. -->","yoast_head_json":{"title":"Strumenti SEO di SE Ranking \/ Parole chiave, Classifiche, Backlink, Analisi","description":"Tutte le funzionalit\u00e0 del software SEO raccolte su un'unica piattaforma. Non \u00e8 necessario pagare costi aggiuntivi per l'utilizzo di diversi servizi: ottieni tutto ci\u00f2 di cui hai bisogno per la SEO in un unico posto.","robots":{"index":"index","follow":"follow","max-snippet":"max-snippet:-1","max-image-preview":"max-image-preview:large","max-video-preview":"max-video-preview:-1"},"canonical":"https:\/\/seranking.com\/it\/features.html","og_locale":"it_IT","og_type":"article","og_title":"Strumenti SEO di SE Ranking \/ Parole chiave, Classifiche, Backlink, Analisi","og_description":"Tutte le funzionalit\u00e0 del software SEO raccolte su un'unica piattaforma. Non \u00e8 necessario pagare costi aggiuntivi per l'utilizzo di diversi servizi: ottieni tutto ci\u00f2 di cui hai bisogno per la SEO in un unico posto.","og_url":"https:\/\/seranking.com\/it\/features.html","og_site_name":"SE Ranking Italian","article_modified_time":"2024-01-19T11:03:44+00:00","og_image":[{"width":1200,"height":675,"url":"https:\/\/seranking.com\/it\/wp-content\/uploads\/sites\/6\/2024\/09\/1200\u0445675.png","type":"image\/png"}],"twitter_card":"summary_large_image","schema":{"@context":"https:\/\/schema.org","@graph":[{"@type":"WebPage","@id":"https:\/\/seranking.com\/it\/features.html","url":"https:\/\/seranking.com\/it\/features.html","name":"Strumenti SEO di SE Ranking \/ Parole chiave, Classifiche, Backlink, Analisi","isPartOf":{"@id":"https:\/\/seranking.com\/it\/#website"},"datePublished":"2021-12-29T10:22:40+00:00","dateModified":"2024-01-19T11:03:44+00:00","description":"Tutte le funzionalit\u00e0 del software SEO raccolte su un'unica piattaforma. Non \u00e8 necessario pagare costi aggiuntivi per l'utilizzo di diversi servizi: ottieni tutto ci\u00f2 di cui hai bisogno per la SEO in un unico posto.","breadcrumb":{"@id":"https:\/\/seranking.com\/it\/features.html#breadcrumb"},"inLanguage":"it-IT","potentialAction":[{"@type":"ReadAction","target":["https:\/\/seranking.com\/it\/features.html"]}]},{"@type":"BreadcrumbList","@id":"https:\/\/seranking.com\/it\/features.html#breadcrumb","itemListElement":[{"@type":"ListItem","position":1,"name":"Home","item":"https:\/\/seranking.com\/it\/"},{"@type":"ListItem","position":2,"name":"Migliori strumenti di SEO online"}]},{"@type":"WebSite","@id":"https:\/\/seranking.com\/it\/#website","url":"https:\/\/seranking.com\/it\/","name":"SE Ranking Italian","description":"Software Seo per l&#039;analisi SEO a 360 \u00b0 del tuo sito Web","potentialAction":[{"@type":"SearchAction","target":{"@type":"EntryPoint","urlTemplate":"https:\/\/seranking.com\/it\/?s={search_term_string}"},"query-input":{"@type":"PropertyValueSpecification","valueRequired":true,"valueName":"search_term_string"}}],"inLanguage":"it-IT"}]}},"_links":{"self":[{"href":"https:\/\/seranking.com\/it\/wp-json\/wp\/v2\/pages\/12160","targetHints":{"allow":["GET"]}}],"collection":[{"href":"https:\/\/seranking.com\/it\/wp-json\/wp\/v2\/pages"}],"about":[{"href":"https:\/\/seranking.com\/it\/wp-json\/wp\/v2\/types\/page"}],"author":[{"embeddable":true,"href":"https:\/\/seranking.com\/it\/wp-json\/wp\/v2\/users\/271"}],"replies":[{"embeddable":true,"href":"https:\/\/seranking.com\/it\/wp-json\/wp\/v2\/comments?post=12160"}],"version-history":[{"count":0,"href":"https:\/\/seranking.com\/it\/wp-json\/wp\/v2\/pages\/12160\/revisions"}],"wp:attachment":[{"href":"https:\/\/seranking.com\/it\/wp-json\/wp\/v2\/media?parent=12160"}],"curies":[{"name":"wp","href":"https:\/\/api.w.org\/{rel}","templated":true}]}}