{"id":520,"date":"2019-03-19T11:37:41","date_gmt":"2019-03-19T11:37:41","guid":{"rendered":"https:\/\/zankovich-com.sr-srv.net\/de\/?page_id=520"},"modified":"2022-06-01T16:39:03","modified_gmt":"2022-06-01T16:39:03","slug":"why-seranking","status":"publish","type":"page","link":"https:\/\/seranking.com\/fr\/why-seranking.html","title":{"rendered":"Un outil SEO tout-en-un ultra simple"},"content":{"rendered":"","protected":false},"excerpt":{"rendered":"","protected":false},"author":1,"featured_media":0,"parent":0,"menu_order":0,"comment_status":"closed","ping_status":"closed","template":"page-templates\/why-seranking-new.php","meta":{"_acf_changed":false,"footnotes":""},"class_list":["post-520","page","type-page","status-publish","hentry"],"acf":[],"yoast_head":"<!-- This site is optimized with the Yoast SEO plugin v26.6 - https:\/\/yoast.com\/wordpress\/plugins\/seo\/ -->\n<title>Les avantages de SE Ranking qui boostent votre SEO<\/title>\n<meta name=\"description\" content=\"D\u00e9couvrez pourquoi SE Ranking est le choix pour 25 000 entreprises de toutes tailles et que nos clients appr\u00e9cient le plus dans notre outil SEO\" \/>\n<meta name=\"robots\" content=\"index, follow, max-snippet:-1, max-image-preview:large, max-video-preview:-1\" \/>\n<link rel=\"canonical\" href=\"https:\/\/seranking.com\/fr\/why-seranking.html\" \/>\n<meta property=\"og:locale\" content=\"fr_FR\" \/>\n<meta property=\"og:type\" content=\"article\" \/>\n<meta property=\"og:title\" content=\"Les avantages de SE Ranking qui boostent votre SEO\" \/>\n<meta property=\"og:description\" content=\"D\u00e9couvrez pourquoi SE Ranking est le choix pour 25 000 entreprises de toutes tailles et que nos clients appr\u00e9cient le plus dans notre outil SEO\" \/>\n<meta property=\"og:url\" content=\"https:\/\/seranking.com\/fr\/why-seranking.html\" \/>\n<meta property=\"og:site_name\" content=\"SE Ranking France\" \/>\n<meta property=\"article:modified_time\" content=\"2022-06-01T16:39:03+00:00\" \/>\n<meta property=\"og:image\" content=\"https:\/\/seranking.com\/fr\/wp-content\/uploads\/sites\/7\/2024\/09\/1200\u0445675.png\" \/>\n\t<meta property=\"og:image:width\" content=\"1200\" \/>\n\t<meta property=\"og:image:height\" content=\"675\" \/>\n\t<meta property=\"og:image:type\" content=\"image\/png\" \/>\n<meta name=\"twitter:card\" content=\"summary_large_image\" \/>\n<!-- \/ Yoast SEO plugin. -->","yoast_head_json":{"title":"Les avantages de SE Ranking qui boostent votre SEO","description":"D\u00e9couvrez pourquoi SE Ranking est le choix pour 25 000 entreprises de toutes tailles et que nos clients appr\u00e9cient le plus dans notre outil SEO","robots":{"index":"index","follow":"follow","max-snippet":"max-snippet:-1","max-image-preview":"max-image-preview:large","max-video-preview":"max-video-preview:-1"},"canonical":"https:\/\/seranking.com\/fr\/why-seranking.html","og_locale":"fr_FR","og_type":"article","og_title":"Les avantages de SE Ranking qui boostent votre SEO","og_description":"D\u00e9couvrez pourquoi SE Ranking est le choix pour 25 000 entreprises de toutes tailles et que nos clients appr\u00e9cient le plus dans notre outil SEO","og_url":"https:\/\/seranking.com\/fr\/why-seranking.html","og_site_name":"SE Ranking France","article_modified_time":"2022-06-01T16:39:03+00:00","og_image":[{"width":1200,"height":675,"url":"https:\/\/seranking.com\/fr\/wp-content\/uploads\/sites\/7\/2024\/09\/1200\u0445675.png","type":"image\/png"}],"twitter_card":"summary_large_image","schema":{"@context":"https:\/\/schema.org","@graph":[{"@type":"WebPage","@id":"https:\/\/seranking.com\/fr\/why-seranking.html","url":"https:\/\/seranking.com\/fr\/why-seranking.html","name":"Les avantages de SE Ranking qui boostent votre SEO","isPartOf":{"@id":"https:\/\/seranking.com\/fr\/#website"},"datePublished":"2019-03-19T11:37:41+00:00","dateModified":"2022-06-01T16:39:03+00:00","description":"D\u00e9couvrez pourquoi SE Ranking est le choix pour 25 000 entreprises de toutes tailles et que nos clients appr\u00e9cient le plus dans notre outil SEO","inLanguage":"fr-FR","potentialAction":[{"@type":"ReadAction","target":["https:\/\/seranking.com\/fr\/why-seranking.html"]}]},{"@type":"WebSite","@id":"https:\/\/seranking.com\/fr\/#website","url":"https:\/\/seranking.com\/fr\/","name":"SE Ranking France","description":"Logiciel de SEO pour l&#039;analyse compl\u00e8te du r\u00e9f\u00e9rencement de votre site Web","potentialAction":[{"@type":"SearchAction","target":{"@type":"EntryPoint","urlTemplate":"https:\/\/seranking.com\/fr\/?s={search_term_string}"},"query-input":{"@type":"PropertyValueSpecification","valueRequired":true,"valueName":"search_term_string"}}],"inLanguage":"fr-FR"}]}},"_links":{"self":[{"href":"https:\/\/seranking.com\/fr\/wp-json\/wp\/v2\/pages\/520","targetHints":{"allow":["GET"]}}],"collection":[{"href":"https:\/\/seranking.com\/fr\/wp-json\/wp\/v2\/pages"}],"about":[{"href":"https:\/\/seranking.com\/fr\/wp-json\/wp\/v2\/types\/page"}],"author":[{"embeddable":true,"href":"https:\/\/seranking.com\/fr\/wp-json\/wp\/v2\/users\/1"}],"replies":[{"embeddable":true,"href":"https:\/\/seranking.com\/fr\/wp-json\/wp\/v2\/comments?post=520"}],"version-history":[{"count":0,"href":"https:\/\/seranking.com\/fr\/wp-json\/wp\/v2\/pages\/520\/revisions"}],"wp:attachment":[{"href":"https:\/\/seranking.com\/fr\/wp-json\/wp\/v2\/media?parent=520"}],"curies":[{"name":"wp","href":"https:\/\/api.w.org\/{rel}","templated":true}]}}