{"id":47074,"date":"2026-03-17T15:52:01","date_gmt":"2026-03-17T15:52:01","guid":{"rendered":"https:\/\/seranking.com\/fr\/?page_id=47074"},"modified":"2026-03-17T15:52:02","modified_gmt":"2026-03-17T15:52:02","slug":"worthy-semrush-alternative","status":"publish","type":"page","link":"https:\/\/seranking.com\/fr\/worthy-semrush-alternative.html","title":{"rendered":"Vous en avez assez de Semrush\u00a0? Passez \u00e0 SE Ranking pour obtenir des informations plus approfondies"},"content":{"rendered":"","protected":false},"excerpt":{"rendered":"","protected":false},"author":358,"featured_media":0,"parent":0,"menu_order":0,"comment_status":"closed","ping_status":"closed","template":"page-templates\/worthy-alternative.php","meta":{"_acf_changed":false,"footnotes":""},"class_list":["post-47074","page","type-page","status-publish","hentry"],"acf":[],"yoast_head":"<!-- This site is optimized with the Yoast SEO plugin v26.6 - https:\/\/yoast.com\/wordpress\/plugins\/seo\/ -->\n<title>Comparaison entre SE Ranking et Semrush 2026\u00a0: quel est le meilleur outil ?<\/title>\n<meta name=\"description\" content=\"Plus de 1 000 000 d&#039;utilisateurs utilisent SE Ranking pour le r\u00e9f\u00e9rencement et le marketing. D\u00e9couvrez comment il se compare \u00e0 Semrush et pourquoi de plus en plus de professionnels optent pour cette solution.\" \/>\n<meta name=\"robots\" content=\"noindex, nofollow\" \/>\n<meta property=\"og:locale\" content=\"fr_FR\" \/>\n<meta property=\"og:type\" content=\"article\" \/>\n<meta property=\"og:title\" content=\"Comparaison entre SE Ranking et Semrush 2026\u00a0: quel est le meilleur outil ?\" \/>\n<meta property=\"og:description\" content=\"Plus de 1 000 000 d&#039;utilisateurs utilisent SE Ranking pour le r\u00e9f\u00e9rencement et le marketing. D\u00e9couvrez comment il se compare \u00e0 Semrush et pourquoi de plus en plus de professionnels optent pour cette solution.\" \/>\n<meta property=\"og:url\" content=\"https:\/\/seranking.com\/fr\/worthy-semrush-alternative.html\" \/>\n<meta property=\"og:site_name\" content=\"SE Ranking France\" \/>\n<meta property=\"article:modified_time\" content=\"2026-03-17T15:52:02+00:00\" \/>\n<meta property=\"og:image\" content=\"https:\/\/seranking.com\/fr\/wp-content\/uploads\/sites\/7\/2024\/09\/1200\u0445675.png\" \/>\n\t<meta property=\"og:image:width\" content=\"1200\" \/>\n\t<meta property=\"og:image:height\" content=\"675\" \/>\n\t<meta property=\"og:image:type\" content=\"image\/png\" \/>\n<meta name=\"twitter:card\" content=\"summary_large_image\" \/>\n<!-- \/ Yoast SEO plugin. -->","yoast_head_json":{"title":"Comparaison entre SE Ranking et Semrush 2026\u00a0: quel est le meilleur outil ?","description":"Plus de 1 000 000 d'utilisateurs utilisent SE Ranking pour le r\u00e9f\u00e9rencement et le marketing. D\u00e9couvrez comment il se compare \u00e0 Semrush et pourquoi de plus en plus de professionnels optent pour cette solution.","robots":{"index":"noindex","follow":"nofollow"},"og_locale":"fr_FR","og_type":"article","og_title":"Comparaison entre SE Ranking et Semrush 2026\u00a0: quel est le meilleur outil ?","og_description":"Plus de 1 000 000 d'utilisateurs utilisent SE Ranking pour le r\u00e9f\u00e9rencement et le marketing. D\u00e9couvrez comment il se compare \u00e0 Semrush et pourquoi de plus en plus de professionnels optent pour cette solution.","og_url":"https:\/\/seranking.com\/fr\/worthy-semrush-alternative.html","og_site_name":"SE Ranking France","article_modified_time":"2026-03-17T15:52:02+00:00","og_image":[{"width":1200,"height":675,"url":"https:\/\/seranking.com\/fr\/wp-content\/uploads\/sites\/7\/2024\/09\/1200\u0445675.png","type":"image\/png"}],"twitter_card":"summary_large_image","schema":{"@context":"https:\/\/schema.org","@graph":[{"@type":"WebPage","@id":"https:\/\/seranking.com\/fr\/worthy-semrush-alternative.html","url":"https:\/\/seranking.com\/fr\/worthy-semrush-alternative.html","name":"Comparaison entre SE Ranking et Semrush 2026\u00a0: quel est le meilleur outil ?","isPartOf":{"@id":"https:\/\/seranking.com\/fr\/#website"},"datePublished":"2026-03-17T15:52:01+00:00","dateModified":"2026-03-17T15:52:02+00:00","description":"Plus de 1 000 000 d'utilisateurs utilisent SE Ranking pour le r\u00e9f\u00e9rencement et le marketing. D\u00e9couvrez comment il se compare \u00e0 Semrush et pourquoi de plus en plus de professionnels optent pour cette solution.","inLanguage":"fr-FR","potentialAction":[{"@type":"ReadAction","target":["https:\/\/seranking.com\/fr\/worthy-semrush-alternative.html"]}]},{"@type":"WebSite","@id":"https:\/\/seranking.com\/fr\/#website","url":"https:\/\/seranking.com\/fr\/","name":"SE Ranking France","description":"Logiciel de SEO pour l&#039;analyse compl\u00e8te du r\u00e9f\u00e9rencement de votre site Web","potentialAction":[{"@type":"SearchAction","target":{"@type":"EntryPoint","urlTemplate":"https:\/\/seranking.com\/fr\/?s={search_term_string}"},"query-input":{"@type":"PropertyValueSpecification","valueRequired":true,"valueName":"search_term_string"}}],"inLanguage":"fr-FR"}]}},"_links":{"self":[{"href":"https:\/\/seranking.com\/fr\/wp-json\/wp\/v2\/pages\/47074","targetHints":{"allow":["GET"]}}],"collection":[{"href":"https:\/\/seranking.com\/fr\/wp-json\/wp\/v2\/pages"}],"about":[{"href":"https:\/\/seranking.com\/fr\/wp-json\/wp\/v2\/types\/page"}],"author":[{"embeddable":true,"href":"https:\/\/seranking.com\/fr\/wp-json\/wp\/v2\/users\/358"}],"replies":[{"embeddable":true,"href":"https:\/\/seranking.com\/fr\/wp-json\/wp\/v2\/comments?post=47074"}],"version-history":[{"count":18,"href":"https:\/\/seranking.com\/fr\/wp-json\/wp\/v2\/pages\/47074\/revisions"}],"predecessor-version":[{"id":47722,"href":"https:\/\/seranking.com\/fr\/wp-json\/wp\/v2\/pages\/47074\/revisions\/47722"}],"wp:attachment":[{"href":"https:\/\/seranking.com\/fr\/wp-json\/wp\/v2\/media?parent=47074"}],"curies":[{"name":"wp","href":"https:\/\/api.w.org\/{rel}","templated":true}]}}