{"id":45427,"date":"2025-11-17T15:20:42","date_gmt":"2025-11-17T15:20:42","guid":{"rendered":"https:\/\/seranking.com\/fr\/?page_id=45427"},"modified":"2025-12-04T09:36:19","modified_gmt":"2025-12-04T09:36:19","slug":"black-friday","status":"publish","type":"page","link":"https:\/\/seranking.com\/fr\/black-friday.html","title":{"rendered":"Black Friday"},"content":{"rendered":"","protected":false},"excerpt":{"rendered":"","protected":false},"author":343,"featured_media":0,"parent":0,"menu_order":0,"comment_status":"closed","ping_status":"closed","template":"page-templates\/black-friday-2025.php","meta":{"_acf_changed":false,"footnotes":""},"class_list":["post-45427","page","type-page","status-publish","hentry"],"acf":[],"yoast_head":"<!-- This site is optimized with the Yoast SEO plugin v26.6 - https:\/\/yoast.com\/wordpress\/plugins\/seo\/ -->\n<title>Offre Black Friday SE Ranking 2025<\/title>\n<meta name=\"description\" content=\"La promotion Black Friday de SE Ranking est enfin l\u00e0 ! Profitez de 20 % de r\u00e9duction sur un abonnement annuel et sur toutes les options annuelles !\" \/>\n<meta name=\"robots\" content=\"index, follow, max-snippet:-1, max-image-preview:large, max-video-preview:-1\" \/>\n<link rel=\"canonical\" href=\"https:\/\/seranking.com\/fr\/black-friday.html\" \/>\n<meta property=\"og:locale\" content=\"fr_FR\" \/>\n<meta property=\"og:type\" content=\"article\" \/>\n<meta property=\"og:title\" content=\"Offre Black Friday SE Ranking 2025\" \/>\n<meta property=\"og:description\" content=\"La promotion Black Friday de SE Ranking est enfin l\u00e0 ! Profitez de 20 % de r\u00e9duction sur un abonnement annuel et sur toutes les options annuelles !\" \/>\n<meta property=\"og:url\" content=\"https:\/\/seranking.com\/fr\/black-friday.html\" \/>\n<meta property=\"og:site_name\" content=\"SE Ranking France\" \/>\n<meta property=\"article:modified_time\" content=\"2025-12-04T09:36:19+00:00\" \/>\n<meta property=\"og:image\" content=\"https:\/\/seranking.com\/fr\/wp-content\/uploads\/sites\/7\/2024\/09\/1200\u0445675.png\" \/>\n\t<meta property=\"og:image:width\" content=\"1200\" \/>\n\t<meta property=\"og:image:height\" content=\"675\" \/>\n\t<meta property=\"og:image:type\" content=\"image\/png\" \/>\n<meta name=\"twitter:card\" content=\"summary_large_image\" \/>\n<!-- \/ Yoast SEO plugin. -->","yoast_head_json":{"title":"Offre Black Friday SE Ranking 2025","description":"La promotion Black Friday de SE Ranking est enfin l\u00e0 ! Profitez de 20 % de r\u00e9duction sur un abonnement annuel et sur toutes les options annuelles !","robots":{"index":"index","follow":"follow","max-snippet":"max-snippet:-1","max-image-preview":"max-image-preview:large","max-video-preview":"max-video-preview:-1"},"canonical":"https:\/\/seranking.com\/fr\/black-friday.html","og_locale":"fr_FR","og_type":"article","og_title":"Offre Black Friday SE Ranking 2025","og_description":"La promotion Black Friday de SE Ranking est enfin l\u00e0 ! Profitez de 20 % de r\u00e9duction sur un abonnement annuel et sur toutes les options annuelles !","og_url":"https:\/\/seranking.com\/fr\/black-friday.html","og_site_name":"SE Ranking France","article_modified_time":"2025-12-04T09:36:19+00:00","og_image":[{"width":1200,"height":675,"url":"https:\/\/seranking.com\/fr\/wp-content\/uploads\/sites\/7\/2024\/09\/1200\u0445675.png","type":"image\/png"}],"twitter_card":"summary_large_image","schema":{"@context":"https:\/\/schema.org","@graph":[{"@type":"WebPage","@id":"https:\/\/seranking.com\/fr\/black-friday.html","url":"https:\/\/seranking.com\/fr\/black-friday.html","name":"Offre Black Friday SE Ranking 2025","isPartOf":{"@id":"https:\/\/seranking.com\/fr\/#website"},"datePublished":"2025-11-17T15:20:42+00:00","dateModified":"2025-12-04T09:36:19+00:00","description":"La promotion Black Friday de SE Ranking est enfin l\u00e0 ! Profitez de 20 % de r\u00e9duction sur un abonnement annuel et sur toutes les options annuelles !","inLanguage":"fr-FR","potentialAction":[{"@type":"ReadAction","target":["https:\/\/seranking.com\/fr\/black-friday.html"]}]},{"@type":"WebSite","@id":"https:\/\/seranking.com\/fr\/#website","url":"https:\/\/seranking.com\/fr\/","name":"SE Ranking France","description":"Logiciel de SEO pour l&#039;analyse compl\u00e8te du r\u00e9f\u00e9rencement de votre site Web","potentialAction":[{"@type":"SearchAction","target":{"@type":"EntryPoint","urlTemplate":"https:\/\/seranking.com\/fr\/?s={search_term_string}"},"query-input":{"@type":"PropertyValueSpecification","valueRequired":true,"valueName":"search_term_string"}}],"inLanguage":"fr-FR"}]}},"_links":{"self":[{"href":"https:\/\/seranking.com\/fr\/wp-json\/wp\/v2\/pages\/45427","targetHints":{"allow":["GET"]}}],"collection":[{"href":"https:\/\/seranking.com\/fr\/wp-json\/wp\/v2\/pages"}],"about":[{"href":"https:\/\/seranking.com\/fr\/wp-json\/wp\/v2\/types\/page"}],"author":[{"embeddable":true,"href":"https:\/\/seranking.com\/fr\/wp-json\/wp\/v2\/users\/343"}],"replies":[{"embeddable":true,"href":"https:\/\/seranking.com\/fr\/wp-json\/wp\/v2\/comments?post=45427"}],"version-history":[{"count":12,"href":"https:\/\/seranking.com\/fr\/wp-json\/wp\/v2\/pages\/45427\/revisions"}],"predecessor-version":[{"id":45667,"href":"https:\/\/seranking.com\/fr\/wp-json\/wp\/v2\/pages\/45427\/revisions\/45667"}],"wp:attachment":[{"href":"https:\/\/seranking.com\/fr\/wp-json\/wp\/v2\/media?parent=45427"}],"curies":[{"name":"wp","href":"https:\/\/api.w.org\/{rel}","templated":true}]}}