{"id":43483,"date":"2025-08-02T17:51:06","date_gmt":"2025-08-02T17:51:06","guid":{"rendered":"https:\/\/seranking.com\/fr\/?page_id=43483"},"modified":"2025-08-02T17:51:07","modified_gmt":"2025-08-02T17:51:07","slug":"se-ranking-for-entrepreneurs","status":"publish","type":"page","link":"https:\/\/seranking.com\/fr\/se-ranking-for-entrepreneurs.html","title":{"rendered":"Prenez le contr\u00f4le de votre strat\u00e9gie SEO avec SE Ranking pour les entrepreneurs"},"content":{"rendered":"","protected":false},"excerpt":{"rendered":"","protected":false},"author":358,"featured_media":0,"parent":0,"menu_order":0,"comment_status":"closed","ping_status":"closed","template":"page-templates\/why-us.php","meta":{"_acf_changed":false,"footnotes":""},"class_list":["post-43483","page","type-page","status-publish","hentry"],"acf":[],"yoast_head":"<!-- This site is optimized with the Yoast SEO plugin v26.6 - https:\/\/yoast.com\/wordpress\/plugins\/seo\/ -->\n<title>Plateforme SE Ranking pour les entrepreneurs : g\u00e9rez votre SEO facilement<\/title>\n<meta name=\"description\" content=\"SE Ranking aide les entrepreneurs \u00e0 g\u00e9rer leur r\u00e9f\u00e9rencement et \u00e0 gagner du temps, pour leur permettre de se concentrer sur leur activit\u00e9. Mettez en avant votre site Web comme le font les pros du SEO.\" \/>\n<meta name=\"robots\" content=\"index, follow, max-snippet:-1, max-image-preview:large, max-video-preview:-1\" \/>\n<link rel=\"canonical\" href=\"https:\/\/seranking.com\/fr\/se-ranking-for-entrepreneurs.html\" \/>\n<meta property=\"og:locale\" content=\"fr_FR\" \/>\n<meta property=\"og:type\" content=\"article\" \/>\n<meta property=\"og:title\" content=\"Plateforme SE Ranking pour les entrepreneurs : g\u00e9rez votre SEO facilement\" \/>\n<meta property=\"og:description\" content=\"SE Ranking aide les entrepreneurs \u00e0 g\u00e9rer leur r\u00e9f\u00e9rencement et \u00e0 gagner du temps, pour leur permettre de se concentrer sur leur activit\u00e9. Mettez en avant votre site Web comme le font les pros du SEO.\" \/>\n<meta property=\"og:url\" content=\"https:\/\/seranking.com\/fr\/se-ranking-for-entrepreneurs.html\" \/>\n<meta property=\"og:site_name\" content=\"SE Ranking France\" \/>\n<meta property=\"article:modified_time\" content=\"2025-08-02T17:51:07+00:00\" \/>\n<meta property=\"og:image\" content=\"https:\/\/seranking.com\/fr\/wp-content\/uploads\/sites\/7\/2024\/09\/1200\u0445675.png\" \/>\n\t<meta property=\"og:image:width\" content=\"1200\" \/>\n\t<meta property=\"og:image:height\" content=\"675\" \/>\n\t<meta property=\"og:image:type\" content=\"image\/png\" \/>\n<meta name=\"twitter:card\" content=\"summary_large_image\" \/>\n<!-- \/ Yoast SEO plugin. -->","yoast_head_json":{"title":"Plateforme SE Ranking pour les entrepreneurs : g\u00e9rez votre SEO facilement","description":"SE Ranking aide les entrepreneurs \u00e0 g\u00e9rer leur r\u00e9f\u00e9rencement et \u00e0 gagner du temps, pour leur permettre de se concentrer sur leur activit\u00e9. Mettez en avant votre site Web comme le font les pros du SEO.","robots":{"index":"index","follow":"follow","max-snippet":"max-snippet:-1","max-image-preview":"max-image-preview:large","max-video-preview":"max-video-preview:-1"},"canonical":"https:\/\/seranking.com\/fr\/se-ranking-for-entrepreneurs.html","og_locale":"fr_FR","og_type":"article","og_title":"Plateforme SE Ranking pour les entrepreneurs : g\u00e9rez votre SEO facilement","og_description":"SE Ranking aide les entrepreneurs \u00e0 g\u00e9rer leur r\u00e9f\u00e9rencement et \u00e0 gagner du temps, pour leur permettre de se concentrer sur leur activit\u00e9. Mettez en avant votre site Web comme le font les pros du SEO.","og_url":"https:\/\/seranking.com\/fr\/se-ranking-for-entrepreneurs.html","og_site_name":"SE Ranking France","article_modified_time":"2025-08-02T17:51:07+00:00","og_image":[{"width":1200,"height":675,"url":"https:\/\/seranking.com\/fr\/wp-content\/uploads\/sites\/7\/2024\/09\/1200\u0445675.png","type":"image\/png"}],"twitter_card":"summary_large_image","schema":{"@context":"https:\/\/schema.org","@graph":[{"@type":"WebPage","@id":"https:\/\/seranking.com\/fr\/se-ranking-for-entrepreneurs.html","url":"https:\/\/seranking.com\/fr\/se-ranking-for-entrepreneurs.html","name":"Plateforme SE Ranking pour les entrepreneurs : g\u00e9rez votre SEO facilement","isPartOf":{"@id":"https:\/\/seranking.com\/fr\/#website"},"datePublished":"2025-08-02T17:51:06+00:00","dateModified":"2025-08-02T17:51:07+00:00","description":"SE Ranking aide les entrepreneurs \u00e0 g\u00e9rer leur r\u00e9f\u00e9rencement et \u00e0 gagner du temps, pour leur permettre de se concentrer sur leur activit\u00e9. Mettez en avant votre site Web comme le font les pros du SEO.","inLanguage":"fr-FR","potentialAction":[{"@type":"ReadAction","target":["https:\/\/seranking.com\/fr\/se-ranking-for-entrepreneurs.html"]}]},{"@type":"WebSite","@id":"https:\/\/seranking.com\/fr\/#website","url":"https:\/\/seranking.com\/fr\/","name":"SE Ranking France","description":"Logiciel de SEO pour l&#039;analyse compl\u00e8te du r\u00e9f\u00e9rencement de votre site Web","potentialAction":[{"@type":"SearchAction","target":{"@type":"EntryPoint","urlTemplate":"https:\/\/seranking.com\/fr\/?s={search_term_string}"},"query-input":{"@type":"PropertyValueSpecification","valueRequired":true,"valueName":"search_term_string"}}],"inLanguage":"fr-FR"}]}},"_links":{"self":[{"href":"https:\/\/seranking.com\/fr\/wp-json\/wp\/v2\/pages\/43483","targetHints":{"allow":["GET"]}}],"collection":[{"href":"https:\/\/seranking.com\/fr\/wp-json\/wp\/v2\/pages"}],"about":[{"href":"https:\/\/seranking.com\/fr\/wp-json\/wp\/v2\/types\/page"}],"author":[{"embeddable":true,"href":"https:\/\/seranking.com\/fr\/wp-json\/wp\/v2\/users\/358"}],"replies":[{"embeddable":true,"href":"https:\/\/seranking.com\/fr\/wp-json\/wp\/v2\/comments?post=43483"}],"version-history":[{"count":11,"href":"https:\/\/seranking.com\/fr\/wp-json\/wp\/v2\/pages\/43483\/revisions"}],"predecessor-version":[{"id":43783,"href":"https:\/\/seranking.com\/fr\/wp-json\/wp\/v2\/pages\/43483\/revisions\/43783"}],"wp:attachment":[{"href":"https:\/\/seranking.com\/fr\/wp-json\/wp\/v2\/media?parent=43483"}],"curies":[{"name":"wp","href":"https:\/\/api.w.org\/{rel}","templated":true}]}}