{"id":43081,"date":"2025-07-24T11:12:12","date_gmt":"2025-07-24T11:12:12","guid":{"rendered":"https:\/\/seranking.com\/fr\/?page_id=43081"},"modified":"2026-03-02T16:53:26","modified_gmt":"2026-03-02T16:53:26","slug":"tableau-de-bord-seo","status":"publish","type":"page","link":"https:\/\/seranking.com\/fr\/tableau-de-bord-seo.html","title":{"rendered":"Tableau de bord SEO"},"content":{"rendered":"","protected":false},"excerpt":{"rendered":"","protected":false},"author":271,"featured_media":0,"parent":0,"menu_order":0,"comment_status":"closed","ping_status":"closed","template":"page-templates\/seo-dashboard.php","meta":{"_acf_changed":false,"footnotes":""},"class_list":["post-43081","page","type-page","status-publish","hentry"],"acf":[],"yoast_head":"<!-- This site is optimized with the Yoast SEO plugin v26.6 - https:\/\/yoast.com\/wordpress\/plugins\/seo\/ -->\n<title>Tableau de bord SEO | Contr\u00f4lez vos projets de r\u00e9f\u00e9rencement<\/title>\n<meta name=\"description\" content=\"Suivez trafic, positions, backlinks et davantage avec le tableau de bord SEO personnalisable de SE Ranking. Connectez GA4, GSC, Matomo. Essayez gratuitement.\" \/>\n<meta name=\"robots\" content=\"index, follow, max-snippet:-1, max-image-preview:large, max-video-preview:-1\" \/>\n<link rel=\"canonical\" href=\"https:\/\/seranking.com\/fr\/tableau-de-bord-seo.html\" \/>\n<meta property=\"og:locale\" content=\"fr_FR\" \/>\n<meta property=\"og:type\" content=\"article\" \/>\n<meta property=\"og:title\" content=\"Tableau de bord SEO | Contr\u00f4lez vos projets de r\u00e9f\u00e9rencement\" \/>\n<meta property=\"og:description\" content=\"Suivez trafic, positions, backlinks et davantage avec le tableau de bord SEO personnalisable de SE Ranking. Connectez GA4, GSC, Matomo. Essayez gratuitement.\" \/>\n<meta property=\"og:url\" content=\"https:\/\/seranking.com\/fr\/tableau-de-bord-seo.html\" \/>\n<meta property=\"og:site_name\" content=\"SE Ranking France\" \/>\n<meta property=\"article:modified_time\" content=\"2026-03-02T16:53:26+00:00\" \/>\n<meta property=\"og:image\" content=\"https:\/\/seranking.com\/fr\/wp-content\/uploads\/sites\/7\/2024\/09\/1200\u0445675.png\" \/>\n\t<meta property=\"og:image:width\" content=\"1200\" \/>\n\t<meta property=\"og:image:height\" content=\"675\" \/>\n\t<meta property=\"og:image:type\" content=\"image\/png\" \/>\n<meta name=\"twitter:card\" content=\"summary_large_image\" \/>\n<!-- \/ Yoast SEO plugin. -->","yoast_head_json":{"title":"Tableau de bord SEO | Contr\u00f4lez vos projets de r\u00e9f\u00e9rencement","description":"Suivez trafic, positions, backlinks et davantage avec le tableau de bord SEO personnalisable de SE Ranking. Connectez GA4, GSC, Matomo. Essayez gratuitement.","robots":{"index":"index","follow":"follow","max-snippet":"max-snippet:-1","max-image-preview":"max-image-preview:large","max-video-preview":"max-video-preview:-1"},"canonical":"https:\/\/seranking.com\/fr\/tableau-de-bord-seo.html","og_locale":"fr_FR","og_type":"article","og_title":"Tableau de bord SEO | Contr\u00f4lez vos projets de r\u00e9f\u00e9rencement","og_description":"Suivez trafic, positions, backlinks et davantage avec le tableau de bord SEO personnalisable de SE Ranking. Connectez GA4, GSC, Matomo. Essayez gratuitement.","og_url":"https:\/\/seranking.com\/fr\/tableau-de-bord-seo.html","og_site_name":"SE Ranking France","article_modified_time":"2026-03-02T16:53:26+00:00","og_image":[{"width":1200,"height":675,"url":"https:\/\/seranking.com\/fr\/wp-content\/uploads\/sites\/7\/2024\/09\/1200\u0445675.png","type":"image\/png"}],"twitter_card":"summary_large_image","schema":{"@context":"https:\/\/schema.org","@graph":[{"@type":"WebPage","@id":"https:\/\/seranking.com\/fr\/tableau-de-bord-seo.html","url":"https:\/\/seranking.com\/fr\/tableau-de-bord-seo.html","name":"Tableau de bord SEO | Contr\u00f4lez vos projets de r\u00e9f\u00e9rencement","isPartOf":{"@id":"https:\/\/seranking.com\/fr\/#website"},"datePublished":"2025-07-24T11:12:12+00:00","dateModified":"2026-03-02T16:53:26+00:00","description":"Suivez trafic, positions, backlinks et davantage avec le tableau de bord SEO personnalisable de SE Ranking. Connectez GA4, GSC, Matomo. Essayez gratuitement.","inLanguage":"fr-FR","potentialAction":[{"@type":"ReadAction","target":["https:\/\/seranking.com\/fr\/tableau-de-bord-seo.html"]}]},{"@type":"WebSite","@id":"https:\/\/seranking.com\/fr\/#website","url":"https:\/\/seranking.com\/fr\/","name":"SE Ranking France","description":"Logiciel de SEO pour l&#039;analyse compl\u00e8te du r\u00e9f\u00e9rencement de votre site Web","potentialAction":[{"@type":"SearchAction","target":{"@type":"EntryPoint","urlTemplate":"https:\/\/seranking.com\/fr\/?s={search_term_string}"},"query-input":{"@type":"PropertyValueSpecification","valueRequired":true,"valueName":"search_term_string"}}],"inLanguage":"fr-FR"}]}},"_links":{"self":[{"href":"https:\/\/seranking.com\/fr\/wp-json\/wp\/v2\/pages\/43081","targetHints":{"allow":["GET"]}}],"collection":[{"href":"https:\/\/seranking.com\/fr\/wp-json\/wp\/v2\/pages"}],"about":[{"href":"https:\/\/seranking.com\/fr\/wp-json\/wp\/v2\/types\/page"}],"author":[{"embeddable":true,"href":"https:\/\/seranking.com\/fr\/wp-json\/wp\/v2\/users\/271"}],"replies":[{"embeddable":true,"href":"https:\/\/seranking.com\/fr\/wp-json\/wp\/v2\/comments?post=43081"}],"version-history":[{"count":12,"href":"https:\/\/seranking.com\/fr\/wp-json\/wp\/v2\/pages\/43081\/revisions"}],"predecessor-version":[{"id":47272,"href":"https:\/\/seranking.com\/fr\/wp-json\/wp\/v2\/pages\/43081\/revisions\/47272"}],"wp:attachment":[{"href":"https:\/\/seranking.com\/fr\/wp-json\/wp\/v2\/media?parent=43081"}],"curies":[{"name":"wp","href":"https:\/\/api.w.org\/{rel}","templated":true}]}}