{"id":41893,"date":"2025-07-02T13:34:47","date_gmt":"2025-07-02T13:34:47","guid":{"rendered":"https:\/\/seranking.com\/fr\/?page_id=41893"},"modified":"2025-07-02T13:34:48","modified_gmt":"2025-07-02T13:34:48","slug":"changer-localisation-google","status":"publish","type":"page","link":"https:\/\/seranking.com\/fr\/outils-gratuits\/changer-localisation-google.html","title":{"rendered":"Changer ma localisation sur Google"},"content":{"rendered":"","protected":false},"excerpt":{"rendered":"","protected":false},"author":271,"featured_media":0,"parent":32290,"menu_order":0,"comment_status":"closed","ping_status":"closed","template":"page-templates\/google-location-changer-2025.php","meta":{"_acf_changed":false,"footnotes":""},"class_list":["post-41893","page","type-page","status-publish","hentry"],"acf":[],"yoast_head":"<!-- This site is optimized with the Yoast SEO plugin v26.6 - https:\/\/yoast.com\/wordpress\/plugins\/seo\/ -->\n<title>Google Location Changer | Changer ma position sur Google<\/title>\n<meta name=\"description\" content=\"Besoin de changer votre position sur Google ou de simuler une autre localisation ? Utilisez notre outil pour obtenir des r\u00e9sultats de recherche pertinents.\" \/>\n<meta name=\"robots\" content=\"index, follow, max-snippet:-1, max-image-preview:large, max-video-preview:-1\" \/>\n<link rel=\"canonical\" href=\"https:\/\/seranking.com\/fr\/outils-gratuits\/changer-localisation-google.html\" \/>\n<meta property=\"og:locale\" content=\"fr_FR\" \/>\n<meta property=\"og:type\" content=\"article\" \/>\n<meta property=\"og:title\" content=\"Google Location Changer | Changer ma position sur Google\" \/>\n<meta property=\"og:description\" content=\"Besoin de changer votre position sur Google ou de simuler une autre localisation ? Utilisez notre outil pour obtenir des r\u00e9sultats de recherche pertinents.\" \/>\n<meta property=\"og:url\" content=\"https:\/\/seranking.com\/fr\/outils-gratuits\/changer-localisation-google.html\" \/>\n<meta property=\"og:site_name\" content=\"SE Ranking France\" \/>\n<meta property=\"article:modified_time\" content=\"2025-07-02T13:34:48+00:00\" \/>\n<meta property=\"og:image\" content=\"https:\/\/seranking.com\/fr\/wp-content\/uploads\/sites\/7\/2024\/09\/1200\u0445675.png\" \/>\n\t<meta property=\"og:image:width\" content=\"1200\" \/>\n\t<meta property=\"og:image:height\" content=\"675\" \/>\n\t<meta property=\"og:image:type\" content=\"image\/png\" \/>\n<meta name=\"twitter:card\" content=\"summary_large_image\" \/>\n<!-- \/ Yoast SEO plugin. -->","yoast_head_json":{"title":"Google Location Changer | Changer ma position sur Google","description":"Besoin de changer votre position sur Google ou de simuler une autre localisation ? Utilisez notre outil pour obtenir des r\u00e9sultats de recherche pertinents.","robots":{"index":"index","follow":"follow","max-snippet":"max-snippet:-1","max-image-preview":"max-image-preview:large","max-video-preview":"max-video-preview:-1"},"canonical":"https:\/\/seranking.com\/fr\/outils-gratuits\/changer-localisation-google.html","og_locale":"fr_FR","og_type":"article","og_title":"Google Location Changer | Changer ma position sur Google","og_description":"Besoin de changer votre position sur Google ou de simuler une autre localisation ? Utilisez notre outil pour obtenir des r\u00e9sultats de recherche pertinents.","og_url":"https:\/\/seranking.com\/fr\/outils-gratuits\/changer-localisation-google.html","og_site_name":"SE Ranking France","article_modified_time":"2025-07-02T13:34:48+00:00","og_image":[{"width":1200,"height":675,"url":"https:\/\/seranking.com\/fr\/wp-content\/uploads\/sites\/7\/2024\/09\/1200\u0445675.png","type":"image\/png"}],"twitter_card":"summary_large_image","schema":{"@context":"https:\/\/schema.org","@graph":[{"@type":"WebPage","@id":"https:\/\/seranking.com\/fr\/outils-gratuits\/changer-localisation-google.html","url":"https:\/\/seranking.com\/fr\/outils-gratuits\/changer-localisation-google.html","name":"Google Location Changer | Changer ma position sur Google","isPartOf":{"@id":"https:\/\/seranking.com\/fr\/#website"},"datePublished":"2025-07-02T13:34:47+00:00","dateModified":"2025-07-02T13:34:48+00:00","description":"Besoin de changer votre position sur Google ou de simuler une autre localisation ? Utilisez notre outil pour obtenir des r\u00e9sultats de recherche pertinents.","breadcrumb":{"@id":"https:\/\/seranking.com\/fr\/outils-gratuits\/changer-localisation-google.html#breadcrumb"},"inLanguage":"fr-FR","potentialAction":[{"@type":"ReadAction","target":["https:\/\/seranking.com\/fr\/outils-gratuits\/changer-localisation-google.html"]}]},{"@type":"BreadcrumbList","@id":"https:\/\/seranking.com\/fr\/outils-gratuits\/changer-localisation-google.html#breadcrumb","itemListElement":[{"@type":"ListItem","position":1,"name":"Outils SEO Gratuits","item":"https:\/\/seranking.com\/fr\/outils-gratuits.html"},{"@type":"ListItem","position":2,"name":"Changer ma localisation sur Google"}]},{"@type":"WebSite","@id":"https:\/\/seranking.com\/fr\/#website","url":"https:\/\/seranking.com\/fr\/","name":"SE Ranking France","description":"Logiciel de SEO pour l&#039;analyse compl\u00e8te du r\u00e9f\u00e9rencement de votre site Web","potentialAction":[{"@type":"SearchAction","target":{"@type":"EntryPoint","urlTemplate":"https:\/\/seranking.com\/fr\/?s={search_term_string}"},"query-input":{"@type":"PropertyValueSpecification","valueRequired":true,"valueName":"search_term_string"}}],"inLanguage":"fr-FR"}]}},"_links":{"self":[{"href":"https:\/\/seranking.com\/fr\/wp-json\/wp\/v2\/pages\/41893","targetHints":{"allow":["GET"]}}],"collection":[{"href":"https:\/\/seranking.com\/fr\/wp-json\/wp\/v2\/pages"}],"about":[{"href":"https:\/\/seranking.com\/fr\/wp-json\/wp\/v2\/types\/page"}],"author":[{"embeddable":true,"href":"https:\/\/seranking.com\/fr\/wp-json\/wp\/v2\/users\/271"}],"replies":[{"embeddable":true,"href":"https:\/\/seranking.com\/fr\/wp-json\/wp\/v2\/comments?post=41893"}],"version-history":[{"count":0,"href":"https:\/\/seranking.com\/fr\/wp-json\/wp\/v2\/pages\/41893\/revisions"}],"up":[{"embeddable":true,"href":"https:\/\/seranking.com\/fr\/wp-json\/wp\/v2\/pages\/32290"}],"wp:attachment":[{"href":"https:\/\/seranking.com\/fr\/wp-json\/wp\/v2\/media?parent=41893"}],"curies":[{"name":"wp","href":"https:\/\/api.w.org\/{rel}","templated":true}]}}