{"id":38635,"date":"2025-03-18T11:31:19","date_gmt":"2025-03-18T11:31:19","guid":{"rendered":"https:\/\/seranking.com\/fr\/?page_id=38635"},"modified":"2025-03-18T11:31:19","modified_gmt":"2025-03-18T11:31:19","slug":"test-performance-site","status":"publish","type":"page","link":"https:\/\/seranking.com\/fr\/outils-gratuits\/test-performance-site.html","title":{"rendered":"Tester la performance d&#8217;un site Web"},"content":{"rendered":"","protected":false},"excerpt":{"rendered":"","protected":false},"author":412,"featured_media":0,"parent":32290,"menu_order":0,"comment_status":"closed","ping_status":"closed","template":"page-templates\/microtools.php","meta":{"_acf_changed":false,"footnotes":""},"class_list":["post-38635","page","type-page","status-publish","hentry"],"acf":[],"yoast_head":"<!-- This site is optimized with the Yoast SEO plugin v26.6 - https:\/\/yoast.com\/wordpress\/plugins\/seo\/ -->\n<title>Tester la performance de son site Web gratuitement<\/title>\n<meta name=\"description\" content=\"L\u2019outil effectue un test de vitesse pour vos URLs et indique \u00e0 quelle vitesse les visiteurs peuvent acc\u00e9der \u00e0 votre site.\" \/>\n<meta name=\"robots\" content=\"index, follow, max-snippet:-1, max-image-preview:large, max-video-preview:-1\" \/>\n<link rel=\"canonical\" href=\"https:\/\/seranking.com\/fr\/outils-gratuits\/test-performance-site.html\" \/>\n<meta property=\"og:locale\" content=\"fr_FR\" \/>\n<meta property=\"og:type\" content=\"article\" \/>\n<meta property=\"og:title\" content=\"Tester la performance de son site Web gratuitement\" \/>\n<meta property=\"og:description\" content=\"L\u2019outil effectue un test de vitesse pour vos URLs et indique \u00e0 quelle vitesse les visiteurs peuvent acc\u00e9der \u00e0 votre site.\" \/>\n<meta property=\"og:url\" content=\"https:\/\/seranking.com\/fr\/outils-gratuits\/test-performance-site.html\" \/>\n<meta property=\"og:site_name\" content=\"SE Ranking France\" \/>\n<meta property=\"og:image\" content=\"https:\/\/seranking.com\/fr\/wp-content\/uploads\/sites\/7\/2024\/09\/1200\u0445675.png\" \/>\n\t<meta property=\"og:image:width\" content=\"1200\" \/>\n\t<meta property=\"og:image:height\" content=\"675\" \/>\n\t<meta property=\"og:image:type\" content=\"image\/png\" \/>\n<meta name=\"twitter:card\" content=\"summary_large_image\" \/>\n<!-- \/ Yoast SEO plugin. -->","yoast_head_json":{"title":"Tester la performance de son site Web gratuitement","description":"L\u2019outil effectue un test de vitesse pour vos URLs et indique \u00e0 quelle vitesse les visiteurs peuvent acc\u00e9der \u00e0 votre site.","robots":{"index":"index","follow":"follow","max-snippet":"max-snippet:-1","max-image-preview":"max-image-preview:large","max-video-preview":"max-video-preview:-1"},"canonical":"https:\/\/seranking.com\/fr\/outils-gratuits\/test-performance-site.html","og_locale":"fr_FR","og_type":"article","og_title":"Tester la performance de son site Web gratuitement","og_description":"L\u2019outil effectue un test de vitesse pour vos URLs et indique \u00e0 quelle vitesse les visiteurs peuvent acc\u00e9der \u00e0 votre site.","og_url":"https:\/\/seranking.com\/fr\/outils-gratuits\/test-performance-site.html","og_site_name":"SE Ranking France","og_image":[{"width":1200,"height":675,"url":"https:\/\/seranking.com\/fr\/wp-content\/uploads\/sites\/7\/2024\/09\/1200\u0445675.png","type":"image\/png"}],"twitter_card":"summary_large_image","schema":{"@context":"https:\/\/schema.org","@graph":[{"@type":"WebPage","@id":"https:\/\/seranking.com\/fr\/outils-gratuits\/test-performance-site.html","url":"https:\/\/seranking.com\/fr\/outils-gratuits\/test-performance-site.html","name":"Tester la performance de son site Web gratuitement","isPartOf":{"@id":"https:\/\/seranking.com\/fr\/#website"},"datePublished":"2025-03-18T11:31:19+00:00","description":"L\u2019outil effectue un test de vitesse pour vos URLs et indique \u00e0 quelle vitesse les visiteurs peuvent acc\u00e9der \u00e0 votre site.","breadcrumb":{"@id":"https:\/\/seranking.com\/fr\/outils-gratuits\/test-performance-site.html#breadcrumb"},"inLanguage":"fr-FR","potentialAction":[{"@type":"ReadAction","target":["https:\/\/seranking.com\/fr\/outils-gratuits\/test-performance-site.html"]}]},{"@type":"BreadcrumbList","@id":"https:\/\/seranking.com\/fr\/outils-gratuits\/test-performance-site.html#breadcrumb","itemListElement":[{"@type":"ListItem","position":1,"name":"Outils SEO Gratuits","item":"https:\/\/seranking.com\/fr\/outils-gratuits.html"},{"@type":"ListItem","position":2,"name":"Tester la performance d&#8217;un site Web"}]},{"@type":"WebSite","@id":"https:\/\/seranking.com\/fr\/#website","url":"https:\/\/seranking.com\/fr\/","name":"SE Ranking France","description":"Logiciel de SEO pour l&#039;analyse compl\u00e8te du r\u00e9f\u00e9rencement de votre site Web","potentialAction":[{"@type":"SearchAction","target":{"@type":"EntryPoint","urlTemplate":"https:\/\/seranking.com\/fr\/?s={search_term_string}"},"query-input":{"@type":"PropertyValueSpecification","valueRequired":true,"valueName":"search_term_string"}}],"inLanguage":"fr-FR"}]}},"_links":{"self":[{"href":"https:\/\/seranking.com\/fr\/wp-json\/wp\/v2\/pages\/38635","targetHints":{"allow":["GET"]}}],"collection":[{"href":"https:\/\/seranking.com\/fr\/wp-json\/wp\/v2\/pages"}],"about":[{"href":"https:\/\/seranking.com\/fr\/wp-json\/wp\/v2\/types\/page"}],"author":[{"embeddable":true,"href":"https:\/\/seranking.com\/fr\/wp-json\/wp\/v2\/users\/412"}],"replies":[{"embeddable":true,"href":"https:\/\/seranking.com\/fr\/wp-json\/wp\/v2\/comments?post=38635"}],"version-history":[{"count":0,"href":"https:\/\/seranking.com\/fr\/wp-json\/wp\/v2\/pages\/38635\/revisions"}],"up":[{"embeddable":true,"href":"https:\/\/seranking.com\/fr\/wp-json\/wp\/v2\/pages\/32290"}],"wp:attachment":[{"href":"https:\/\/seranking.com\/fr\/wp-json\/wp\/v2\/media?parent=38635"}],"curies":[{"name":"wp","href":"https:\/\/api.w.org\/{rel}","templated":true}]}}