{"id":36289,"date":"2025-02-05T11:15:33","date_gmt":"2025-02-05T11:15:33","guid":{"rendered":"https:\/\/seranking.com\/fr\/?page_id=36289"},"modified":"2025-10-15T13:56:32","modified_gmt":"2025-10-15T13:56:32","slug":"generateur-texte-ia","status":"publish","type":"page","link":"https:\/\/seranking.com\/fr\/generateur-texte-ia.html","title":{"rendered":"G\u00e9n\u00e9rateur de texte IA\u00a0"},"content":{"rendered":"","protected":false},"excerpt":{"rendered":"","protected":false},"author":376,"featured_media":0,"parent":0,"menu_order":0,"comment_status":"closed","ping_status":"closed","template":"page-templates\/ai-writer-2024.php","meta":{"_acf_changed":false,"footnotes":""},"class_list":["post-36289","page","type-page","status-publish","hentry"],"acf":[],"yoast_head":"<!-- This site is optimized with the Yoast SEO plugin v26.6 - https:\/\/yoast.com\/wordpress\/plugins\/seo\/ -->\n<title>G\u00e9n\u00e9rateur de texte IA pour vos besoins SEO<\/title>\n<meta name=\"description\" content=\"Cr\u00e9ez des textes de haute qualit\u00e9 et optimis\u00e9s en SEO en un rien de temps. Avec le g\u00e9n\u00e9rateur de texte IA de SE Ranking, obtenez des id\u00e9es de sujets, des plans d\u00e9taill\u00e9s et des paragraphes r\u00e9dig\u00e9s automatiquement.\" \/>\n<meta name=\"robots\" content=\"index, follow, max-snippet:-1, max-image-preview:large, max-video-preview:-1\" \/>\n<link rel=\"canonical\" href=\"https:\/\/seranking.com\/fr\/generateur-texte-ia.html\" \/>\n<meta property=\"og:locale\" content=\"fr_FR\" \/>\n<meta property=\"og:type\" content=\"article\" \/>\n<meta property=\"og:title\" content=\"G\u00e9n\u00e9rateur de texte IA pour vos besoins SEO\" \/>\n<meta property=\"og:description\" content=\"Cr\u00e9ez des textes de haute qualit\u00e9 et optimis\u00e9s en SEO en un rien de temps. Avec le g\u00e9n\u00e9rateur de texte IA de SE Ranking, obtenez des id\u00e9es de sujets, des plans d\u00e9taill\u00e9s et des paragraphes r\u00e9dig\u00e9s automatiquement.\" \/>\n<meta property=\"og:url\" content=\"https:\/\/seranking.com\/fr\/generateur-texte-ia.html\" \/>\n<meta property=\"og:site_name\" content=\"SE Ranking France\" \/>\n<meta property=\"article:modified_time\" content=\"2025-10-15T13:56:32+00:00\" \/>\n<meta property=\"og:image\" content=\"https:\/\/seranking.com\/fr\/wp-content\/uploads\/sites\/7\/2024\/09\/1200\u0445675.png\" \/>\n\t<meta property=\"og:image:width\" content=\"1200\" \/>\n\t<meta property=\"og:image:height\" content=\"675\" \/>\n\t<meta property=\"og:image:type\" content=\"image\/png\" \/>\n<meta name=\"twitter:card\" content=\"summary_large_image\" \/>\n<!-- \/ Yoast SEO plugin. -->","yoast_head_json":{"title":"G\u00e9n\u00e9rateur de texte IA pour vos besoins SEO","description":"Cr\u00e9ez des textes de haute qualit\u00e9 et optimis\u00e9s en SEO en un rien de temps. Avec le g\u00e9n\u00e9rateur de texte IA de SE Ranking, obtenez des id\u00e9es de sujets, des plans d\u00e9taill\u00e9s et des paragraphes r\u00e9dig\u00e9s automatiquement.","robots":{"index":"index","follow":"follow","max-snippet":"max-snippet:-1","max-image-preview":"max-image-preview:large","max-video-preview":"max-video-preview:-1"},"canonical":"https:\/\/seranking.com\/fr\/generateur-texte-ia.html","og_locale":"fr_FR","og_type":"article","og_title":"G\u00e9n\u00e9rateur de texte IA pour vos besoins SEO","og_description":"Cr\u00e9ez des textes de haute qualit\u00e9 et optimis\u00e9s en SEO en un rien de temps. Avec le g\u00e9n\u00e9rateur de texte IA de SE Ranking, obtenez des id\u00e9es de sujets, des plans d\u00e9taill\u00e9s et des paragraphes r\u00e9dig\u00e9s automatiquement.","og_url":"https:\/\/seranking.com\/fr\/generateur-texte-ia.html","og_site_name":"SE Ranking France","article_modified_time":"2025-10-15T13:56:32+00:00","og_image":[{"width":1200,"height":675,"url":"https:\/\/seranking.com\/fr\/wp-content\/uploads\/sites\/7\/2024\/09\/1200\u0445675.png","type":"image\/png"}],"twitter_card":"summary_large_image","schema":{"@context":"https:\/\/schema.org","@graph":[{"@type":"WebPage","@id":"https:\/\/seranking.com\/fr\/generateur-texte-ia.html","url":"https:\/\/seranking.com\/fr\/generateur-texte-ia.html","name":"G\u00e9n\u00e9rateur de texte IA pour vos besoins SEO","isPartOf":{"@id":"https:\/\/seranking.com\/fr\/#website"},"datePublished":"2025-02-05T11:15:33+00:00","dateModified":"2025-10-15T13:56:32+00:00","description":"Cr\u00e9ez des textes de haute qualit\u00e9 et optimis\u00e9s en SEO en un rien de temps. Avec le g\u00e9n\u00e9rateur de texte IA de SE Ranking, obtenez des id\u00e9es de sujets, des plans d\u00e9taill\u00e9s et des paragraphes r\u00e9dig\u00e9s automatiquement.","inLanguage":"fr-FR","potentialAction":[{"@type":"ReadAction","target":["https:\/\/seranking.com\/fr\/generateur-texte-ia.html"]}]},{"@type":"WebSite","@id":"https:\/\/seranking.com\/fr\/#website","url":"https:\/\/seranking.com\/fr\/","name":"SE Ranking France","description":"Logiciel de SEO pour l&#039;analyse compl\u00e8te du r\u00e9f\u00e9rencement de votre site Web","potentialAction":[{"@type":"SearchAction","target":{"@type":"EntryPoint","urlTemplate":"https:\/\/seranking.com\/fr\/?s={search_term_string}"},"query-input":{"@type":"PropertyValueSpecification","valueRequired":true,"valueName":"search_term_string"}}],"inLanguage":"fr-FR"}]}},"_links":{"self":[{"href":"https:\/\/seranking.com\/fr\/wp-json\/wp\/v2\/pages\/36289","targetHints":{"allow":["GET"]}}],"collection":[{"href":"https:\/\/seranking.com\/fr\/wp-json\/wp\/v2\/pages"}],"about":[{"href":"https:\/\/seranking.com\/fr\/wp-json\/wp\/v2\/types\/page"}],"author":[{"embeddable":true,"href":"https:\/\/seranking.com\/fr\/wp-json\/wp\/v2\/users\/376"}],"replies":[{"embeddable":true,"href":"https:\/\/seranking.com\/fr\/wp-json\/wp\/v2\/comments?post=36289"}],"version-history":[{"count":1,"href":"https:\/\/seranking.com\/fr\/wp-json\/wp\/v2\/pages\/36289\/revisions"}],"predecessor-version":[{"id":44887,"href":"https:\/\/seranking.com\/fr\/wp-json\/wp\/v2\/pages\/36289\/revisions\/44887"}],"wp:attachment":[{"href":"https:\/\/seranking.com\/fr\/wp-json\/wp\/v2\/media?parent=36289"}],"curies":[{"name":"wp","href":"https:\/\/api.w.org\/{rel}","templated":true}]}}