{"id":36184,"date":"2024-12-13T11:24:10","date_gmt":"2024-12-13T11:24:10","guid":{"rendered":"https:\/\/seranking.com\/fr\/?page_id=36184"},"modified":"2024-12-13T11:24:10","modified_gmt":"2024-12-13T11:24:10","slug":"compteur-de-mots","status":"publish","type":"page","link":"https:\/\/seranking.com\/fr\/outils-gratuits\/compteur-de-mots.html","title":{"rendered":"Compteur de mots"},"content":{"rendered":"","protected":false},"excerpt":{"rendered":"","protected":false},"author":412,"featured_media":0,"parent":32290,"menu_order":0,"comment_status":"closed","ping_status":"closed","template":"page-templates\/microtools.php","meta":{"_acf_changed":false,"footnotes":""},"class_list":["post-36184","page","type-page","status-publish","hentry"],"acf":[],"yoast_head":"<!-- This site is optimized with the Yoast SEO plugin v26.6 - https:\/\/yoast.com\/wordpress\/plugins\/seo\/ -->\n<title>Compteur de mots et de caract\u00e8res gratuit en ligne<\/title>\n<meta name=\"description\" content=\"Comptez automatiquement le nombre de mots, caract\u00e8res, paragraphes, phrases et la moyenne de mots par phrase en copiant et collant un texte ou une URL dans notre outil de comptage de mots en ligne.\" \/>\n<meta name=\"robots\" content=\"index, follow, max-snippet:-1, max-image-preview:large, max-video-preview:-1\" \/>\n<link rel=\"canonical\" href=\"https:\/\/seranking.com\/fr\/outils-gratuits\/compteur-de-mots.html\" \/>\n<meta property=\"og:locale\" content=\"fr_FR\" \/>\n<meta property=\"og:type\" content=\"article\" \/>\n<meta property=\"og:title\" content=\"Compteur de mots et de caract\u00e8res gratuit en ligne\" \/>\n<meta property=\"og:description\" content=\"Comptez automatiquement le nombre de mots, caract\u00e8res, paragraphes, phrases et la moyenne de mots par phrase en copiant et collant un texte ou une URL dans notre outil de comptage de mots en ligne.\" \/>\n<meta property=\"og:url\" content=\"https:\/\/seranking.com\/fr\/outils-gratuits\/compteur-de-mots.html\" \/>\n<meta property=\"og:site_name\" content=\"SE Ranking France\" \/>\n<meta property=\"og:image\" content=\"https:\/\/seranking.com\/fr\/wp-content\/uploads\/sites\/7\/2024\/09\/1200\u0445675.png\" \/>\n\t<meta property=\"og:image:width\" content=\"1200\" \/>\n\t<meta property=\"og:image:height\" content=\"675\" \/>\n\t<meta property=\"og:image:type\" content=\"image\/png\" \/>\n<meta name=\"twitter:card\" content=\"summary_large_image\" \/>\n<!-- \/ Yoast SEO plugin. -->","yoast_head_json":{"title":"Compteur de mots et de caract\u00e8res gratuit en ligne","description":"Comptez automatiquement le nombre de mots, caract\u00e8res, paragraphes, phrases et la moyenne de mots par phrase en copiant et collant un texte ou une URL dans notre outil de comptage de mots en ligne.","robots":{"index":"index","follow":"follow","max-snippet":"max-snippet:-1","max-image-preview":"max-image-preview:large","max-video-preview":"max-video-preview:-1"},"canonical":"https:\/\/seranking.com\/fr\/outils-gratuits\/compteur-de-mots.html","og_locale":"fr_FR","og_type":"article","og_title":"Compteur de mots et de caract\u00e8res gratuit en ligne","og_description":"Comptez automatiquement le nombre de mots, caract\u00e8res, paragraphes, phrases et la moyenne de mots par phrase en copiant et collant un texte ou une URL dans notre outil de comptage de mots en ligne.","og_url":"https:\/\/seranking.com\/fr\/outils-gratuits\/compteur-de-mots.html","og_site_name":"SE Ranking France","og_image":[{"width":1200,"height":675,"url":"https:\/\/seranking.com\/fr\/wp-content\/uploads\/sites\/7\/2024\/09\/1200\u0445675.png","type":"image\/png"}],"twitter_card":"summary_large_image","schema":{"@context":"https:\/\/schema.org","@graph":[{"@type":"WebPage","@id":"https:\/\/seranking.com\/fr\/outils-gratuits\/compteur-de-mots.html","url":"https:\/\/seranking.com\/fr\/outils-gratuits\/compteur-de-mots.html","name":"Compteur de mots et de caract\u00e8res gratuit en ligne","isPartOf":{"@id":"https:\/\/seranking.com\/fr\/#website"},"datePublished":"2024-12-13T11:24:10+00:00","description":"Comptez automatiquement le nombre de mots, caract\u00e8res, paragraphes, phrases et la moyenne de mots par phrase en copiant et collant un texte ou une URL dans notre outil de comptage de mots en ligne.","breadcrumb":{"@id":"https:\/\/seranking.com\/fr\/outils-gratuits\/compteur-de-mots.html#breadcrumb"},"inLanguage":"fr-FR","potentialAction":[{"@type":"ReadAction","target":["https:\/\/seranking.com\/fr\/outils-gratuits\/compteur-de-mots.html"]}]},{"@type":"BreadcrumbList","@id":"https:\/\/seranking.com\/fr\/outils-gratuits\/compteur-de-mots.html#breadcrumb","itemListElement":[{"@type":"ListItem","position":1,"name":"Outils SEO Gratuits","item":"https:\/\/seranking.com\/fr\/outils-gratuits.html"},{"@type":"ListItem","position":2,"name":"Compteur de mots"}]},{"@type":"WebSite","@id":"https:\/\/seranking.com\/fr\/#website","url":"https:\/\/seranking.com\/fr\/","name":"SE Ranking France","description":"Logiciel de SEO pour l&#039;analyse compl\u00e8te du r\u00e9f\u00e9rencement de votre site Web","potentialAction":[{"@type":"SearchAction","target":{"@type":"EntryPoint","urlTemplate":"https:\/\/seranking.com\/fr\/?s={search_term_string}"},"query-input":{"@type":"PropertyValueSpecification","valueRequired":true,"valueName":"search_term_string"}}],"inLanguage":"fr-FR"}]}},"_links":{"self":[{"href":"https:\/\/seranking.com\/fr\/wp-json\/wp\/v2\/pages\/36184","targetHints":{"allow":["GET"]}}],"collection":[{"href":"https:\/\/seranking.com\/fr\/wp-json\/wp\/v2\/pages"}],"about":[{"href":"https:\/\/seranking.com\/fr\/wp-json\/wp\/v2\/types\/page"}],"author":[{"embeddable":true,"href":"https:\/\/seranking.com\/fr\/wp-json\/wp\/v2\/users\/412"}],"replies":[{"embeddable":true,"href":"https:\/\/seranking.com\/fr\/wp-json\/wp\/v2\/comments?post=36184"}],"version-history":[{"count":0,"href":"https:\/\/seranking.com\/fr\/wp-json\/wp\/v2\/pages\/36184\/revisions"}],"up":[{"embeddable":true,"href":"https:\/\/seranking.com\/fr\/wp-json\/wp\/v2\/pages\/32290"}],"wp:attachment":[{"href":"https:\/\/seranking.com\/fr\/wp-json\/wp\/v2\/media?parent=36184"}],"curies":[{"name":"wp","href":"https:\/\/api.w.org\/{rel}","templated":true}]}}