{"id":33163,"date":"2024-09-17T14:48:52","date_gmt":"2024-09-17T14:48:52","guid":{"rendered":"https:\/\/seranking.com\/fr\/?page_id=33163"},"modified":"2026-02-10T12:54:22","modified_gmt":"2026-02-10T12:54:22","slug":"our-data","status":"publish","type":"page","link":"https:\/\/seranking.com\/fr\/our-data.html","title":{"rendered":"Pr\u00e9cises, importantes, fiables. Tout repose sur les donn\u00e9es."},"content":{"rendered":"","protected":false},"excerpt":{"rendered":"","protected":false},"author":181,"featured_media":0,"parent":0,"menu_order":0,"comment_status":"closed","ping_status":"closed","template":"page-templates\/our-data.php","meta":{"_acf_changed":false,"footnotes":""},"class_list":["post-33163","page","type-page","status-publish","hentry"],"acf":[],"yoast_head":"<!-- This site is optimized with the Yoast SEO plugin v26.6 - https:\/\/yoast.com\/wordpress\/plugins\/seo\/ -->\n<title>Donn\u00e9es SEO fiables | SE Ranking parle de ses bases de donn\u00e9es<\/title>\n<meta name=\"description\" content=\"Obtenez des donn\u00e9es compl\u00e8tes et fiables sur les classements, les mots-cl\u00e9s et les backlinks gr\u00e2ce aux bases de donn\u00e9es en expansion de SE Ranking, \u00e0 ses algorithmes uniques, ses crawlers ind\u00e9pendants et son analyse IA.\" \/>\n<meta name=\"robots\" content=\"index, follow, max-snippet:-1, max-image-preview:large, max-video-preview:-1\" \/>\n<link rel=\"canonical\" href=\"https:\/\/seranking.com\/fr\/our-data.html\" \/>\n<meta property=\"og:locale\" content=\"fr_FR\" \/>\n<meta property=\"og:type\" content=\"article\" \/>\n<meta property=\"og:title\" content=\"Donn\u00e9es SEO fiables | SE Ranking parle de ses bases de donn\u00e9es\" \/>\n<meta property=\"og:description\" content=\"Obtenez des donn\u00e9es compl\u00e8tes et fiables sur les classements, les mots-cl\u00e9s et les backlinks gr\u00e2ce aux bases de donn\u00e9es en expansion de SE Ranking, \u00e0 ses algorithmes uniques, ses crawlers ind\u00e9pendants et son analyse IA.\" \/>\n<meta property=\"og:url\" content=\"https:\/\/seranking.com\/fr\/our-data.html\" \/>\n<meta property=\"og:site_name\" content=\"SE Ranking France\" \/>\n<meta property=\"article:modified_time\" content=\"2026-02-10T12:54:22+00:00\" \/>\n<meta property=\"og:image\" content=\"https:\/\/seranking.com\/fr\/wp-content\/uploads\/sites\/7\/2024\/09\/1200\u0445675.png\" \/>\n\t<meta property=\"og:image:width\" content=\"1200\" \/>\n\t<meta property=\"og:image:height\" content=\"675\" \/>\n\t<meta property=\"og:image:type\" content=\"image\/png\" \/>\n<meta name=\"twitter:card\" content=\"summary_large_image\" \/>\n<!-- \/ Yoast SEO plugin. -->","yoast_head_json":{"title":"Donn\u00e9es SEO fiables | SE Ranking parle de ses bases de donn\u00e9es","description":"Obtenez des donn\u00e9es compl\u00e8tes et fiables sur les classements, les mots-cl\u00e9s et les backlinks gr\u00e2ce aux bases de donn\u00e9es en expansion de SE Ranking, \u00e0 ses algorithmes uniques, ses crawlers ind\u00e9pendants et son analyse IA.","robots":{"index":"index","follow":"follow","max-snippet":"max-snippet:-1","max-image-preview":"max-image-preview:large","max-video-preview":"max-video-preview:-1"},"canonical":"https:\/\/seranking.com\/fr\/our-data.html","og_locale":"fr_FR","og_type":"article","og_title":"Donn\u00e9es SEO fiables | SE Ranking parle de ses bases de donn\u00e9es","og_description":"Obtenez des donn\u00e9es compl\u00e8tes et fiables sur les classements, les mots-cl\u00e9s et les backlinks gr\u00e2ce aux bases de donn\u00e9es en expansion de SE Ranking, \u00e0 ses algorithmes uniques, ses crawlers ind\u00e9pendants et son analyse IA.","og_url":"https:\/\/seranking.com\/fr\/our-data.html","og_site_name":"SE Ranking France","article_modified_time":"2026-02-10T12:54:22+00:00","og_image":[{"width":1200,"height":675,"url":"https:\/\/seranking.com\/fr\/wp-content\/uploads\/sites\/7\/2024\/09\/1200\u0445675.png","type":"image\/png"}],"twitter_card":"summary_large_image","schema":{"@context":"https:\/\/schema.org","@graph":[{"@type":"WebPage","@id":"https:\/\/seranking.com\/fr\/our-data.html","url":"https:\/\/seranking.com\/fr\/our-data.html","name":"Donn\u00e9es SEO fiables | SE Ranking parle de ses bases de donn\u00e9es","isPartOf":{"@id":"https:\/\/seranking.com\/fr\/#website"},"datePublished":"2024-09-17T14:48:52+00:00","dateModified":"2026-02-10T12:54:22+00:00","description":"Obtenez des donn\u00e9es compl\u00e8tes et fiables sur les classements, les mots-cl\u00e9s et les backlinks gr\u00e2ce aux bases de donn\u00e9es en expansion de SE Ranking, \u00e0 ses algorithmes uniques, ses crawlers ind\u00e9pendants et son analyse IA.","inLanguage":"fr-FR","potentialAction":[{"@type":"ReadAction","target":["https:\/\/seranking.com\/fr\/our-data.html"]}]},{"@type":"WebSite","@id":"https:\/\/seranking.com\/fr\/#website","url":"https:\/\/seranking.com\/fr\/","name":"SE Ranking France","description":"Logiciel de SEO pour l&#039;analyse compl\u00e8te du r\u00e9f\u00e9rencement de votre site Web","potentialAction":[{"@type":"SearchAction","target":{"@type":"EntryPoint","urlTemplate":"https:\/\/seranking.com\/fr\/?s={search_term_string}"},"query-input":{"@type":"PropertyValueSpecification","valueRequired":true,"valueName":"search_term_string"}}],"inLanguage":"fr-FR"}]}},"_links":{"self":[{"href":"https:\/\/seranking.com\/fr\/wp-json\/wp\/v2\/pages\/33163","targetHints":{"allow":["GET"]}}],"collection":[{"href":"https:\/\/seranking.com\/fr\/wp-json\/wp\/v2\/pages"}],"about":[{"href":"https:\/\/seranking.com\/fr\/wp-json\/wp\/v2\/types\/page"}],"author":[{"embeddable":true,"href":"https:\/\/seranking.com\/fr\/wp-json\/wp\/v2\/users\/181"}],"replies":[{"embeddable":true,"href":"https:\/\/seranking.com\/fr\/wp-json\/wp\/v2\/comments?post=33163"}],"version-history":[{"count":4,"href":"https:\/\/seranking.com\/fr\/wp-json\/wp\/v2\/pages\/33163\/revisions"}],"predecessor-version":[{"id":46885,"href":"https:\/\/seranking.com\/fr\/wp-json\/wp\/v2\/pages\/33163\/revisions\/46885"}],"wp:attachment":[{"href":"https:\/\/seranking.com\/fr\/wp-json\/wp\/v2\/media?parent=33163"}],"curies":[{"name":"wp","href":"https:\/\/api.w.org\/{rel}","templated":true}]}}