{"id":27862,"date":"2024-05-06T15:35:31","date_gmt":"2024-05-06T15:35:31","guid":{"rendered":"https:\/\/seranking.com\/fr\/?page_id=27862"},"modified":"2024-05-15T16:11:31","modified_gmt":"2024-05-15T16:11:31","slug":"major-updates","status":"publish","type":"page","link":"https:\/\/seranking.com\/fr\/major-updates.html","title":{"rendered":"<span>Mise \u00e0 jour majeure de la qualit\u00e9 des donn\u00e9es<\/span> de\u00a0SE\u00a0Ranking"},"content":{"rendered":"","protected":false},"excerpt":{"rendered":"","protected":false},"author":358,"featured_media":0,"parent":0,"menu_order":0,"comment_status":"closed","ping_status":"closed","template":"page-templates\/major-data.php","meta":{"_acf_changed":false,"footnotes":""},"class_list":["post-27862","page","type-page","status-publish","hentry"],"acf":[],"yoast_head":"<!-- This site is optimized with the Yoast SEO plugin v26.6 - https:\/\/yoast.com\/wordpress\/plugins\/seo\/ -->\n<title>Mise \u00e0 jour majeure de SE Ranking\u00a0: donn\u00e9es plus r\u00e9centes et nouvelles fonctionnalit\u00e9s<\/title>\n<meta name=\"description\" content=\"SE Ranking propose d\u00e9sormais des bases de donn\u00e9es \u00e9tendues avec plus de statistiques et de nouveaux outils puissants. Transformez les donn\u00e9es brutes en informations exploitables pour affiner votre strat\u00e9gie de r\u00e9f\u00e9rencement.\" \/>\n<meta name=\"robots\" content=\"index, follow, max-snippet:-1, max-image-preview:large, max-video-preview:-1\" \/>\n<link rel=\"canonical\" href=\"https:\/\/seranking.com\/fr\/major-updates.html\" \/>\n<meta property=\"og:locale\" content=\"fr_FR\" \/>\n<meta property=\"og:type\" content=\"article\" \/>\n<meta property=\"og:title\" content=\"Mise \u00e0 jour majeure de SE Ranking\u00a0: donn\u00e9es plus r\u00e9centes et nouvelles fonctionnalit\u00e9s\" \/>\n<meta property=\"og:description\" content=\"SE Ranking propose d\u00e9sormais des bases de donn\u00e9es \u00e9tendues avec plus de statistiques et de nouveaux outils puissants. Transformez les donn\u00e9es brutes en informations exploitables pour affiner votre strat\u00e9gie de r\u00e9f\u00e9rencement.\" \/>\n<meta property=\"og:url\" content=\"https:\/\/seranking.com\/fr\/major-updates.html\" \/>\n<meta property=\"og:site_name\" content=\"SE Ranking France\" \/>\n<meta property=\"article:modified_time\" content=\"2024-05-15T16:11:31+00:00\" \/>\n<meta property=\"og:image\" content=\"https:\/\/seranking.com\/fr\/wp-content\/uploads\/sites\/7\/2024\/09\/1200\u0445675.png\" \/>\n\t<meta property=\"og:image:width\" content=\"1200\" \/>\n\t<meta property=\"og:image:height\" content=\"675\" \/>\n\t<meta property=\"og:image:type\" content=\"image\/png\" \/>\n<meta name=\"twitter:card\" content=\"summary_large_image\" \/>\n<!-- \/ Yoast SEO plugin. -->","yoast_head_json":{"title":"Mise \u00e0 jour majeure de SE Ranking\u00a0: donn\u00e9es plus r\u00e9centes et nouvelles fonctionnalit\u00e9s","description":"SE Ranking propose d\u00e9sormais des bases de donn\u00e9es \u00e9tendues avec plus de statistiques et de nouveaux outils puissants. Transformez les donn\u00e9es brutes en informations exploitables pour affiner votre strat\u00e9gie de r\u00e9f\u00e9rencement.","robots":{"index":"index","follow":"follow","max-snippet":"max-snippet:-1","max-image-preview":"max-image-preview:large","max-video-preview":"max-video-preview:-1"},"canonical":"https:\/\/seranking.com\/fr\/major-updates.html","og_locale":"fr_FR","og_type":"article","og_title":"Mise \u00e0 jour majeure de SE Ranking\u00a0: donn\u00e9es plus r\u00e9centes et nouvelles fonctionnalit\u00e9s","og_description":"SE Ranking propose d\u00e9sormais des bases de donn\u00e9es \u00e9tendues avec plus de statistiques et de nouveaux outils puissants. Transformez les donn\u00e9es brutes en informations exploitables pour affiner votre strat\u00e9gie de r\u00e9f\u00e9rencement.","og_url":"https:\/\/seranking.com\/fr\/major-updates.html","og_site_name":"SE Ranking France","article_modified_time":"2024-05-15T16:11:31+00:00","og_image":[{"width":1200,"height":675,"url":"https:\/\/seranking.com\/fr\/wp-content\/uploads\/sites\/7\/2024\/09\/1200\u0445675.png","type":"image\/png"}],"twitter_card":"summary_large_image","schema":{"@context":"https:\/\/schema.org","@graph":[{"@type":"WebPage","@id":"https:\/\/seranking.com\/fr\/major-updates.html","url":"https:\/\/seranking.com\/fr\/major-updates.html","name":"Mise \u00e0 jour majeure de SE Ranking\u00a0: donn\u00e9es plus r\u00e9centes et nouvelles fonctionnalit\u00e9s","isPartOf":{"@id":"https:\/\/seranking.com\/fr\/#website"},"datePublished":"2024-05-06T15:35:31+00:00","dateModified":"2024-05-15T16:11:31+00:00","description":"SE Ranking propose d\u00e9sormais des bases de donn\u00e9es \u00e9tendues avec plus de statistiques et de nouveaux outils puissants. Transformez les donn\u00e9es brutes en informations exploitables pour affiner votre strat\u00e9gie de r\u00e9f\u00e9rencement.","inLanguage":"fr-FR","potentialAction":[{"@type":"ReadAction","target":["https:\/\/seranking.com\/fr\/major-updates.html"]}]},{"@type":"WebSite","@id":"https:\/\/seranking.com\/fr\/#website","url":"https:\/\/seranking.com\/fr\/","name":"SE Ranking France","description":"Logiciel de SEO pour l&#039;analyse compl\u00e8te du r\u00e9f\u00e9rencement de votre site Web","potentialAction":[{"@type":"SearchAction","target":{"@type":"EntryPoint","urlTemplate":"https:\/\/seranking.com\/fr\/?s={search_term_string}"},"query-input":{"@type":"PropertyValueSpecification","valueRequired":true,"valueName":"search_term_string"}}],"inLanguage":"fr-FR"}]}},"_links":{"self":[{"href":"https:\/\/seranking.com\/fr\/wp-json\/wp\/v2\/pages\/27862","targetHints":{"allow":["GET"]}}],"collection":[{"href":"https:\/\/seranking.com\/fr\/wp-json\/wp\/v2\/pages"}],"about":[{"href":"https:\/\/seranking.com\/fr\/wp-json\/wp\/v2\/types\/page"}],"author":[{"embeddable":true,"href":"https:\/\/seranking.com\/fr\/wp-json\/wp\/v2\/users\/358"}],"replies":[{"embeddable":true,"href":"https:\/\/seranking.com\/fr\/wp-json\/wp\/v2\/comments?post=27862"}],"version-history":[{"count":0,"href":"https:\/\/seranking.com\/fr\/wp-json\/wp\/v2\/pages\/27862\/revisions"}],"wp:attachment":[{"href":"https:\/\/seranking.com\/fr\/wp-json\/wp\/v2\/media?parent=27862"}],"curies":[{"name":"wp","href":"https:\/\/api.w.org\/{rel}","templated":true}]}}