{"id":25477,"date":"2024-05-01T14:58:53","date_gmt":"2024-05-01T14:58:53","guid":{"rendered":"https:\/\/seranking.com\/fr\/?page_id=25477"},"modified":"2025-06-20T09:23:23","modified_gmt":"2025-06-20T09:23:23","slug":"about-us","status":"publish","type":"page","link":"https:\/\/seranking.com\/fr\/about-us.html","title":{"rendered":"Nous rendons <span>le r\u00e9f\u00e9rencement<\/span> intuitif."},"content":{"rendered":"","protected":false},"excerpt":{"rendered":"","protected":false},"author":376,"featured_media":0,"parent":0,"menu_order":0,"comment_status":"closed","ping_status":"closed","template":"page-templates\/about-us-2024.php","meta":{"_acf_changed":false,"footnotes":""},"class_list":["post-25477","page","type-page","status-publish","hentry"],"acf":[],"yoast_head":"<!-- This site is optimized with the Yoast SEO plugin v26.6 - https:\/\/yoast.com\/wordpress\/plugins\/seo\/ -->\n<title>\u00c0 propos de nous | SE Ranking<\/title>\n<meta name=\"description\" content=\"D\u00e9couvrez la mission de SE Ranking et pourquoi les experts en r\u00e9f\u00e9rencement du monde entier nous ont choisis. D\u00e9couvrez notre \u00e9quipe, nos outils et nos valeurs pour savoir si nous sommes faits pour vous.\" \/>\n<meta name=\"robots\" content=\"index, follow, max-snippet:-1, max-image-preview:large, max-video-preview:-1\" \/>\n<link rel=\"canonical\" href=\"https:\/\/seranking.com\/fr\/about-us.html\" \/>\n<meta property=\"og:locale\" content=\"fr_FR\" \/>\n<meta property=\"og:type\" content=\"article\" \/>\n<meta property=\"og:title\" content=\"\u00c0 propos de nous | SE Ranking\" \/>\n<meta property=\"og:description\" content=\"D\u00e9couvrez la mission de SE Ranking et pourquoi les experts en r\u00e9f\u00e9rencement du monde entier nous ont choisis. D\u00e9couvrez notre \u00e9quipe, nos outils et nos valeurs pour savoir si nous sommes faits pour vous.\" \/>\n<meta property=\"og:url\" content=\"https:\/\/seranking.com\/fr\/about-us.html\" \/>\n<meta property=\"og:site_name\" content=\"SE Ranking France\" \/>\n<meta property=\"article:modified_time\" content=\"2025-06-20T09:23:23+00:00\" \/>\n<meta property=\"og:image\" content=\"https:\/\/seranking.com\/fr\/wp-content\/uploads\/sites\/7\/2024\/09\/1200\u0445675.png\" \/>\n\t<meta property=\"og:image:width\" content=\"1200\" \/>\n\t<meta property=\"og:image:height\" content=\"675\" \/>\n\t<meta property=\"og:image:type\" content=\"image\/png\" \/>\n<meta name=\"twitter:card\" content=\"summary_large_image\" \/>\n<!-- \/ Yoast SEO plugin. -->","yoast_head_json":{"title":"\u00c0 propos de nous | SE Ranking","description":"D\u00e9couvrez la mission de SE Ranking et pourquoi les experts en r\u00e9f\u00e9rencement du monde entier nous ont choisis. D\u00e9couvrez notre \u00e9quipe, nos outils et nos valeurs pour savoir si nous sommes faits pour vous.","robots":{"index":"index","follow":"follow","max-snippet":"max-snippet:-1","max-image-preview":"max-image-preview:large","max-video-preview":"max-video-preview:-1"},"canonical":"https:\/\/seranking.com\/fr\/about-us.html","og_locale":"fr_FR","og_type":"article","og_title":"\u00c0 propos de nous | SE Ranking","og_description":"D\u00e9couvrez la mission de SE Ranking et pourquoi les experts en r\u00e9f\u00e9rencement du monde entier nous ont choisis. D\u00e9couvrez notre \u00e9quipe, nos outils et nos valeurs pour savoir si nous sommes faits pour vous.","og_url":"https:\/\/seranking.com\/fr\/about-us.html","og_site_name":"SE Ranking France","article_modified_time":"2025-06-20T09:23:23+00:00","og_image":[{"width":1200,"height":675,"url":"https:\/\/seranking.com\/fr\/wp-content\/uploads\/sites\/7\/2024\/09\/1200\u0445675.png","type":"image\/png"}],"twitter_card":"summary_large_image","schema":{"@context":"https:\/\/schema.org","@graph":[{"@type":"WebPage","@id":"https:\/\/seranking.com\/fr\/about-us.html","url":"https:\/\/seranking.com\/fr\/about-us.html","name":"\u00c0 propos de nous | SE Ranking","isPartOf":{"@id":"https:\/\/seranking.com\/fr\/#website"},"datePublished":"2024-05-01T14:58:53+00:00","dateModified":"2025-06-20T09:23:23+00:00","description":"D\u00e9couvrez la mission de SE Ranking et pourquoi les experts en r\u00e9f\u00e9rencement du monde entier nous ont choisis. D\u00e9couvrez notre \u00e9quipe, nos outils et nos valeurs pour savoir si nous sommes faits pour vous.","inLanguage":"fr-FR","potentialAction":[{"@type":"ReadAction","target":["https:\/\/seranking.com\/fr\/about-us.html"]}]},{"@type":"WebSite","@id":"https:\/\/seranking.com\/fr\/#website","url":"https:\/\/seranking.com\/fr\/","name":"SE Ranking France","description":"Logiciel de SEO pour l&#039;analyse compl\u00e8te du r\u00e9f\u00e9rencement de votre site Web","potentialAction":[{"@type":"SearchAction","target":{"@type":"EntryPoint","urlTemplate":"https:\/\/seranking.com\/fr\/?s={search_term_string}"},"query-input":{"@type":"PropertyValueSpecification","valueRequired":true,"valueName":"search_term_string"}}],"inLanguage":"fr-FR"}]}},"_links":{"self":[{"href":"https:\/\/seranking.com\/fr\/wp-json\/wp\/v2\/pages\/25477","targetHints":{"allow":["GET"]}}],"collection":[{"href":"https:\/\/seranking.com\/fr\/wp-json\/wp\/v2\/pages"}],"about":[{"href":"https:\/\/seranking.com\/fr\/wp-json\/wp\/v2\/types\/page"}],"author":[{"embeddable":true,"href":"https:\/\/seranking.com\/fr\/wp-json\/wp\/v2\/users\/376"}],"replies":[{"embeddable":true,"href":"https:\/\/seranking.com\/fr\/wp-json\/wp\/v2\/comments?post=25477"}],"version-history":[{"count":0,"href":"https:\/\/seranking.com\/fr\/wp-json\/wp\/v2\/pages\/25477\/revisions"}],"wp:attachment":[{"href":"https:\/\/seranking.com\/fr\/wp-json\/wp\/v2\/media?parent=25477"}],"curies":[{"name":"wp","href":"https:\/\/api.w.org\/{rel}","templated":true}]}}