{"id":25462,"date":"2024-05-01T12:31:49","date_gmt":"2024-05-01T12:31:49","guid":{"rendered":"https:\/\/seranking.com\/fr\/?page_id=25462"},"modified":"2024-12-06T09:42:50","modified_gmt":"2024-12-06T09:42:50","slug":"careers","status":"publish","type":"page","link":"https:\/\/seranking.com\/fr\/careers.html","title":{"rendered":"Ensemble, rendons le <span>SEO<\/span> intuitif"},"content":{"rendered":"","protected":false},"excerpt":{"rendered":"","protected":false},"author":376,"featured_media":0,"parent":0,"menu_order":0,"comment_status":"closed","ping_status":"closed","template":"page-templates\/careers-2024.php","meta":{"_acf_changed":false,"footnotes":""},"class_list":["post-25462","page","type-page","status-publish","hentry"],"acf":[],"yoast_head":"<!-- This site is optimized with the Yoast SEO plugin v26.6 - https:\/\/yoast.com\/wordpress\/plugins\/seo\/ -->\n<title>Postes \u00e0 pourvoir chez SE Ranking | Rejoignez notre \u00e9quipe<\/title>\n<meta name=\"description\" content=\"Nous sommes toujours \u00e0 la recherche de personnes talentueuses pour rejoindre notre \u00e9quipe. Trouvez votre cheminement de carri\u00e8re avec SE Ranking en explorant nos postes vacants dans diff\u00e9rents d\u00e9partements.\" \/>\n<meta name=\"robots\" content=\"index, follow, max-snippet:-1, max-image-preview:large, max-video-preview:-1\" \/>\n<link rel=\"canonical\" href=\"https:\/\/seranking.com\/fr\/careers.html\" \/>\n<meta property=\"og:locale\" content=\"fr_FR\" \/>\n<meta property=\"og:type\" content=\"article\" \/>\n<meta property=\"og:title\" content=\"Postes \u00e0 pourvoir chez SE Ranking | Rejoignez notre \u00e9quipe\" \/>\n<meta property=\"og:description\" content=\"Nous sommes toujours \u00e0 la recherche de personnes talentueuses pour rejoindre notre \u00e9quipe. Trouvez votre cheminement de carri\u00e8re avec SE Ranking en explorant nos postes vacants dans diff\u00e9rents d\u00e9partements.\" \/>\n<meta property=\"og:url\" content=\"https:\/\/seranking.com\/fr\/careers.html\" \/>\n<meta property=\"og:site_name\" content=\"SE Ranking France\" \/>\n<meta property=\"article:modified_time\" content=\"2024-12-06T09:42:50+00:00\" \/>\n<meta property=\"og:image\" content=\"https:\/\/seranking.com\/fr\/wp-content\/uploads\/sites\/7\/2024\/09\/1200\u0445675.png\" \/>\n\t<meta property=\"og:image:width\" content=\"1200\" \/>\n\t<meta property=\"og:image:height\" content=\"675\" \/>\n\t<meta property=\"og:image:type\" content=\"image\/png\" \/>\n<meta name=\"twitter:card\" content=\"summary_large_image\" \/>\n<!-- \/ Yoast SEO plugin. -->","yoast_head_json":{"title":"Postes \u00e0 pourvoir chez SE Ranking | Rejoignez notre \u00e9quipe","description":"Nous sommes toujours \u00e0 la recherche de personnes talentueuses pour rejoindre notre \u00e9quipe. Trouvez votre cheminement de carri\u00e8re avec SE Ranking en explorant nos postes vacants dans diff\u00e9rents d\u00e9partements.","robots":{"index":"index","follow":"follow","max-snippet":"max-snippet:-1","max-image-preview":"max-image-preview:large","max-video-preview":"max-video-preview:-1"},"canonical":"https:\/\/seranking.com\/fr\/careers.html","og_locale":"fr_FR","og_type":"article","og_title":"Postes \u00e0 pourvoir chez SE Ranking | Rejoignez notre \u00e9quipe","og_description":"Nous sommes toujours \u00e0 la recherche de personnes talentueuses pour rejoindre notre \u00e9quipe. Trouvez votre cheminement de carri\u00e8re avec SE Ranking en explorant nos postes vacants dans diff\u00e9rents d\u00e9partements.","og_url":"https:\/\/seranking.com\/fr\/careers.html","og_site_name":"SE Ranking France","article_modified_time":"2024-12-06T09:42:50+00:00","og_image":[{"width":1200,"height":675,"url":"https:\/\/seranking.com\/fr\/wp-content\/uploads\/sites\/7\/2024\/09\/1200\u0445675.png","type":"image\/png"}],"twitter_card":"summary_large_image","schema":{"@context":"https:\/\/schema.org","@graph":[{"@type":"WebPage","@id":"https:\/\/seranking.com\/fr\/careers.html","url":"https:\/\/seranking.com\/fr\/careers.html","name":"Postes \u00e0 pourvoir chez SE Ranking | Rejoignez notre \u00e9quipe","isPartOf":{"@id":"https:\/\/seranking.com\/fr\/#website"},"datePublished":"2024-05-01T12:31:49+00:00","dateModified":"2024-12-06T09:42:50+00:00","description":"Nous sommes toujours \u00e0 la recherche de personnes talentueuses pour rejoindre notre \u00e9quipe. Trouvez votre cheminement de carri\u00e8re avec SE Ranking en explorant nos postes vacants dans diff\u00e9rents d\u00e9partements.","inLanguage":"fr-FR","potentialAction":[{"@type":"ReadAction","target":["https:\/\/seranking.com\/fr\/careers.html"]}]},{"@type":"WebSite","@id":"https:\/\/seranking.com\/fr\/#website","url":"https:\/\/seranking.com\/fr\/","name":"SE Ranking France","description":"Logiciel de SEO pour l&#039;analyse compl\u00e8te du r\u00e9f\u00e9rencement de votre site Web","potentialAction":[{"@type":"SearchAction","target":{"@type":"EntryPoint","urlTemplate":"https:\/\/seranking.com\/fr\/?s={search_term_string}"},"query-input":{"@type":"PropertyValueSpecification","valueRequired":true,"valueName":"search_term_string"}}],"inLanguage":"fr-FR"}]}},"_links":{"self":[{"href":"https:\/\/seranking.com\/fr\/wp-json\/wp\/v2\/pages\/25462","targetHints":{"allow":["GET"]}}],"collection":[{"href":"https:\/\/seranking.com\/fr\/wp-json\/wp\/v2\/pages"}],"about":[{"href":"https:\/\/seranking.com\/fr\/wp-json\/wp\/v2\/types\/page"}],"author":[{"embeddable":true,"href":"https:\/\/seranking.com\/fr\/wp-json\/wp\/v2\/users\/376"}],"replies":[{"embeddable":true,"href":"https:\/\/seranking.com\/fr\/wp-json\/wp\/v2\/comments?post=25462"}],"version-history":[{"count":0,"href":"https:\/\/seranking.com\/fr\/wp-json\/wp\/v2\/pages\/25462\/revisions"}],"wp:attachment":[{"href":"https:\/\/seranking.com\/fr\/wp-json\/wp\/v2\/media?parent=25462"}],"curies":[{"name":"wp","href":"https:\/\/api.w.org\/{rel}","templated":true}]}}