{"id":21928,"date":"2023-11-02T15:28:16","date_gmt":"2023-11-02T15:28:16","guid":{"rendered":"https:\/\/seranking.com\/fr\/?page_id=21928"},"modified":"2024-08-08T17:34:59","modified_gmt":"2024-08-08T17:34:59","slug":"boost-local-marketing","status":"publish","type":"page","link":"https:\/\/seranking.com\/fr\/boost-local-marketing.html","title":{"rendered":"Boostez votre pr\u00e9sence locale <span>avec l&#8217;Outil de <span>Marketing Local<\/span><\/span>"},"content":{"rendered":"","protected":false},"excerpt":{"rendered":"","protected":false},"author":376,"featured_media":0,"parent":0,"menu_order":0,"comment_status":"closed","ping_status":"closed","template":"page-templates\/boost-local-marketing.php","meta":{"_acf_changed":false,"footnotes":""},"class_list":["post-21928","page","type-page","status-publish","hentry"],"acf":[],"yoast_head":"<!-- This site is optimized with the Yoast SEO plugin v26.6 - https:\/\/yoast.com\/wordpress\/plugins\/seo\/ -->\n<title>Outil de R\u00e9f\u00e9rencement Local pour am\u00e9liorer votre classement dans les recherches locales<\/title>\n<meta name=\"description\" content=\"L&#039;outil de Marketing Local de SE Ranking fournit des donn\u00e9es bas\u00e9es sur la localisation pour vous aider \u00e0 suivre les classements locaux, \u00e0 surveiller les avis des clients et \u00e0 modifier les listes d&#039;entreprises.\" \/>\n<meta name=\"robots\" content=\"index, follow, max-snippet:-1, max-image-preview:large, max-video-preview:-1\" \/>\n<link rel=\"canonical\" href=\"https:\/\/seranking.com\/fr\/boost-local-marketing.html\" \/>\n<meta property=\"og:locale\" content=\"fr_FR\" \/>\n<meta property=\"og:type\" content=\"article\" \/>\n<meta property=\"og:title\" content=\"Outil de R\u00e9f\u00e9rencement Local pour am\u00e9liorer votre classement dans les recherches locales\" \/>\n<meta property=\"og:description\" content=\"L&#039;outil de Marketing Local de SE Ranking fournit des donn\u00e9es bas\u00e9es sur la localisation pour vous aider \u00e0 suivre les classements locaux, \u00e0 surveiller les avis des clients et \u00e0 modifier les listes d&#039;entreprises.\" \/>\n<meta property=\"og:url\" content=\"https:\/\/seranking.com\/fr\/boost-local-marketing.html\" \/>\n<meta property=\"og:site_name\" content=\"SE Ranking France\" \/>\n<meta property=\"article:modified_time\" content=\"2024-08-08T17:34:59+00:00\" \/>\n<meta property=\"og:image\" content=\"https:\/\/seranking.com\/fr\/wp-content\/uploads\/sites\/7\/2024\/09\/1200\u0445675.png\" \/>\n\t<meta property=\"og:image:width\" content=\"1200\" \/>\n\t<meta property=\"og:image:height\" content=\"675\" \/>\n\t<meta property=\"og:image:type\" content=\"image\/png\" \/>\n<meta name=\"twitter:card\" content=\"summary_large_image\" \/>\n<!-- \/ Yoast SEO plugin. -->","yoast_head_json":{"title":"Outil de R\u00e9f\u00e9rencement Local pour am\u00e9liorer votre classement dans les recherches locales","description":"L'outil de Marketing Local de SE Ranking fournit des donn\u00e9es bas\u00e9es sur la localisation pour vous aider \u00e0 suivre les classements locaux, \u00e0 surveiller les avis des clients et \u00e0 modifier les listes d'entreprises.","robots":{"index":"index","follow":"follow","max-snippet":"max-snippet:-1","max-image-preview":"max-image-preview:large","max-video-preview":"max-video-preview:-1"},"canonical":"https:\/\/seranking.com\/fr\/boost-local-marketing.html","og_locale":"fr_FR","og_type":"article","og_title":"Outil de R\u00e9f\u00e9rencement Local pour am\u00e9liorer votre classement dans les recherches locales","og_description":"L'outil de Marketing Local de SE Ranking fournit des donn\u00e9es bas\u00e9es sur la localisation pour vous aider \u00e0 suivre les classements locaux, \u00e0 surveiller les avis des clients et \u00e0 modifier les listes d'entreprises.","og_url":"https:\/\/seranking.com\/fr\/boost-local-marketing.html","og_site_name":"SE Ranking France","article_modified_time":"2024-08-08T17:34:59+00:00","og_image":[{"width":1200,"height":675,"url":"https:\/\/seranking.com\/fr\/wp-content\/uploads\/sites\/7\/2024\/09\/1200\u0445675.png","type":"image\/png"}],"twitter_card":"summary_large_image","schema":{"@context":"https:\/\/schema.org","@graph":[{"@type":"WebPage","@id":"https:\/\/seranking.com\/fr\/boost-local-marketing.html","url":"https:\/\/seranking.com\/fr\/boost-local-marketing.html","name":"Outil de R\u00e9f\u00e9rencement Local pour am\u00e9liorer votre classement dans les recherches locales","isPartOf":{"@id":"https:\/\/seranking.com\/fr\/#website"},"datePublished":"2023-11-02T15:28:16+00:00","dateModified":"2024-08-08T17:34:59+00:00","description":"L'outil de Marketing Local de SE Ranking fournit des donn\u00e9es bas\u00e9es sur la localisation pour vous aider \u00e0 suivre les classements locaux, \u00e0 surveiller les avis des clients et \u00e0 modifier les listes d'entreprises.","inLanguage":"fr-FR","potentialAction":[{"@type":"ReadAction","target":["https:\/\/seranking.com\/fr\/boost-local-marketing.html"]}]},{"@type":"WebSite","@id":"https:\/\/seranking.com\/fr\/#website","url":"https:\/\/seranking.com\/fr\/","name":"SE Ranking France","description":"Logiciel de SEO pour l&#039;analyse compl\u00e8te du r\u00e9f\u00e9rencement de votre site Web","potentialAction":[{"@type":"SearchAction","target":{"@type":"EntryPoint","urlTemplate":"https:\/\/seranking.com\/fr\/?s={search_term_string}"},"query-input":{"@type":"PropertyValueSpecification","valueRequired":true,"valueName":"search_term_string"}}],"inLanguage":"fr-FR"}]}},"_links":{"self":[{"href":"https:\/\/seranking.com\/fr\/wp-json\/wp\/v2\/pages\/21928","targetHints":{"allow":["GET"]}}],"collection":[{"href":"https:\/\/seranking.com\/fr\/wp-json\/wp\/v2\/pages"}],"about":[{"href":"https:\/\/seranking.com\/fr\/wp-json\/wp\/v2\/types\/page"}],"author":[{"embeddable":true,"href":"https:\/\/seranking.com\/fr\/wp-json\/wp\/v2\/users\/376"}],"replies":[{"embeddable":true,"href":"https:\/\/seranking.com\/fr\/wp-json\/wp\/v2\/comments?post=21928"}],"version-history":[{"count":0,"href":"https:\/\/seranking.com\/fr\/wp-json\/wp\/v2\/pages\/21928\/revisions"}],"wp:attachment":[{"href":"https:\/\/seranking.com\/fr\/wp-json\/wp\/v2\/media?parent=21928"}],"curies":[{"name":"wp","href":"https:\/\/api.w.org\/{rel}","templated":true}]}}