{"id":20806,"date":"2023-08-21T10:23:59","date_gmt":"2023-08-21T10:23:59","guid":{"rendered":"https:\/\/seranking.com\/fr\/?page_id=20806"},"modified":"2025-05-21T12:20:21","modified_gmt":"2025-05-21T12:20:21","slug":"stand-with-ukraine","status":"publish","type":"page","link":"https:\/\/seranking.com\/fr\/stand-with-ukraine.html","title":{"rendered":"Les Ukrainiens se battent aujourd&#8217;hui pour leur terre et leur libert\u00e9"},"content":{"rendered":"","protected":false},"excerpt":{"rendered":"","protected":false},"author":358,"featured_media":0,"parent":0,"menu_order":0,"comment_status":"closed","ping_status":"closed","template":"page-templates\/stand-with-ukraine.php","meta":{"_acf_changed":false,"footnotes":""},"class_list":["post-20806","page","type-page","status-publish","hentry"],"acf":[],"yoast_head":"<!-- This site is optimized with the Yoast SEO plugin v26.6 - https:\/\/yoast.com\/wordpress\/plugins\/seo\/ -->\n<title>Aidez l&#039;Ukraine \u00e0 se d\u00e9fendre contre la russie<\/title>\n<meta name=\"description\" content=\"SE Ranking soutient fermement l&#039;Ukraine dans sa lutte ind\u00e9fectible pour la libert\u00e9 et les valeurs d\u00e9mocratiques, menac\u00e9es par la russie. Voici comment vous pouvez aider l&#039;Ukraine.\" \/>\n<meta name=\"robots\" content=\"index, follow, max-snippet:-1, max-image-preview:large, max-video-preview:-1\" \/>\n<link rel=\"canonical\" href=\"https:\/\/seranking.com\/fr\/stand-with-ukraine.html\" \/>\n<meta property=\"og:locale\" content=\"fr_FR\" \/>\n<meta property=\"og:type\" content=\"article\" \/>\n<meta property=\"og:title\" content=\"Aidez l&#039;Ukraine \u00e0 se d\u00e9fendre contre la russie\" \/>\n<meta property=\"og:description\" content=\"SE Ranking soutient fermement l&#039;Ukraine dans sa lutte ind\u00e9fectible pour la libert\u00e9 et les valeurs d\u00e9mocratiques, menac\u00e9es par la russie. Voici comment vous pouvez aider l&#039;Ukraine.\" \/>\n<meta property=\"og:url\" content=\"https:\/\/seranking.com\/fr\/stand-with-ukraine.html\" \/>\n<meta property=\"og:site_name\" content=\"SE Ranking France\" \/>\n<meta property=\"article:modified_time\" content=\"2025-05-21T12:20:21+00:00\" \/>\n<meta property=\"og:image\" content=\"https:\/\/seranking.com\/fr\/wp-content\/uploads\/sites\/7\/2024\/09\/1200\u0445675.png\" \/>\n\t<meta property=\"og:image:width\" content=\"1200\" \/>\n\t<meta property=\"og:image:height\" content=\"675\" \/>\n\t<meta property=\"og:image:type\" content=\"image\/png\" \/>\n<meta name=\"twitter:card\" content=\"summary_large_image\" \/>\n<!-- \/ Yoast SEO plugin. -->","yoast_head_json":{"title":"Aidez l'Ukraine \u00e0 se d\u00e9fendre contre la russie","description":"SE Ranking soutient fermement l'Ukraine dans sa lutte ind\u00e9fectible pour la libert\u00e9 et les valeurs d\u00e9mocratiques, menac\u00e9es par la russie. Voici comment vous pouvez aider l'Ukraine.","robots":{"index":"index","follow":"follow","max-snippet":"max-snippet:-1","max-image-preview":"max-image-preview:large","max-video-preview":"max-video-preview:-1"},"canonical":"https:\/\/seranking.com\/fr\/stand-with-ukraine.html","og_locale":"fr_FR","og_type":"article","og_title":"Aidez l'Ukraine \u00e0 se d\u00e9fendre contre la russie","og_description":"SE Ranking soutient fermement l'Ukraine dans sa lutte ind\u00e9fectible pour la libert\u00e9 et les valeurs d\u00e9mocratiques, menac\u00e9es par la russie. Voici comment vous pouvez aider l'Ukraine.","og_url":"https:\/\/seranking.com\/fr\/stand-with-ukraine.html","og_site_name":"SE Ranking France","article_modified_time":"2025-05-21T12:20:21+00:00","og_image":[{"width":1200,"height":675,"url":"https:\/\/seranking.com\/fr\/wp-content\/uploads\/sites\/7\/2024\/09\/1200\u0445675.png","type":"image\/png"}],"twitter_card":"summary_large_image","schema":{"@context":"https:\/\/schema.org","@graph":[{"@type":"WebPage","@id":"https:\/\/seranking.com\/fr\/stand-with-ukraine.html","url":"https:\/\/seranking.com\/fr\/stand-with-ukraine.html","name":"Aidez l'Ukraine \u00e0 se d\u00e9fendre contre la russie","isPartOf":{"@id":"https:\/\/seranking.com\/fr\/#website"},"datePublished":"2023-08-21T10:23:59+00:00","dateModified":"2025-05-21T12:20:21+00:00","description":"SE Ranking soutient fermement l'Ukraine dans sa lutte ind\u00e9fectible pour la libert\u00e9 et les valeurs d\u00e9mocratiques, menac\u00e9es par la russie. Voici comment vous pouvez aider l'Ukraine.","inLanguage":"fr-FR","potentialAction":[{"@type":"ReadAction","target":["https:\/\/seranking.com\/fr\/stand-with-ukraine.html"]}]},{"@type":"WebSite","@id":"https:\/\/seranking.com\/fr\/#website","url":"https:\/\/seranking.com\/fr\/","name":"SE Ranking France","description":"Logiciel de SEO pour l&#039;analyse compl\u00e8te du r\u00e9f\u00e9rencement de votre site Web","potentialAction":[{"@type":"SearchAction","target":{"@type":"EntryPoint","urlTemplate":"https:\/\/seranking.com\/fr\/?s={search_term_string}"},"query-input":{"@type":"PropertyValueSpecification","valueRequired":true,"valueName":"search_term_string"}}],"inLanguage":"fr-FR"}]}},"_links":{"self":[{"href":"https:\/\/seranking.com\/fr\/wp-json\/wp\/v2\/pages\/20806","targetHints":{"allow":["GET"]}}],"collection":[{"href":"https:\/\/seranking.com\/fr\/wp-json\/wp\/v2\/pages"}],"about":[{"href":"https:\/\/seranking.com\/fr\/wp-json\/wp\/v2\/types\/page"}],"author":[{"embeddable":true,"href":"https:\/\/seranking.com\/fr\/wp-json\/wp\/v2\/users\/358"}],"replies":[{"embeddable":true,"href":"https:\/\/seranking.com\/fr\/wp-json\/wp\/v2\/comments?post=20806"}],"version-history":[{"count":0,"href":"https:\/\/seranking.com\/fr\/wp-json\/wp\/v2\/pages\/20806\/revisions"}],"wp:attachment":[{"href":"https:\/\/seranking.com\/fr\/wp-json\/wp\/v2\/media?parent=20806"}],"curies":[{"name":"wp","href":"https:\/\/api.w.org\/{rel}","templated":true}]}}