{"id":20800,"date":"2023-09-12T09:32:13","date_gmt":"2023-09-12T09:32:13","guid":{"rendered":"https:\/\/seranking.com\/fr\/?page_id=20800"},"modified":"2026-02-13T07:53:27","modified_gmt":"2026-02-13T07:53:27","slug":"agency-pack","status":"publish","type":"page","link":"https:\/\/seranking.com\/fr\/agency-pack.html","title":{"rendered":"D\u00e9bloquez de nouvelles opportunit\u00e9s commerciales avec <span>le&nbsp;Pack&nbsp;Agence<\/span>"},"content":{"rendered":"","protected":false},"excerpt":{"rendered":"","protected":false},"author":358,"featured_media":0,"parent":0,"menu_order":0,"comment_status":"closed","ping_status":"closed","template":"page-templates\/agency-pack-2023.php","meta":{"_acf_changed":false,"footnotes":""},"class_list":["post-20800","page","type-page","status-publish","hentry"],"acf":[],"yoast_head":"<!-- This site is optimized with the Yoast SEO plugin v26.6 - https:\/\/yoast.com\/wordpress\/plugins\/seo\/ -->\n<title>Pack Agence de SE Ranking : vous aide \u00e0 renforcer la confiance de vos clients<\/title>\n<meta name=\"description\" content=\"Ce module compl\u00e9mentaire est con\u00e7u pour responsabiliser les agences \u00e0 chaque \u00e9tape du cycle de gestion des clients, en vous aidant \u00e0 acqu\u00e9rir de nouveaux clients et \u00e0 fid\u00e9liser les clients existants.\" \/>\n<meta name=\"robots\" content=\"index, follow, max-snippet:-1, max-image-preview:large, max-video-preview:-1\" \/>\n<link rel=\"canonical\" href=\"https:\/\/seranking.com\/fr\/agency-pack.html\" \/>\n<meta property=\"og:locale\" content=\"fr_FR\" \/>\n<meta property=\"og:type\" content=\"article\" \/>\n<meta property=\"og:title\" content=\"Pack Agence de SE Ranking : vous aide \u00e0 renforcer la confiance de vos clients\" \/>\n<meta property=\"og:description\" content=\"Ce module compl\u00e9mentaire est con\u00e7u pour responsabiliser les agences \u00e0 chaque \u00e9tape du cycle de gestion des clients, en vous aidant \u00e0 acqu\u00e9rir de nouveaux clients et \u00e0 fid\u00e9liser les clients existants.\" \/>\n<meta property=\"og:url\" content=\"https:\/\/seranking.com\/fr\/agency-pack.html\" \/>\n<meta property=\"og:site_name\" content=\"SE Ranking France\" \/>\n<meta property=\"article:modified_time\" content=\"2026-02-13T07:53:27+00:00\" \/>\n<meta property=\"og:image\" content=\"https:\/\/seranking.com\/fr\/wp-content\/uploads\/sites\/7\/2024\/09\/1200\u0445675.png\" \/>\n\t<meta property=\"og:image:width\" content=\"1200\" \/>\n\t<meta property=\"og:image:height\" content=\"675\" \/>\n\t<meta property=\"og:image:type\" content=\"image\/png\" \/>\n<meta name=\"twitter:card\" content=\"summary_large_image\" \/>\n<!-- \/ Yoast SEO plugin. -->","yoast_head_json":{"title":"Pack Agence de SE Ranking : vous aide \u00e0 renforcer la confiance de vos clients","description":"Ce module compl\u00e9mentaire est con\u00e7u pour responsabiliser les agences \u00e0 chaque \u00e9tape du cycle de gestion des clients, en vous aidant \u00e0 acqu\u00e9rir de nouveaux clients et \u00e0 fid\u00e9liser les clients existants.","robots":{"index":"index","follow":"follow","max-snippet":"max-snippet:-1","max-image-preview":"max-image-preview:large","max-video-preview":"max-video-preview:-1"},"canonical":"https:\/\/seranking.com\/fr\/agency-pack.html","og_locale":"fr_FR","og_type":"article","og_title":"Pack Agence de SE Ranking : vous aide \u00e0 renforcer la confiance de vos clients","og_description":"Ce module compl\u00e9mentaire est con\u00e7u pour responsabiliser les agences \u00e0 chaque \u00e9tape du cycle de gestion des clients, en vous aidant \u00e0 acqu\u00e9rir de nouveaux clients et \u00e0 fid\u00e9liser les clients existants.","og_url":"https:\/\/seranking.com\/fr\/agency-pack.html","og_site_name":"SE Ranking France","article_modified_time":"2026-02-13T07:53:27+00:00","og_image":[{"width":1200,"height":675,"url":"https:\/\/seranking.com\/fr\/wp-content\/uploads\/sites\/7\/2024\/09\/1200\u0445675.png","type":"image\/png"}],"twitter_card":"summary_large_image","schema":{"@context":"https:\/\/schema.org","@graph":[{"@type":"WebPage","@id":"https:\/\/seranking.com\/fr\/agency-pack.html","url":"https:\/\/seranking.com\/fr\/agency-pack.html","name":"Pack Agence de SE Ranking : vous aide \u00e0 renforcer la confiance de vos clients","isPartOf":{"@id":"https:\/\/seranking.com\/fr\/#website"},"datePublished":"2023-09-12T09:32:13+00:00","dateModified":"2026-02-13T07:53:27+00:00","description":"Ce module compl\u00e9mentaire est con\u00e7u pour responsabiliser les agences \u00e0 chaque \u00e9tape du cycle de gestion des clients, en vous aidant \u00e0 acqu\u00e9rir de nouveaux clients et \u00e0 fid\u00e9liser les clients existants.","inLanguage":"fr-FR","potentialAction":[{"@type":"ReadAction","target":["https:\/\/seranking.com\/fr\/agency-pack.html"]}]},{"@type":"WebSite","@id":"https:\/\/seranking.com\/fr\/#website","url":"https:\/\/seranking.com\/fr\/","name":"SE Ranking France","description":"Logiciel de SEO pour l&#039;analyse compl\u00e8te du r\u00e9f\u00e9rencement de votre site Web","potentialAction":[{"@type":"SearchAction","target":{"@type":"EntryPoint","urlTemplate":"https:\/\/seranking.com\/fr\/?s={search_term_string}"},"query-input":{"@type":"PropertyValueSpecification","valueRequired":true,"valueName":"search_term_string"}}],"inLanguage":"fr-FR"}]}},"_links":{"self":[{"href":"https:\/\/seranking.com\/fr\/wp-json\/wp\/v2\/pages\/20800","targetHints":{"allow":["GET"]}}],"collection":[{"href":"https:\/\/seranking.com\/fr\/wp-json\/wp\/v2\/pages"}],"about":[{"href":"https:\/\/seranking.com\/fr\/wp-json\/wp\/v2\/types\/page"}],"author":[{"embeddable":true,"href":"https:\/\/seranking.com\/fr\/wp-json\/wp\/v2\/users\/358"}],"replies":[{"embeddable":true,"href":"https:\/\/seranking.com\/fr\/wp-json\/wp\/v2\/comments?post=20800"}],"version-history":[{"count":1,"href":"https:\/\/seranking.com\/fr\/wp-json\/wp\/v2\/pages\/20800\/revisions"}],"predecessor-version":[{"id":46927,"href":"https:\/\/seranking.com\/fr\/wp-json\/wp\/v2\/pages\/20800\/revisions\/46927"}],"wp:attachment":[{"href":"https:\/\/seranking.com\/fr\/wp-json\/wp\/v2\/media?parent=20800"}],"curies":[{"name":"wp","href":"https:\/\/api.w.org\/{rel}","templated":true}]}}