{"id":1567,"date":"2019-05-14T10:44:00","date_gmt":"2019-05-14T07:44:00","guid":{"rendered":"https:\/\/zankovich-com.sr-srv.net\/frn\/?page_id=1567"},"modified":"2026-03-02T09:23:36","modified_gmt":"2026-03-02T09:23:36","slug":"on-page-checker","status":"publish","type":"page","link":"https:\/\/seranking.com\/fr\/on-page-checker.html","title":{"rendered":"Analyse SEO d&#8217;une page"},"content":{"rendered":"","protected":false},"excerpt":{"rendered":"","protected":false},"author":1,"featured_media":0,"parent":0,"menu_order":0,"comment_status":"closed","ping_status":"closed","template":"page-templates\/on-page-seo-audit-2022.php","meta":{"_acf_changed":false,"footnotes":""},"class_list":["post-1567","page","type-page","status-publish","hentry"],"acf":[],"yoast_head":"<!-- This site is optimized with the Yoast SEO plugin v26.6 - https:\/\/yoast.com\/wordpress\/plugins\/seo\/ -->\n<title>Outil d&#039;analyse SEO d&#039;une page<\/title>\n<meta name=\"description\" content=\"Avec le v\u00e9rificateur SEO on-page vous obtiendrez une analyse SEO de votre page Web d\u00e9taill\u00e9e et des conseils pour l&#039;am\u00e9liorer.\" \/>\n<meta name=\"robots\" content=\"index, follow, max-snippet:-1, max-image-preview:large, max-video-preview:-1\" \/>\n<link rel=\"canonical\" href=\"https:\/\/seranking.com\/fr\/on-page-checker.html\" \/>\n<meta property=\"og:locale\" content=\"fr_FR\" \/>\n<meta property=\"og:type\" content=\"article\" \/>\n<meta property=\"og:title\" content=\"Outil d&#039;analyse SEO d&#039;une page\" \/>\n<meta property=\"og:description\" content=\"Avec le v\u00e9rificateur SEO on-page vous obtiendrez une analyse SEO de votre page Web d\u00e9taill\u00e9e et des conseils pour l&#039;am\u00e9liorer.\" \/>\n<meta property=\"og:url\" content=\"https:\/\/seranking.com\/fr\/on-page-checker.html\" \/>\n<meta property=\"og:site_name\" content=\"SE Ranking France\" \/>\n<meta property=\"article:modified_time\" content=\"2026-03-02T09:23:36+00:00\" \/>\n<meta property=\"og:image\" content=\"https:\/\/seranking.com\/fr\/wp-content\/uploads\/sites\/7\/2024\/09\/1200\u0445675.png\" \/>\n\t<meta property=\"og:image:width\" content=\"1200\" \/>\n\t<meta property=\"og:image:height\" content=\"675\" \/>\n\t<meta property=\"og:image:type\" content=\"image\/png\" \/>\n<meta name=\"twitter:card\" content=\"summary_large_image\" \/>\n<!-- \/ Yoast SEO plugin. -->","yoast_head_json":{"title":"Outil d'analyse SEO d'une page","description":"Avec le v\u00e9rificateur SEO on-page vous obtiendrez une analyse SEO de votre page Web d\u00e9taill\u00e9e et des conseils pour l'am\u00e9liorer.","robots":{"index":"index","follow":"follow","max-snippet":"max-snippet:-1","max-image-preview":"max-image-preview:large","max-video-preview":"max-video-preview:-1"},"canonical":"https:\/\/seranking.com\/fr\/on-page-checker.html","og_locale":"fr_FR","og_type":"article","og_title":"Outil d'analyse SEO d'une page","og_description":"Avec le v\u00e9rificateur SEO on-page vous obtiendrez une analyse SEO de votre page Web d\u00e9taill\u00e9e et des conseils pour l'am\u00e9liorer.","og_url":"https:\/\/seranking.com\/fr\/on-page-checker.html","og_site_name":"SE Ranking France","article_modified_time":"2026-03-02T09:23:36+00:00","og_image":[{"width":1200,"height":675,"url":"https:\/\/seranking.com\/fr\/wp-content\/uploads\/sites\/7\/2024\/09\/1200\u0445675.png","type":"image\/png"}],"twitter_card":"summary_large_image","schema":{"@context":"https:\/\/schema.org","@graph":[{"@type":"WebPage","@id":"https:\/\/seranking.com\/fr\/on-page-checker.html","url":"https:\/\/seranking.com\/fr\/on-page-checker.html","name":"Outil d'analyse SEO d'une page","isPartOf":{"@id":"https:\/\/seranking.com\/fr\/#website"},"datePublished":"2019-05-14T07:44:00+00:00","dateModified":"2026-03-02T09:23:36+00:00","description":"Avec le v\u00e9rificateur SEO on-page vous obtiendrez une analyse SEO de votre page Web d\u00e9taill\u00e9e et des conseils pour l'am\u00e9liorer.","inLanguage":"fr-FR","potentialAction":[{"@type":"ReadAction","target":["https:\/\/seranking.com\/fr\/on-page-checker.html"]}]},{"@type":"WebSite","@id":"https:\/\/seranking.com\/fr\/#website","url":"https:\/\/seranking.com\/fr\/","name":"SE Ranking France","description":"Logiciel de SEO pour l&#039;analyse compl\u00e8te du r\u00e9f\u00e9rencement de votre site Web","potentialAction":[{"@type":"SearchAction","target":{"@type":"EntryPoint","urlTemplate":"https:\/\/seranking.com\/fr\/?s={search_term_string}"},"query-input":{"@type":"PropertyValueSpecification","valueRequired":true,"valueName":"search_term_string"}}],"inLanguage":"fr-FR"}]}},"_links":{"self":[{"href":"https:\/\/seranking.com\/fr\/wp-json\/wp\/v2\/pages\/1567","targetHints":{"allow":["GET"]}}],"collection":[{"href":"https:\/\/seranking.com\/fr\/wp-json\/wp\/v2\/pages"}],"about":[{"href":"https:\/\/seranking.com\/fr\/wp-json\/wp\/v2\/types\/page"}],"author":[{"embeddable":true,"href":"https:\/\/seranking.com\/fr\/wp-json\/wp\/v2\/users\/1"}],"replies":[{"embeddable":true,"href":"https:\/\/seranking.com\/fr\/wp-json\/wp\/v2\/comments?post=1567"}],"version-history":[{"count":2,"href":"https:\/\/seranking.com\/fr\/wp-json\/wp\/v2\/pages\/1567\/revisions"}],"predecessor-version":[{"id":47266,"href":"https:\/\/seranking.com\/fr\/wp-json\/wp\/v2\/pages\/1567\/revisions\/47266"}],"wp:attachment":[{"href":"https:\/\/seranking.com\/fr\/wp-json\/wp\/v2\/media?parent=1567"}],"curies":[{"name":"wp","href":"https:\/\/api.w.org\/{rel}","templated":true}]}}