{"id":12259,"date":"2021-12-29T10:26:52","date_gmt":"2021-12-29T10:26:52","guid":{"rendered":"https:\/\/seranking.com\/fr\/?page_id=12259"},"modified":"2026-03-02T16:51:13","modified_gmt":"2026-03-02T16:51:13","slug":"features","status":"publish","type":"page","link":"https:\/\/seranking.com\/fr\/features.html","title":{"rendered":"Outils de r\u00e9f\u00e9rencement en ligne ultimes"},"content":{"rendered":"\n<p>Plateforme con\u00e7ue pour simplifier le r\u00e9f\u00e9rencement<\/p>\n\n\n\n<p><\/p>\n","protected":false},"excerpt":{"rendered":"<p>Plateforme con\u00e7ue pour simplifier le r\u00e9f\u00e9rencement<\/p>\n","protected":false},"author":271,"featured_media":0,"parent":0,"menu_order":0,"comment_status":"closed","ping_status":"closed","template":"page-templates\/features-2023.php","meta":{"_acf_changed":false,"footnotes":""},"class_list":["post-12259","page","type-page","status-publish","hentry"],"acf":[],"yoast_head":"<!-- This site is optimized with the Yoast SEO plugin v26.6 - https:\/\/yoast.com\/wordpress\/plugins\/seo\/ -->\n<title>Outils de r\u00e9f\u00e9rencement de SE Ranking | Mots-cl\u00e9s, classements, backlinks, audits<\/title>\n<meta name=\"description\" content=\"Toutes les fonctionnalit\u00e9s SEO r\u00e9unies sur une seule plateforme. Pas besoin de payer des frais suppl\u00e9mentaires pour utiliser plusieurs services : obtenez tout ce dont vous avez besoin pour le r\u00e9f\u00e9rencement en un seul endroit.\" \/>\n<meta name=\"robots\" content=\"index, follow, max-snippet:-1, max-image-preview:large, max-video-preview:-1\" \/>\n<link rel=\"canonical\" href=\"https:\/\/seranking.com\/fr\/features.html\" \/>\n<meta property=\"og:locale\" content=\"fr_FR\" \/>\n<meta property=\"og:type\" content=\"article\" \/>\n<meta property=\"og:title\" content=\"Outils de r\u00e9f\u00e9rencement de SE Ranking | Mots-cl\u00e9s, classements, backlinks, audits\" \/>\n<meta property=\"og:description\" content=\"Toutes les fonctionnalit\u00e9s SEO r\u00e9unies sur une seule plateforme. Pas besoin de payer des frais suppl\u00e9mentaires pour utiliser plusieurs services : obtenez tout ce dont vous avez besoin pour le r\u00e9f\u00e9rencement en un seul endroit.\" \/>\n<meta property=\"og:url\" content=\"https:\/\/seranking.com\/fr\/features.html\" \/>\n<meta property=\"og:site_name\" content=\"SE Ranking France\" \/>\n<meta property=\"article:modified_time\" content=\"2026-03-02T16:51:13+00:00\" \/>\n<meta property=\"og:image\" content=\"https:\/\/seranking.com\/fr\/wp-content\/uploads\/sites\/7\/2024\/09\/1200\u0445675.png\" \/>\n\t<meta property=\"og:image:width\" content=\"1200\" \/>\n\t<meta property=\"og:image:height\" content=\"675\" \/>\n\t<meta property=\"og:image:type\" content=\"image\/png\" \/>\n<meta name=\"twitter:card\" content=\"summary_large_image\" \/>\n<meta name=\"twitter:label1\" content=\"Est. reading time\" \/>\n\t<meta name=\"twitter:data1\" content=\"1 minute\" \/>\n<!-- \/ Yoast SEO plugin. -->","yoast_head_json":{"title":"Outils de r\u00e9f\u00e9rencement de SE Ranking | Mots-cl\u00e9s, classements, backlinks, audits","description":"Toutes les fonctionnalit\u00e9s SEO r\u00e9unies sur une seule plateforme. Pas besoin de payer des frais suppl\u00e9mentaires pour utiliser plusieurs services : obtenez tout ce dont vous avez besoin pour le r\u00e9f\u00e9rencement en un seul endroit.","robots":{"index":"index","follow":"follow","max-snippet":"max-snippet:-1","max-image-preview":"max-image-preview:large","max-video-preview":"max-video-preview:-1"},"canonical":"https:\/\/seranking.com\/fr\/features.html","og_locale":"fr_FR","og_type":"article","og_title":"Outils de r\u00e9f\u00e9rencement de SE Ranking | Mots-cl\u00e9s, classements, backlinks, audits","og_description":"Toutes les fonctionnalit\u00e9s SEO r\u00e9unies sur une seule plateforme. Pas besoin de payer des frais suppl\u00e9mentaires pour utiliser plusieurs services : obtenez tout ce dont vous avez besoin pour le r\u00e9f\u00e9rencement en un seul endroit.","og_url":"https:\/\/seranking.com\/fr\/features.html","og_site_name":"SE Ranking France","article_modified_time":"2026-03-02T16:51:13+00:00","og_image":[{"width":1200,"height":675,"url":"https:\/\/seranking.com\/fr\/wp-content\/uploads\/sites\/7\/2024\/09\/1200\u0445675.png","type":"image\/png"}],"twitter_card":"summary_large_image","twitter_misc":{"Est. reading time":"1 minute"},"schema":{"@context":"https:\/\/schema.org","@graph":[{"@type":"WebPage","@id":"https:\/\/seranking.com\/fr\/features.html","url":"https:\/\/seranking.com\/fr\/features.html","name":"Outils de r\u00e9f\u00e9rencement de SE Ranking | Mots-cl\u00e9s, classements, backlinks, audits","isPartOf":{"@id":"https:\/\/seranking.com\/fr\/#website"},"datePublished":"2021-12-29T10:26:52+00:00","dateModified":"2026-03-02T16:51:13+00:00","description":"Toutes les fonctionnalit\u00e9s SEO r\u00e9unies sur une seule plateforme. Pas besoin de payer des frais suppl\u00e9mentaires pour utiliser plusieurs services : obtenez tout ce dont vous avez besoin pour le r\u00e9f\u00e9rencement en un seul endroit.","inLanguage":"fr-FR","potentialAction":[{"@type":"ReadAction","target":["https:\/\/seranking.com\/fr\/features.html"]}]},{"@type":"WebSite","@id":"https:\/\/seranking.com\/fr\/#website","url":"https:\/\/seranking.com\/fr\/","name":"SE Ranking France","description":"Logiciel de SEO pour l&#039;analyse compl\u00e8te du r\u00e9f\u00e9rencement de votre site Web","potentialAction":[{"@type":"SearchAction","target":{"@type":"EntryPoint","urlTemplate":"https:\/\/seranking.com\/fr\/?s={search_term_string}"},"query-input":{"@type":"PropertyValueSpecification","valueRequired":true,"valueName":"search_term_string"}}],"inLanguage":"fr-FR"}]}},"_links":{"self":[{"href":"https:\/\/seranking.com\/fr\/wp-json\/wp\/v2\/pages\/12259","targetHints":{"allow":["GET"]}}],"collection":[{"href":"https:\/\/seranking.com\/fr\/wp-json\/wp\/v2\/pages"}],"about":[{"href":"https:\/\/seranking.com\/fr\/wp-json\/wp\/v2\/types\/page"}],"author":[{"embeddable":true,"href":"https:\/\/seranking.com\/fr\/wp-json\/wp\/v2\/users\/271"}],"replies":[{"embeddable":true,"href":"https:\/\/seranking.com\/fr\/wp-json\/wp\/v2\/comments?post=12259"}],"version-history":[{"count":2,"href":"https:\/\/seranking.com\/fr\/wp-json\/wp\/v2\/pages\/12259\/revisions"}],"predecessor-version":[{"id":47269,"href":"https:\/\/seranking.com\/fr\/wp-json\/wp\/v2\/pages\/12259\/revisions\/47269"}],"wp:attachment":[{"href":"https:\/\/seranking.com\/fr\/wp-json\/wp\/v2\/media?parent=12259"}],"curies":[{"name":"wp","href":"https:\/\/api.w.org\/{rel}","templated":true}]}}