{"id":973,"date":"2019-04-22T06:26:26","date_gmt":"2019-04-22T06:26:26","guid":{"rendered":"https:\/\/zankovich-com.sr-srv.net\/de\/?page_id=973"},"modified":"2024-12-16T16:23:54","modified_gmt":"2024-12-16T16:23:54","slug":"lead-generation","status":"publish","type":"page","link":"https:\/\/seranking.com\/es\/lead-generation.html","title":{"rendered":"Generador de leads"},"content":{"rendered":"","protected":false},"excerpt":{"rendered":"","protected":false},"author":1,"featured_media":1258,"parent":0,"menu_order":0,"comment_status":"closed","ping_status":"closed","template":"page-templates\/lead-generation-new.php","meta":{"_acf_changed":false,"footnotes":""},"class_list":["post-973","page","type-page","status-publish","has-post-thumbnail","hentry"],"acf":[],"yoast_head":"<!-- This site is optimized with the Yoast SEO plugin v26.6 - https:\/\/yoast.com\/wordpress\/plugins\/seo\/ -->\n<title>Generador de leads para agencias digitales | SE Ranking<\/title>\n<meta name=\"description\" content=\"\u00bfBuscas leads para tu agencia? Instala el widget de SE Ranking y obt\u00e9n contactos de leads cualificados ofreci\u00e9ndoles una auditor\u00eda SEO On-Page.\" \/>\n<meta name=\"robots\" content=\"index, follow, max-snippet:-1, max-image-preview:large, max-video-preview:-1\" \/>\n<link rel=\"canonical\" href=\"https:\/\/seranking.com\/es\/lead-generation.html\" \/>\n<meta property=\"og:locale\" content=\"es_ES\" \/>\n<meta property=\"og:type\" content=\"article\" \/>\n<meta property=\"og:title\" content=\"Generador de leads para agencias digitales | SE Ranking\" \/>\n<meta property=\"og:description\" content=\"\u00bfBuscas leads para tu agencia? Instala el widget de SE Ranking y obt\u00e9n contactos de leads cualificados ofreci\u00e9ndoles una auditor\u00eda SEO On-Page.\" \/>\n<meta property=\"og:url\" content=\"https:\/\/seranking.com\/es\/lead-generation.html\" \/>\n<meta property=\"og:site_name\" content=\"SE Ranking Spanish\" \/>\n<meta property=\"article:modified_time\" content=\"2024-12-16T16:23:54+00:00\" \/>\n<meta property=\"og:image\" content=\"https:\/\/seranking.com\/es\/wp-content\/uploads\/sites\/10\/2024\/09\/1200\u0445675.png\" \/>\n\t<meta property=\"og:image:width\" content=\"1200\" \/>\n\t<meta property=\"og:image:height\" content=\"675\" \/>\n\t<meta property=\"og:image:type\" content=\"image\/png\" \/>\n<meta name=\"twitter:card\" content=\"summary_large_image\" \/>\n<!-- \/ Yoast SEO plugin. -->","yoast_head_json":{"title":"Generador de leads para agencias digitales | SE Ranking","description":"\u00bfBuscas leads para tu agencia? Instala el widget de SE Ranking y obt\u00e9n contactos de leads cualificados ofreci\u00e9ndoles una auditor\u00eda SEO On-Page.","robots":{"index":"index","follow":"follow","max-snippet":"max-snippet:-1","max-image-preview":"max-image-preview:large","max-video-preview":"max-video-preview:-1"},"canonical":"https:\/\/seranking.com\/es\/lead-generation.html","og_locale":"es_ES","og_type":"article","og_title":"Generador de leads para agencias digitales | SE Ranking","og_description":"\u00bfBuscas leads para tu agencia? Instala el widget de SE Ranking y obt\u00e9n contactos de leads cualificados ofreci\u00e9ndoles una auditor\u00eda SEO On-Page.","og_url":"https:\/\/seranking.com\/es\/lead-generation.html","og_site_name":"SE Ranking Spanish","article_modified_time":"2024-12-16T16:23:54+00:00","og_image":[{"width":1200,"height":675,"url":"https:\/\/seranking.com\/es\/wp-content\/uploads\/sites\/10\/2024\/09\/1200\u0445675.png","type":"image\/png"}],"twitter_card":"summary_large_image","schema":{"@context":"https:\/\/schema.org","@graph":[{"@type":"WebPage","@id":"https:\/\/seranking.com\/es\/lead-generation.html","url":"https:\/\/seranking.com\/es\/lead-generation.html","name":"Generador de leads para agencias digitales | SE Ranking","isPartOf":{"@id":"https:\/\/seranking.com\/es\/#website"},"primaryImageOfPage":{"@id":"https:\/\/seranking.com\/es\/lead-generation.html#primaryimage"},"image":{"@id":"https:\/\/seranking.com\/es\/lead-generation.html#primaryimage"},"thumbnailUrl":"","datePublished":"2019-04-22T06:26:26+00:00","dateModified":"2024-12-16T16:23:54+00:00","description":"\u00bfBuscas leads para tu agencia? Instala el widget de SE Ranking y obt\u00e9n contactos de leads cualificados ofreci\u00e9ndoles una auditor\u00eda SEO On-Page.","inLanguage":"es","potentialAction":[{"@type":"ReadAction","target":["https:\/\/seranking.com\/es\/lead-generation.html"]}]},{"@type":"ImageObject","inLanguage":"es","@id":"https:\/\/seranking.com\/es\/lead-generation.html#primaryimage","url":"","contentUrl":""},{"@type":"WebSite","@id":"https:\/\/seranking.com\/es\/#website","url":"https:\/\/seranking.com\/es\/","name":"SE Ranking Spanish","description":"SE Ranking: software SEO elegido por 200 000 especialistas SEO, agencias digitales y propietarios de negocios. Esta plataforma SEO todo en uno ofrece 35 herramientas y se adapta a cualquier localidad. Audita, monitorea, prueba, mide y ejecuta tus estrategias SEO de manera r\u00e1pida, eficiente y dentro del presupuesto. Comienza gratis.","potentialAction":[{"@type":"SearchAction","target":{"@type":"EntryPoint","urlTemplate":"https:\/\/seranking.com\/es\/?s={search_term_string}"},"query-input":{"@type":"PropertyValueSpecification","valueRequired":true,"valueName":"search_term_string"}}],"inLanguage":"es"}]}},"_links":{"self":[{"href":"https:\/\/seranking.com\/es\/wp-json\/wp\/v2\/pages\/973","targetHints":{"allow":["GET"]}}],"collection":[{"href":"https:\/\/seranking.com\/es\/wp-json\/wp\/v2\/pages"}],"about":[{"href":"https:\/\/seranking.com\/es\/wp-json\/wp\/v2\/types\/page"}],"author":[{"embeddable":true,"href":"https:\/\/seranking.com\/es\/wp-json\/wp\/v2\/users\/1"}],"replies":[{"embeddable":true,"href":"https:\/\/seranking.com\/es\/wp-json\/wp\/v2\/comments?post=973"}],"version-history":[{"count":0,"href":"https:\/\/seranking.com\/es\/wp-json\/wp\/v2\/pages\/973\/revisions"}],"wp:featuredmedia":[{"embeddable":true,"href":"https:\/\/seranking.com\/es\/wp-json\/"}],"wp:attachment":[{"href":"https:\/\/seranking.com\/es\/wp-json\/wp\/v2\/media?parent=973"}],"curies":[{"name":"wp","href":"https:\/\/api.w.org\/{rel}","templated":true}]}}