{"id":46060,"date":"2025-08-12T15:34:46","date_gmt":"2025-08-12T15:34:46","guid":{"rendered":"https:\/\/seranking.com\/es\/?page_id=46060"},"modified":"2025-08-12T15:34:46","modified_gmt":"2025-08-12T15:34:46","slug":"conversion-rate-calculator","status":"publish","type":"page","link":"https:\/\/seranking.com\/es\/herramientas-gratuitas\/conversion-rate-calculator.html","title":{"rendered":"Herramienta gratuita para calcular la tasa de conversi\u00f3n"},"content":{"rendered":"","protected":false},"excerpt":{"rendered":"","protected":false},"author":271,"featured_media":0,"parent":33301,"menu_order":0,"comment_status":"closed","ping_status":"closed","template":"page-templates\/ai-microtools.php","meta":{"_acf_changed":false,"footnotes":""},"class_list":["post-46060","page","type-page","status-publish","hentry"],"acf":[],"yoast_head":"<!-- This site is optimized with the Yoast SEO plugin v26.6 - https:\/\/yoast.com\/wordpress\/plugins\/seo\/ -->\n<title>Calculadora gratuita de tasa de conversi\u00f3n<\/title>\n<meta name=\"description\" content=\"Mide la eficacia de conversi\u00f3n de tu sitio web o de tus campa\u00f1as de marketing con nuestra calculadora gratuita de la tasa de conversi\u00f3n.\" \/>\n<meta name=\"robots\" content=\"index, follow, max-snippet:-1, max-image-preview:large, max-video-preview:-1\" \/>\n<link rel=\"canonical\" href=\"https:\/\/seranking.com\/es\/herramientas-gratuitas\/conversion-rate-calculator.html\" \/>\n<meta property=\"og:locale\" content=\"es_ES\" \/>\n<meta property=\"og:type\" content=\"article\" \/>\n<meta property=\"og:title\" content=\"Calculadora gratuita de tasa de conversi\u00f3n\" \/>\n<meta property=\"og:description\" content=\"Mide la eficacia de conversi\u00f3n de tu sitio web o de tus campa\u00f1as de marketing con nuestra calculadora gratuita de la tasa de conversi\u00f3n.\" \/>\n<meta property=\"og:url\" content=\"https:\/\/seranking.com\/es\/herramientas-gratuitas\/conversion-rate-calculator.html\" \/>\n<meta property=\"og:site_name\" content=\"SE Ranking Spanish\" \/>\n<meta property=\"og:image\" content=\"https:\/\/seranking.com\/es\/wp-content\/uploads\/sites\/10\/2024\/09\/1200\u0445675.png\" \/>\n\t<meta property=\"og:image:width\" content=\"1200\" \/>\n\t<meta property=\"og:image:height\" content=\"675\" \/>\n\t<meta property=\"og:image:type\" content=\"image\/png\" \/>\n<meta name=\"twitter:card\" content=\"summary_large_image\" \/>\n<!-- \/ Yoast SEO plugin. -->","yoast_head_json":{"title":"Calculadora gratuita de tasa de conversi\u00f3n","description":"Mide la eficacia de conversi\u00f3n de tu sitio web o de tus campa\u00f1as de marketing con nuestra calculadora gratuita de la tasa de conversi\u00f3n.","robots":{"index":"index","follow":"follow","max-snippet":"max-snippet:-1","max-image-preview":"max-image-preview:large","max-video-preview":"max-video-preview:-1"},"canonical":"https:\/\/seranking.com\/es\/herramientas-gratuitas\/conversion-rate-calculator.html","og_locale":"es_ES","og_type":"article","og_title":"Calculadora gratuita de tasa de conversi\u00f3n","og_description":"Mide la eficacia de conversi\u00f3n de tu sitio web o de tus campa\u00f1as de marketing con nuestra calculadora gratuita de la tasa de conversi\u00f3n.","og_url":"https:\/\/seranking.com\/es\/herramientas-gratuitas\/conversion-rate-calculator.html","og_site_name":"SE Ranking Spanish","og_image":[{"width":1200,"height":675,"url":"https:\/\/seranking.com\/es\/wp-content\/uploads\/sites\/10\/2024\/09\/1200\u0445675.png","type":"image\/png"}],"twitter_card":"summary_large_image","schema":{"@context":"https:\/\/schema.org","@graph":[{"@type":"WebPage","@id":"https:\/\/seranking.com\/es\/herramientas-gratuitas\/conversion-rate-calculator.html","url":"https:\/\/seranking.com\/es\/herramientas-gratuitas\/conversion-rate-calculator.html","name":"Calculadora gratuita de tasa de conversi\u00f3n","isPartOf":{"@id":"https:\/\/seranking.com\/es\/#website"},"datePublished":"2025-08-12T15:34:46+00:00","description":"Mide la eficacia de conversi\u00f3n de tu sitio web o de tus campa\u00f1as de marketing con nuestra calculadora gratuita de la tasa de conversi\u00f3n.","breadcrumb":{"@id":"https:\/\/seranking.com\/es\/herramientas-gratuitas\/conversion-rate-calculator.html#breadcrumb"},"inLanguage":"es","potentialAction":[{"@type":"ReadAction","target":["https:\/\/seranking.com\/es\/herramientas-gratuitas\/conversion-rate-calculator.html"]}]},{"@type":"BreadcrumbList","@id":"https:\/\/seranking.com\/es\/herramientas-gratuitas\/conversion-rate-calculator.html#breadcrumb","itemListElement":[{"@type":"ListItem","position":1,"name":"Herramientas SEO gratuitas","item":"https:\/\/seranking.com\/es\/herramientas-gratuitas.html"},{"@type":"ListItem","position":2,"name":"Herramienta gratuita para calcular la tasa de conversi\u00f3n"}]},{"@type":"WebSite","@id":"https:\/\/seranking.com\/es\/#website","url":"https:\/\/seranking.com\/es\/","name":"SE Ranking Spanish","description":"SE Ranking: software SEO elegido por 200 000 especialistas SEO, agencias digitales y propietarios de negocios. Esta plataforma SEO todo en uno ofrece 35 herramientas y se adapta a cualquier localidad. Audita, monitorea, prueba, mide y ejecuta tus estrategias SEO de manera r\u00e1pida, eficiente y dentro del presupuesto. Comienza gratis.","potentialAction":[{"@type":"SearchAction","target":{"@type":"EntryPoint","urlTemplate":"https:\/\/seranking.com\/es\/?s={search_term_string}"},"query-input":{"@type":"PropertyValueSpecification","valueRequired":true,"valueName":"search_term_string"}}],"inLanguage":"es"}]}},"_links":{"self":[{"href":"https:\/\/seranking.com\/es\/wp-json\/wp\/v2\/pages\/46060","targetHints":{"allow":["GET"]}}],"collection":[{"href":"https:\/\/seranking.com\/es\/wp-json\/wp\/v2\/pages"}],"about":[{"href":"https:\/\/seranking.com\/es\/wp-json\/wp\/v2\/types\/page"}],"author":[{"embeddable":true,"href":"https:\/\/seranking.com\/es\/wp-json\/wp\/v2\/users\/271"}],"replies":[{"embeddable":true,"href":"https:\/\/seranking.com\/es\/wp-json\/wp\/v2\/comments?post=46060"}],"version-history":[{"count":3,"href":"https:\/\/seranking.com\/es\/wp-json\/wp\/v2\/pages\/46060\/revisions"}],"predecessor-version":[{"id":46438,"href":"https:\/\/seranking.com\/es\/wp-json\/wp\/v2\/pages\/46060\/revisions\/46438"}],"up":[{"embeddable":true,"href":"https:\/\/seranking.com\/es\/wp-json\/wp\/v2\/pages\/33301"}],"wp:attachment":[{"href":"https:\/\/seranking.com\/es\/wp-json\/wp\/v2\/media?parent=46060"}],"curies":[{"name":"wp","href":"https:\/\/api.w.org\/{rel}","templated":true}]}}