{"id":43129,"date":"2025-04-28T09:29:47","date_gmt":"2025-04-28T09:29:47","guid":{"rendered":"https:\/\/seranking.com\/es\/?page_id=43129"},"modified":"2025-09-11T13:56:09","modified_gmt":"2025-09-11T13:56:09","slug":"website-audit","status":"publish","type":"page","link":"https:\/\/seranking.com\/es\/website-audit.html","title":{"rendered":"Auditor\u00eda Web"},"content":{"rendered":"","protected":false},"excerpt":{"rendered":"","protected":false},"author":181,"featured_media":0,"parent":0,"menu_order":0,"comment_status":"closed","ping_status":"closed","template":"page-templates\/website-audit-2025.php","meta":{"_acf_changed":false,"footnotes":""},"class_list":["post-43129","page","type-page","status-publish","hentry"],"acf":[],"yoast_head":"<!-- This site is optimized with the Yoast SEO plugin v26.6 - https:\/\/yoast.com\/wordpress\/plugins\/seo\/ -->\n<title>Auditor\u00eda web | An\u00e1lisis automatizado de tu sitio web \u2699\ufe0f<\/title>\n<meta name=\"description\" content=\"La auditor\u00eda SEO analiza tu sitio web con m\u00e1s de 115+ par\u00e1metros \u2705. Obt\u00e9n un informe completo de errores y sugerencias para mejorar tu rendimiento.\" \/>\n<meta name=\"robots\" content=\"index, follow, max-snippet:-1, max-image-preview:large, max-video-preview:-1\" \/>\n<link rel=\"canonical\" href=\"https:\/\/seranking.com\/es\/website-audit.html\" \/>\n<meta property=\"og:locale\" content=\"es_ES\" \/>\n<meta property=\"og:type\" content=\"article\" \/>\n<meta property=\"og:title\" content=\"Auditor\u00eda web | An\u00e1lisis automatizado de tu sitio web \u2699\ufe0f\" \/>\n<meta property=\"og:description\" content=\"La auditor\u00eda SEO analiza tu sitio web con m\u00e1s de 115+ par\u00e1metros \u2705. Obt\u00e9n un informe completo de errores y sugerencias para mejorar tu rendimiento.\" \/>\n<meta property=\"og:url\" content=\"https:\/\/seranking.com\/es\/website-audit.html\" \/>\n<meta property=\"og:site_name\" content=\"SE Ranking Spanish\" \/>\n<meta property=\"article:modified_time\" content=\"2025-09-11T13:56:09+00:00\" \/>\n<meta property=\"og:image\" content=\"https:\/\/seranking.com\/es\/wp-content\/uploads\/sites\/10\/2024\/09\/1200\u0445675.png\" \/>\n\t<meta property=\"og:image:width\" content=\"1200\" \/>\n\t<meta property=\"og:image:height\" content=\"675\" \/>\n\t<meta property=\"og:image:type\" content=\"image\/png\" \/>\n<meta name=\"twitter:card\" content=\"summary_large_image\" \/>\n<!-- \/ Yoast SEO plugin. -->","yoast_head_json":{"title":"Auditor\u00eda web | An\u00e1lisis automatizado de tu sitio web \u2699\ufe0f","description":"La auditor\u00eda SEO analiza tu sitio web con m\u00e1s de 115+ par\u00e1metros \u2705. Obt\u00e9n un informe completo de errores y sugerencias para mejorar tu rendimiento.","robots":{"index":"index","follow":"follow","max-snippet":"max-snippet:-1","max-image-preview":"max-image-preview:large","max-video-preview":"max-video-preview:-1"},"canonical":"https:\/\/seranking.com\/es\/website-audit.html","og_locale":"es_ES","og_type":"article","og_title":"Auditor\u00eda web | An\u00e1lisis automatizado de tu sitio web \u2699\ufe0f","og_description":"La auditor\u00eda SEO analiza tu sitio web con m\u00e1s de 115+ par\u00e1metros \u2705. Obt\u00e9n un informe completo de errores y sugerencias para mejorar tu rendimiento.","og_url":"https:\/\/seranking.com\/es\/website-audit.html","og_site_name":"SE Ranking Spanish","article_modified_time":"2025-09-11T13:56:09+00:00","og_image":[{"width":1200,"height":675,"url":"https:\/\/seranking.com\/es\/wp-content\/uploads\/sites\/10\/2024\/09\/1200\u0445675.png","type":"image\/png"}],"twitter_card":"summary_large_image","schema":{"@context":"https:\/\/schema.org","@graph":[{"@type":"WebPage","@id":"https:\/\/seranking.com\/es\/website-audit.html","url":"https:\/\/seranking.com\/es\/website-audit.html","name":"Auditor\u00eda web | An\u00e1lisis automatizado de tu sitio web \u2699\ufe0f","isPartOf":{"@id":"https:\/\/seranking.com\/es\/#website"},"datePublished":"2025-04-28T09:29:47+00:00","dateModified":"2025-09-11T13:56:09+00:00","description":"La auditor\u00eda SEO analiza tu sitio web con m\u00e1s de 115+ par\u00e1metros \u2705. Obt\u00e9n un informe completo de errores y sugerencias para mejorar tu rendimiento.","inLanguage":"es","potentialAction":[{"@type":"ReadAction","target":["https:\/\/seranking.com\/es\/website-audit.html"]}]},{"@type":"WebSite","@id":"https:\/\/seranking.com\/es\/#website","url":"https:\/\/seranking.com\/es\/","name":"SE Ranking Spanish","description":"SE Ranking: software SEO elegido por 200 000 especialistas SEO, agencias digitales y propietarios de negocios. Esta plataforma SEO todo en uno ofrece 35 herramientas y se adapta a cualquier localidad. Audita, monitorea, prueba, mide y ejecuta tus estrategias SEO de manera r\u00e1pida, eficiente y dentro del presupuesto. Comienza gratis.","potentialAction":[{"@type":"SearchAction","target":{"@type":"EntryPoint","urlTemplate":"https:\/\/seranking.com\/es\/?s={search_term_string}"},"query-input":{"@type":"PropertyValueSpecification","valueRequired":true,"valueName":"search_term_string"}}],"inLanguage":"es"}]}},"_links":{"self":[{"href":"https:\/\/seranking.com\/es\/wp-json\/wp\/v2\/pages\/43129","targetHints":{"allow":["GET"]}}],"collection":[{"href":"https:\/\/seranking.com\/es\/wp-json\/wp\/v2\/pages"}],"about":[{"href":"https:\/\/seranking.com\/es\/wp-json\/wp\/v2\/types\/page"}],"author":[{"embeddable":true,"href":"https:\/\/seranking.com\/es\/wp-json\/wp\/v2\/users\/181"}],"replies":[{"embeddable":true,"href":"https:\/\/seranking.com\/es\/wp-json\/wp\/v2\/comments?post=43129"}],"version-history":[{"count":1,"href":"https:\/\/seranking.com\/es\/wp-json\/wp\/v2\/pages\/43129\/revisions"}],"predecessor-version":[{"id":46810,"href":"https:\/\/seranking.com\/es\/wp-json\/wp\/v2\/pages\/43129\/revisions\/46810"}],"wp:attachment":[{"href":"https:\/\/seranking.com\/es\/wp-json\/wp\/v2\/media?parent=43129"}],"curies":[{"name":"wp","href":"https:\/\/api.w.org\/{rel}","templated":true}]}}