{"id":41527,"date":"2025-04-07T10:30:03","date_gmt":"2025-04-07T10:30:03","guid":{"rendered":"https:\/\/seranking.com\/es\/?page_id=41527"},"modified":"2025-06-23T15:02:04","modified_gmt":"2025-06-23T15:02:04","slug":"como-empezar-con-se-ranking","status":"publish","type":"page","link":"https:\/\/seranking.com\/es\/academy\/como-empezar-con-se-ranking.html","title":{"rendered":"C\u00f3mo empezar con SE\u00a0Ranking"},"content":{"rendered":"","protected":false},"excerpt":{"rendered":"","protected":false},"author":151,"featured_media":0,"parent":41521,"menu_order":0,"comment_status":"closed","ping_status":"closed","template":"page-templates\/seo-basics.php","meta":{"_acf_changed":false,"footnotes":""},"class_list":["post-41527","page","type-page","status-publish","hentry"],"acf":[],"yoast_head":"<!-- This site is optimized with the Yoast SEO plugin v26.6 - https:\/\/yoast.com\/wordpress\/plugins\/seo\/ -->\n<title>C\u00f3mo empezar con SE\u00a0Ranking - SE Ranking Academy<\/title>\n<meta name=\"description\" content=\"Este curso es tu gu\u00eda de inicio r\u00e1pido para nuestra plataforma SEO todo en uno. Descubre las mejores pr\u00e1cticas y todo lo que necesitas para empezar con buen pie en SE Ranking.\" \/>\n<meta name=\"robots\" content=\"index, follow, max-snippet:-1, max-image-preview:large, max-video-preview:-1\" \/>\n<link rel=\"canonical\" href=\"https:\/\/seranking.com\/es\/academy\/como-empezar-con-se-ranking.html\" \/>\n<meta property=\"og:locale\" content=\"es_ES\" \/>\n<meta property=\"og:type\" content=\"article\" \/>\n<meta property=\"og:title\" content=\"C\u00f3mo empezar con SE\u00a0Ranking - SE Ranking Academy\" \/>\n<meta property=\"og:description\" content=\"Este curso es tu gu\u00eda de inicio r\u00e1pido para nuestra plataforma SEO todo en uno. Descubre las mejores pr\u00e1cticas y todo lo que necesitas para empezar con buen pie en SE Ranking.\" \/>\n<meta property=\"og:url\" content=\"https:\/\/seranking.com\/es\/academy\/como-empezar-con-se-ranking.html\" \/>\n<meta property=\"og:site_name\" content=\"SE Ranking Spanish\" \/>\n<meta property=\"article:modified_time\" content=\"2025-06-23T15:02:04+00:00\" \/>\n<meta property=\"og:image\" content=\"https:\/\/seranking.com\/es\/wp-content\/uploads\/sites\/10\/2024\/09\/1200\u0445675.png\" \/>\n\t<meta property=\"og:image:width\" content=\"1200\" \/>\n\t<meta property=\"og:image:height\" content=\"675\" \/>\n\t<meta property=\"og:image:type\" content=\"image\/png\" \/>\n<meta name=\"twitter:card\" content=\"summary_large_image\" \/>\n<!-- \/ Yoast SEO plugin. -->","yoast_head_json":{"title":"C\u00f3mo empezar con SE\u00a0Ranking - SE Ranking Academy","description":"Este curso es tu gu\u00eda de inicio r\u00e1pido para nuestra plataforma SEO todo en uno. Descubre las mejores pr\u00e1cticas y todo lo que necesitas para empezar con buen pie en SE Ranking.","robots":{"index":"index","follow":"follow","max-snippet":"max-snippet:-1","max-image-preview":"max-image-preview:large","max-video-preview":"max-video-preview:-1"},"canonical":"https:\/\/seranking.com\/es\/academy\/como-empezar-con-se-ranking.html","og_locale":"es_ES","og_type":"article","og_title":"C\u00f3mo empezar con SE\u00a0Ranking - SE Ranking Academy","og_description":"Este curso es tu gu\u00eda de inicio r\u00e1pido para nuestra plataforma SEO todo en uno. Descubre las mejores pr\u00e1cticas y todo lo que necesitas para empezar con buen pie en SE Ranking.","og_url":"https:\/\/seranking.com\/es\/academy\/como-empezar-con-se-ranking.html","og_site_name":"SE Ranking Spanish","article_modified_time":"2025-06-23T15:02:04+00:00","og_image":[{"width":1200,"height":675,"url":"https:\/\/seranking.com\/es\/wp-content\/uploads\/sites\/10\/2024\/09\/1200\u0445675.png","type":"image\/png"}],"twitter_card":"summary_large_image","schema":{"@context":"https:\/\/schema.org","@graph":[{"@type":"WebPage","@id":"https:\/\/seranking.com\/es\/academy\/como-empezar-con-se-ranking.html","url":"https:\/\/seranking.com\/es\/academy\/como-empezar-con-se-ranking.html","name":"C\u00f3mo empezar con SE\u00a0Ranking - SE Ranking Academy","isPartOf":{"@id":"https:\/\/seranking.com\/es\/#website"},"datePublished":"2025-04-07T10:30:03+00:00","dateModified":"2025-06-23T15:02:04+00:00","description":"Este curso es tu gu\u00eda de inicio r\u00e1pido para nuestra plataforma SEO todo en uno. Descubre las mejores pr\u00e1cticas y todo lo que necesitas para empezar con buen pie en SE Ranking.","breadcrumb":{"@id":"https:\/\/seranking.com\/es\/academy\/como-empezar-con-se-ranking.html#breadcrumb"},"inLanguage":"es","potentialAction":[{"@type":"ReadAction","target":["https:\/\/seranking.com\/es\/academy\/como-empezar-con-se-ranking.html"]}]},{"@type":"BreadcrumbList","@id":"https:\/\/seranking.com\/es\/academy\/como-empezar-con-se-ranking.html#breadcrumb","itemListElement":[{"@type":"ListItem","position":1,"name":"SE Ranking Academy","item":"https:\/\/seranking.com\/es\/academy.html"},{"@type":"ListItem","position":2,"name":"C\u00f3mo empezar con SE\u00a0Ranking"}]},{"@type":"WebSite","@id":"https:\/\/seranking.com\/es\/#website","url":"https:\/\/seranking.com\/es\/","name":"SE Ranking Spanish","description":"SE Ranking: software SEO elegido por 200 000 especialistas SEO, agencias digitales y propietarios de negocios. Esta plataforma SEO todo en uno ofrece 35 herramientas y se adapta a cualquier localidad. Audita, monitorea, prueba, mide y ejecuta tus estrategias SEO de manera r\u00e1pida, eficiente y dentro del presupuesto. Comienza gratis.","potentialAction":[{"@type":"SearchAction","target":{"@type":"EntryPoint","urlTemplate":"https:\/\/seranking.com\/es\/?s={search_term_string}"},"query-input":{"@type":"PropertyValueSpecification","valueRequired":true,"valueName":"search_term_string"}}],"inLanguage":"es"}]}},"_links":{"self":[{"href":"https:\/\/seranking.com\/es\/wp-json\/wp\/v2\/pages\/41527","targetHints":{"allow":["GET"]}}],"collection":[{"href":"https:\/\/seranking.com\/es\/wp-json\/wp\/v2\/pages"}],"about":[{"href":"https:\/\/seranking.com\/es\/wp-json\/wp\/v2\/types\/page"}],"author":[{"embeddable":true,"href":"https:\/\/seranking.com\/es\/wp-json\/wp\/v2\/users\/151"}],"replies":[{"embeddable":true,"href":"https:\/\/seranking.com\/es\/wp-json\/wp\/v2\/comments?post=41527"}],"version-history":[{"count":1,"href":"https:\/\/seranking.com\/es\/wp-json\/wp\/v2\/pages\/41527\/revisions"}],"predecessor-version":[{"id":46465,"href":"https:\/\/seranking.com\/es\/wp-json\/wp\/v2\/pages\/41527\/revisions\/46465"}],"up":[{"embeddable":true,"href":"https:\/\/seranking.com\/es\/wp-json\/wp\/v2\/pages\/41521"}],"wp:attachment":[{"href":"https:\/\/seranking.com\/es\/wp-json\/wp\/v2\/media?parent=41527"}],"curies":[{"name":"wp","href":"https:\/\/api.w.org\/{rel}","templated":true}]}}