{"id":40300,"date":"2025-03-20T09:12:22","date_gmt":"2025-03-20T09:12:22","guid":{"rendered":"https:\/\/seranking.com\/es\/?page_id=40300"},"modified":"2025-03-20T09:12:22","modified_gmt":"2025-03-20T09:12:22","slug":"comprobar-volumen-de-busqueda","status":"publish","type":"page","link":"https:\/\/seranking.com\/es\/comprobar-volumen-de-busqueda.html","title":{"rendered":"Herramienta gratuita para analizar el volumen de b\u00fasqueda de palabras clave"},"content":{"rendered":"","protected":false},"excerpt":{"rendered":"","protected":false},"author":412,"featured_media":0,"parent":0,"menu_order":0,"comment_status":"closed","ping_status":"closed","template":"page-templates\/search-volume-checker.php","meta":{"_acf_changed":false,"footnotes":""},"class_list":["post-40300","page","type-page","status-publish","hentry"],"acf":[],"yoast_head":"<!-- This site is optimized with the Yoast SEO plugin v26.6 - https:\/\/yoast.com\/wordpress\/plugins\/seo\/ -->\n<title>Comprobador de volumen de b\u00fasqueda de palabras clave<\/title>\n<meta name=\"description\" content=\"\u00a1Comprueba el volumen de b\u00fasqueda de tus palabras clave gratis y elige las mejores consultas para atraer m\u00e1s tr\u00e1fico a tu sitio web!\" \/>\n<meta name=\"robots\" content=\"index, follow, max-snippet:-1, max-image-preview:large, max-video-preview:-1\" \/>\n<link rel=\"canonical\" href=\"https:\/\/seranking.com\/es\/comprobar-volumen-de-busqueda.html\" \/>\n<meta property=\"og:locale\" content=\"es_ES\" \/>\n<meta property=\"og:type\" content=\"article\" \/>\n<meta property=\"og:title\" content=\"Comprobador de volumen de b\u00fasqueda de palabras clave\" \/>\n<meta property=\"og:description\" content=\"\u00a1Comprueba el volumen de b\u00fasqueda de tus palabras clave gratis y elige las mejores consultas para atraer m\u00e1s tr\u00e1fico a tu sitio web!\" \/>\n<meta property=\"og:url\" content=\"https:\/\/seranking.com\/es\/comprobar-volumen-de-busqueda.html\" \/>\n<meta property=\"og:site_name\" content=\"SE Ranking Spanish\" \/>\n<meta property=\"og:image\" content=\"https:\/\/seranking.com\/es\/wp-content\/uploads\/sites\/10\/2024\/09\/1200\u0445675.png\" \/>\n\t<meta property=\"og:image:width\" content=\"1200\" \/>\n\t<meta property=\"og:image:height\" content=\"675\" \/>\n\t<meta property=\"og:image:type\" content=\"image\/png\" \/>\n<meta name=\"twitter:card\" content=\"summary_large_image\" \/>\n<!-- \/ Yoast SEO plugin. -->","yoast_head_json":{"title":"Comprobador de volumen de b\u00fasqueda de palabras clave","description":"\u00a1Comprueba el volumen de b\u00fasqueda de tus palabras clave gratis y elige las mejores consultas para atraer m\u00e1s tr\u00e1fico a tu sitio web!","robots":{"index":"index","follow":"follow","max-snippet":"max-snippet:-1","max-image-preview":"max-image-preview:large","max-video-preview":"max-video-preview:-1"},"canonical":"https:\/\/seranking.com\/es\/comprobar-volumen-de-busqueda.html","og_locale":"es_ES","og_type":"article","og_title":"Comprobador de volumen de b\u00fasqueda de palabras clave","og_description":"\u00a1Comprueba el volumen de b\u00fasqueda de tus palabras clave gratis y elige las mejores consultas para atraer m\u00e1s tr\u00e1fico a tu sitio web!","og_url":"https:\/\/seranking.com\/es\/comprobar-volumen-de-busqueda.html","og_site_name":"SE Ranking Spanish","og_image":[{"width":1200,"height":675,"url":"https:\/\/seranking.com\/es\/wp-content\/uploads\/sites\/10\/2024\/09\/1200\u0445675.png","type":"image\/png"}],"twitter_card":"summary_large_image","schema":{"@context":"https:\/\/schema.org","@graph":[{"@type":"WebPage","@id":"https:\/\/seranking.com\/es\/comprobar-volumen-de-busqueda.html","url":"https:\/\/seranking.com\/es\/comprobar-volumen-de-busqueda.html","name":"Comprobador de volumen de b\u00fasqueda de palabras clave","isPartOf":{"@id":"https:\/\/seranking.com\/es\/#website"},"datePublished":"2025-03-20T09:12:22+00:00","description":"\u00a1Comprueba el volumen de b\u00fasqueda de tus palabras clave gratis y elige las mejores consultas para atraer m\u00e1s tr\u00e1fico a tu sitio web!","inLanguage":"es","potentialAction":[{"@type":"ReadAction","target":["https:\/\/seranking.com\/es\/comprobar-volumen-de-busqueda.html"]}]},{"@type":"WebSite","@id":"https:\/\/seranking.com\/es\/#website","url":"https:\/\/seranking.com\/es\/","name":"SE Ranking Spanish","description":"SE Ranking: software SEO elegido por 200 000 especialistas SEO, agencias digitales y propietarios de negocios. Esta plataforma SEO todo en uno ofrece 35 herramientas y se adapta a cualquier localidad. Audita, monitorea, prueba, mide y ejecuta tus estrategias SEO de manera r\u00e1pida, eficiente y dentro del presupuesto. Comienza gratis.","potentialAction":[{"@type":"SearchAction","target":{"@type":"EntryPoint","urlTemplate":"https:\/\/seranking.com\/es\/?s={search_term_string}"},"query-input":{"@type":"PropertyValueSpecification","valueRequired":true,"valueName":"search_term_string"}}],"inLanguage":"es"}]}},"_links":{"self":[{"href":"https:\/\/seranking.com\/es\/wp-json\/wp\/v2\/pages\/40300","targetHints":{"allow":["GET"]}}],"collection":[{"href":"https:\/\/seranking.com\/es\/wp-json\/wp\/v2\/pages"}],"about":[{"href":"https:\/\/seranking.com\/es\/wp-json\/wp\/v2\/types\/page"}],"author":[{"embeddable":true,"href":"https:\/\/seranking.com\/es\/wp-json\/wp\/v2\/users\/412"}],"replies":[{"embeddable":true,"href":"https:\/\/seranking.com\/es\/wp-json\/wp\/v2\/comments?post=40300"}],"version-history":[{"count":0,"href":"https:\/\/seranking.com\/es\/wp-json\/wp\/v2\/pages\/40300\/revisions"}],"wp:attachment":[{"href":"https:\/\/seranking.com\/es\/wp-json\/wp\/v2\/media?parent=40300"}],"curies":[{"name":"wp","href":"https:\/\/api.w.org\/{rel}","templated":true}]}}