{"id":3828,"date":"2020-03-31T09:05:15","date_gmt":"2020-03-31T09:05:15","guid":{"rendered":"https:\/\/seranking.com\/es\/?page_id=3828"},"modified":"2021-04-22T14:02:02","modified_gmt":"2021-04-22T14:02:02","slug":"marathon","status":"publish","type":"page","link":"https:\/\/seranking.com\/es\/marathon.html","title":{"rendered":"Marat\u00f3n del Marketing"},"content":{"rendered":"","protected":false},"excerpt":{"rendered":"","protected":false},"author":1,"featured_media":0,"parent":0,"menu_order":0,"comment_status":"closed","ping_status":"closed","template":"page-templates\/online-marathon-template.php","meta":{"_acf_changed":false,"footnotes":""},"class_list":["post-3828","page","type-page","status-publish","hentry"],"acf":[],"yoast_head":"<!-- This site is optimized with the Yoast SEO plugin v26.6 - https:\/\/yoast.com\/wordpress\/plugins\/seo\/ -->\n<title>Maraton del Marketing: C\u00f3mo dejar de entrar en p\u00e1nico y comenzar a hacer algo<\/title>\n<meta name=\"description\" content=\"Marat\u00f3n de marketing contra la crisis. 7 expertos te dir\u00e1n c\u00f3mo adaptarse a una nueva realidad y mantener tu negocio a flote utilizando las principales herramientas del marketing digital\" \/>\n<meta name=\"robots\" content=\"index, follow, max-snippet:-1, max-image-preview:large, max-video-preview:-1\" \/>\n<link rel=\"canonical\" href=\"https:\/\/seranking.com\/es\/marathon.html\" \/>\n<meta property=\"og:locale\" content=\"es_ES\" \/>\n<meta property=\"og:type\" content=\"article\" \/>\n<meta property=\"og:title\" content=\"Maraton del Marketing: C\u00f3mo dejar de entrar en p\u00e1nico y comenzar a hacer algo\" \/>\n<meta property=\"og:description\" content=\"Marat\u00f3n de marketing contra la crisis. 7 expertos te dir\u00e1n c\u00f3mo adaptarse a una nueva realidad y mantener tu negocio a flote utilizando las principales herramientas del marketing digital\" \/>\n<meta property=\"og:url\" content=\"https:\/\/seranking.com\/es\/marathon.html\" \/>\n<meta property=\"og:site_name\" content=\"SE Ranking Spanish\" \/>\n<meta property=\"article:modified_time\" content=\"2021-04-22T14:02:02+00:00\" \/>\n<meta property=\"og:image\" content=\"https:\/\/seranking.com\/es\/wp-content\/uploads\/sites\/10\/2020\/03\/1.2-es.png\" \/>\n\t<meta property=\"og:image:width\" content=\"2400\" \/>\n\t<meta property=\"og:image:height\" content=\"1256\" \/>\n\t<meta property=\"og:image:type\" content=\"image\/png\" \/>\n<meta name=\"twitter:card\" content=\"summary_large_image\" \/>\n<meta name=\"twitter:image\" content=\"https:\/\/seranking.com\/es\/wp-content\/uploads\/sites\/10\/2020\/03\/1.2-es.png\" \/>\n<!-- \/ Yoast SEO plugin. -->","yoast_head_json":{"title":"Maraton del Marketing: C\u00f3mo dejar de entrar en p\u00e1nico y comenzar a hacer algo","description":"Marat\u00f3n de marketing contra la crisis. 7 expertos te dir\u00e1n c\u00f3mo adaptarse a una nueva realidad y mantener tu negocio a flote utilizando las principales herramientas del marketing digital","robots":{"index":"index","follow":"follow","max-snippet":"max-snippet:-1","max-image-preview":"max-image-preview:large","max-video-preview":"max-video-preview:-1"},"canonical":"https:\/\/seranking.com\/es\/marathon.html","og_locale":"es_ES","og_type":"article","og_title":"Maraton del Marketing: C\u00f3mo dejar de entrar en p\u00e1nico y comenzar a hacer algo","og_description":"Marat\u00f3n de marketing contra la crisis. 7 expertos te dir\u00e1n c\u00f3mo adaptarse a una nueva realidad y mantener tu negocio a flote utilizando las principales herramientas del marketing digital","og_url":"https:\/\/seranking.com\/es\/marathon.html","og_site_name":"SE Ranking Spanish","article_modified_time":"2021-04-22T14:02:02+00:00","og_image":[{"width":2400,"height":1256,"url":"https:\/\/seranking.com\/es\/wp-content\/uploads\/sites\/10\/2020\/03\/1.2-es.png","type":"image\/png"}],"twitter_card":"summary_large_image","twitter_image":"https:\/\/seranking.com\/es\/wp-content\/uploads\/sites\/10\/2020\/03\/1.2-es.png","schema":{"@context":"https:\/\/schema.org","@graph":[{"@type":"WebPage","@id":"https:\/\/seranking.com\/es\/marathon.html","url":"https:\/\/seranking.com\/es\/marathon.html","name":"Maraton del Marketing: C\u00f3mo dejar de entrar en p\u00e1nico y comenzar a hacer algo","isPartOf":{"@id":"https:\/\/seranking.com\/es\/#website"},"datePublished":"2020-03-31T09:05:15+00:00","dateModified":"2021-04-22T14:02:02+00:00","description":"Marat\u00f3n de marketing contra la crisis. 7 expertos te dir\u00e1n c\u00f3mo adaptarse a una nueva realidad y mantener tu negocio a flote utilizando las principales herramientas del marketing digital","inLanguage":"es","potentialAction":[{"@type":"ReadAction","target":["https:\/\/seranking.com\/es\/marathon.html"]}]},{"@type":"WebSite","@id":"https:\/\/seranking.com\/es\/#website","url":"https:\/\/seranking.com\/es\/","name":"SE Ranking Spanish","description":"SE Ranking: software SEO elegido por 200 000 especialistas SEO, agencias digitales y propietarios de negocios. Esta plataforma SEO todo en uno ofrece 35 herramientas y se adapta a cualquier localidad. Audita, monitorea, prueba, mide y ejecuta tus estrategias SEO de manera r\u00e1pida, eficiente y dentro del presupuesto. Comienza gratis.","potentialAction":[{"@type":"SearchAction","target":{"@type":"EntryPoint","urlTemplate":"https:\/\/seranking.com\/es\/?s={search_term_string}"},"query-input":{"@type":"PropertyValueSpecification","valueRequired":true,"valueName":"search_term_string"}}],"inLanguage":"es"}]}},"_links":{"self":[{"href":"https:\/\/seranking.com\/es\/wp-json\/wp\/v2\/pages\/3828","targetHints":{"allow":["GET"]}}],"collection":[{"href":"https:\/\/seranking.com\/es\/wp-json\/wp\/v2\/pages"}],"about":[{"href":"https:\/\/seranking.com\/es\/wp-json\/wp\/v2\/types\/page"}],"author":[{"embeddable":true,"href":"https:\/\/seranking.com\/es\/wp-json\/wp\/v2\/users\/1"}],"replies":[{"embeddable":true,"href":"https:\/\/seranking.com\/es\/wp-json\/wp\/v2\/comments?post=3828"}],"version-history":[{"count":0,"href":"https:\/\/seranking.com\/es\/wp-json\/wp\/v2\/pages\/3828\/revisions"}],"wp:attachment":[{"href":"https:\/\/seranking.com\/es\/wp-json\/wp\/v2\/media?parent=3828"}],"curies":[{"name":"wp","href":"https:\/\/api.w.org\/{rel}","templated":true}]}}