{"id":26734,"date":"2024-05-03T13:58:09","date_gmt":"2024-05-03T13:58:09","guid":{"rendered":"https:\/\/seranking.com\/es\/?page_id=26734"},"modified":"2025-02-12T12:15:34","modified_gmt":"2025-02-12T12:15:34","slug":"about-us","status":"publish","type":"page","link":"https:\/\/seranking.com\/es\/about-us.html","title":{"rendered":"Hacemos que el SEO sea intuitivo"},"content":{"rendered":"","protected":false},"excerpt":{"rendered":"","protected":false},"author":376,"featured_media":0,"parent":0,"menu_order":0,"comment_status":"closed","ping_status":"closed","template":"page-templates\/about-us-2024.php","meta":{"_acf_changed":false,"footnotes":""},"class_list":["post-26734","page","type-page","status-publish","hentry"],"acf":[],"yoast_head":"<!-- This site is optimized with the Yoast SEO plugin v26.6 - https:\/\/yoast.com\/wordpress\/plugins\/seo\/ -->\n<title>Sobre nosotros | SE Ranking<\/title>\n<meta name=\"description\" content=\"Descubre la misi\u00f3n de SE Ranking y por qu\u00e9 los expertos en SEO nos eligen. Conoce a nuestro equipo, herramientas y valores para ver si somos tu opci\u00f3n ideal.\" \/>\n<meta name=\"robots\" content=\"index, follow, max-snippet:-1, max-image-preview:large, max-video-preview:-1\" \/>\n<link rel=\"canonical\" href=\"https:\/\/seranking.com\/es\/about-us.html\" \/>\n<meta property=\"og:locale\" content=\"es_ES\" \/>\n<meta property=\"og:type\" content=\"article\" \/>\n<meta property=\"og:title\" content=\"Sobre nosotros | SE Ranking\" \/>\n<meta property=\"og:description\" content=\"Descubre la misi\u00f3n de SE Ranking y por qu\u00e9 los expertos en SEO nos eligen. Conoce a nuestro equipo, herramientas y valores para ver si somos tu opci\u00f3n ideal.\" \/>\n<meta property=\"og:url\" content=\"https:\/\/seranking.com\/es\/about-us.html\" \/>\n<meta property=\"og:site_name\" content=\"SE Ranking Spanish\" \/>\n<meta property=\"article:modified_time\" content=\"2025-02-12T12:15:34+00:00\" \/>\n<meta property=\"og:image\" content=\"https:\/\/seranking.com\/es\/wp-content\/uploads\/sites\/10\/2024\/09\/1200\u0445675.png\" \/>\n\t<meta property=\"og:image:width\" content=\"1200\" \/>\n\t<meta property=\"og:image:height\" content=\"675\" \/>\n\t<meta property=\"og:image:type\" content=\"image\/png\" \/>\n<meta name=\"twitter:card\" content=\"summary_large_image\" \/>\n<!-- \/ Yoast SEO plugin. -->","yoast_head_json":{"title":"Sobre nosotros | SE Ranking","description":"Descubre la misi\u00f3n de SE Ranking y por qu\u00e9 los expertos en SEO nos eligen. Conoce a nuestro equipo, herramientas y valores para ver si somos tu opci\u00f3n ideal.","robots":{"index":"index","follow":"follow","max-snippet":"max-snippet:-1","max-image-preview":"max-image-preview:large","max-video-preview":"max-video-preview:-1"},"canonical":"https:\/\/seranking.com\/es\/about-us.html","og_locale":"es_ES","og_type":"article","og_title":"Sobre nosotros | SE Ranking","og_description":"Descubre la misi\u00f3n de SE Ranking y por qu\u00e9 los expertos en SEO nos eligen. Conoce a nuestro equipo, herramientas y valores para ver si somos tu opci\u00f3n ideal.","og_url":"https:\/\/seranking.com\/es\/about-us.html","og_site_name":"SE Ranking Spanish","article_modified_time":"2025-02-12T12:15:34+00:00","og_image":[{"width":1200,"height":675,"url":"https:\/\/seranking.com\/es\/wp-content\/uploads\/sites\/10\/2024\/09\/1200\u0445675.png","type":"image\/png"}],"twitter_card":"summary_large_image","schema":{"@context":"https:\/\/schema.org","@graph":[{"@type":"WebPage","@id":"https:\/\/seranking.com\/es\/about-us.html","url":"https:\/\/seranking.com\/es\/about-us.html","name":"Sobre nosotros | SE Ranking","isPartOf":{"@id":"https:\/\/seranking.com\/es\/#website"},"datePublished":"2024-05-03T13:58:09+00:00","dateModified":"2025-02-12T12:15:34+00:00","description":"Descubre la misi\u00f3n de SE Ranking y por qu\u00e9 los expertos en SEO nos eligen. Conoce a nuestro equipo, herramientas y valores para ver si somos tu opci\u00f3n ideal.","inLanguage":"es","potentialAction":[{"@type":"ReadAction","target":["https:\/\/seranking.com\/es\/about-us.html"]}]},{"@type":"WebSite","@id":"https:\/\/seranking.com\/es\/#website","url":"https:\/\/seranking.com\/es\/","name":"SE Ranking Spanish","description":"SE Ranking: software SEO elegido por 200 000 especialistas SEO, agencias digitales y propietarios de negocios. Esta plataforma SEO todo en uno ofrece 35 herramientas y se adapta a cualquier localidad. Audita, monitorea, prueba, mide y ejecuta tus estrategias SEO de manera r\u00e1pida, eficiente y dentro del presupuesto. Comienza gratis.","potentialAction":[{"@type":"SearchAction","target":{"@type":"EntryPoint","urlTemplate":"https:\/\/seranking.com\/es\/?s={search_term_string}"},"query-input":{"@type":"PropertyValueSpecification","valueRequired":true,"valueName":"search_term_string"}}],"inLanguage":"es"}]}},"_links":{"self":[{"href":"https:\/\/seranking.com\/es\/wp-json\/wp\/v2\/pages\/26734","targetHints":{"allow":["GET"]}}],"collection":[{"href":"https:\/\/seranking.com\/es\/wp-json\/wp\/v2\/pages"}],"about":[{"href":"https:\/\/seranking.com\/es\/wp-json\/wp\/v2\/types\/page"}],"author":[{"embeddable":true,"href":"https:\/\/seranking.com\/es\/wp-json\/wp\/v2\/users\/376"}],"replies":[{"embeddable":true,"href":"https:\/\/seranking.com\/es\/wp-json\/wp\/v2\/comments?post=26734"}],"version-history":[{"count":0,"href":"https:\/\/seranking.com\/es\/wp-json\/wp\/v2\/pages\/26734\/revisions"}],"wp:attachment":[{"href":"https:\/\/seranking.com\/es\/wp-json\/wp\/v2\/media?parent=26734"}],"curies":[{"name":"wp","href":"https:\/\/api.w.org\/{rel}","templated":true}]}}