{"id":26476,"date":"2024-03-14T13:36:52","date_gmt":"2024-03-14T13:36:52","guid":{"rendered":"https:\/\/seranking.com\/es\/?page_id=26476"},"modified":"2026-02-19T16:00:33","modified_gmt":"2026-02-19T16:00:33","slug":"worthy-sistrix-alternative","status":"publish","type":"page","link":"https:\/\/seranking.com\/es\/worthy-sistrix-alternative.html","title":{"rendered":"\u00bfBuscas la mejor alternativa a Sistrix?"},"content":{"rendered":"","protected":false},"excerpt":{"rendered":"","protected":false},"author":181,"featured_media":0,"parent":0,"menu_order":0,"comment_status":"closed","ping_status":"closed","template":"page-templates\/moz-alternative-template-2023.php","meta":{"_acf_changed":false,"footnotes":""},"class_list":["post-26476","page","type-page","status-publish","hentry"],"acf":[],"yoast_head":"<!-- This site is optimized with the Yoast SEO plugin v26.6 - https:\/\/yoast.com\/wordpress\/plugins\/seo\/ -->\n<title>Una alternativa a Sistrix que deber\u00edas probar: SE Ranking<\/title>\n<meta name=\"description\" content=\"Sistrix vs SE Ranking: explora nuestra comparaci\u00f3n detallada entre Sistrix y SE Ranking, una alternativa completa a Sistrix, eligida por m\u00e1s de 1,000,000 de usuarios por todo el mundo.\" \/>\n<meta name=\"robots\" content=\"index, follow, max-snippet:-1, max-image-preview:large, max-video-preview:-1\" \/>\n<link rel=\"canonical\" href=\"https:\/\/seranking.com\/es\/worthy-sistrix-alternative.html\" \/>\n<meta property=\"og:locale\" content=\"es_ES\" \/>\n<meta property=\"og:type\" content=\"article\" \/>\n<meta property=\"og:title\" content=\"Una alternativa a Sistrix que deber\u00edas probar: SE Ranking\" \/>\n<meta property=\"og:description\" content=\"Sistrix vs SE Ranking: explora nuestra comparaci\u00f3n detallada entre Sistrix y SE Ranking, una alternativa completa a Sistrix, eligida por m\u00e1s de 1,000,000 de usuarios por todo el mundo.\" \/>\n<meta property=\"og:url\" content=\"https:\/\/seranking.com\/es\/worthy-sistrix-alternative.html\" \/>\n<meta property=\"og:site_name\" content=\"SE Ranking Spanish\" \/>\n<meta property=\"article:modified_time\" content=\"2026-02-19T16:00:33+00:00\" \/>\n<meta property=\"og:image\" content=\"https:\/\/seranking.com\/es\/wp-content\/uploads\/sites\/10\/2024\/09\/1200\u0445675.png\" \/>\n\t<meta property=\"og:image:width\" content=\"1200\" \/>\n\t<meta property=\"og:image:height\" content=\"675\" \/>\n\t<meta property=\"og:image:type\" content=\"image\/png\" \/>\n<meta name=\"twitter:card\" content=\"summary_large_image\" \/>\n<!-- \/ Yoast SEO plugin. -->","yoast_head_json":{"title":"Una alternativa a Sistrix que deber\u00edas probar: SE Ranking","description":"Sistrix vs SE Ranking: explora nuestra comparaci\u00f3n detallada entre Sistrix y SE Ranking, una alternativa completa a Sistrix, eligida por m\u00e1s de 1,000,000 de usuarios por todo el mundo.","robots":{"index":"index","follow":"follow","max-snippet":"max-snippet:-1","max-image-preview":"max-image-preview:large","max-video-preview":"max-video-preview:-1"},"canonical":"https:\/\/seranking.com\/es\/worthy-sistrix-alternative.html","og_locale":"es_ES","og_type":"article","og_title":"Una alternativa a Sistrix que deber\u00edas probar: SE Ranking","og_description":"Sistrix vs SE Ranking: explora nuestra comparaci\u00f3n detallada entre Sistrix y SE Ranking, una alternativa completa a Sistrix, eligida por m\u00e1s de 1,000,000 de usuarios por todo el mundo.","og_url":"https:\/\/seranking.com\/es\/worthy-sistrix-alternative.html","og_site_name":"SE Ranking Spanish","article_modified_time":"2026-02-19T16:00:33+00:00","og_image":[{"width":1200,"height":675,"url":"https:\/\/seranking.com\/es\/wp-content\/uploads\/sites\/10\/2024\/09\/1200\u0445675.png","type":"image\/png"}],"twitter_card":"summary_large_image","schema":{"@context":"https:\/\/schema.org","@graph":[{"@type":"WebPage","@id":"https:\/\/seranking.com\/es\/worthy-sistrix-alternative.html","url":"https:\/\/seranking.com\/es\/worthy-sistrix-alternative.html","name":"Una alternativa a Sistrix que deber\u00edas probar: SE Ranking","isPartOf":{"@id":"https:\/\/seranking.com\/es\/#website"},"datePublished":"2024-03-14T13:36:52+00:00","dateModified":"2026-02-19T16:00:33+00:00","description":"Sistrix vs SE Ranking: explora nuestra comparaci\u00f3n detallada entre Sistrix y SE Ranking, una alternativa completa a Sistrix, eligida por m\u00e1s de 1,000,000 de usuarios por todo el mundo.","inLanguage":"es","potentialAction":[{"@type":"ReadAction","target":["https:\/\/seranking.com\/es\/worthy-sistrix-alternative.html"]}]},{"@type":"WebSite","@id":"https:\/\/seranking.com\/es\/#website","url":"https:\/\/seranking.com\/es\/","name":"SE Ranking Spanish","description":"SE Ranking: software SEO elegido por 200 000 especialistas SEO, agencias digitales y propietarios de negocios. Esta plataforma SEO todo en uno ofrece 35 herramientas y se adapta a cualquier localidad. Audita, monitorea, prueba, mide y ejecuta tus estrategias SEO de manera r\u00e1pida, eficiente y dentro del presupuesto. Comienza gratis.","potentialAction":[{"@type":"SearchAction","target":{"@type":"EntryPoint","urlTemplate":"https:\/\/seranking.com\/es\/?s={search_term_string}"},"query-input":{"@type":"PropertyValueSpecification","valueRequired":true,"valueName":"search_term_string"}}],"inLanguage":"es"}]}},"_links":{"self":[{"href":"https:\/\/seranking.com\/es\/wp-json\/wp\/v2\/pages\/26476","targetHints":{"allow":["GET"]}}],"collection":[{"href":"https:\/\/seranking.com\/es\/wp-json\/wp\/v2\/pages"}],"about":[{"href":"https:\/\/seranking.com\/es\/wp-json\/wp\/v2\/types\/page"}],"author":[{"embeddable":true,"href":"https:\/\/seranking.com\/es\/wp-json\/wp\/v2\/users\/181"}],"replies":[{"embeddable":true,"href":"https:\/\/seranking.com\/es\/wp-json\/wp\/v2\/comments?post=26476"}],"version-history":[{"count":4,"href":"https:\/\/seranking.com\/es\/wp-json\/wp\/v2\/pages\/26476\/revisions"}],"predecessor-version":[{"id":49678,"href":"https:\/\/seranking.com\/es\/wp-json\/wp\/v2\/pages\/26476\/revisions\/49678"}],"wp:attachment":[{"href":"https:\/\/seranking.com\/es\/wp-json\/wp\/v2\/media?parent=26476"}],"curies":[{"name":"wp","href":"https:\/\/api.w.org\/{rel}","templated":true}]}}