{"id":21433,"date":"2023-09-12T09:32:29","date_gmt":"2023-09-12T09:32:29","guid":{"rendered":"https:\/\/seranking.com\/es\/?page_id=21433"},"modified":"2026-03-02T17:00:10","modified_gmt":"2026-03-02T17:00:10","slug":"agency-pack","status":"publish","type":"page","link":"https:\/\/seranking.com\/es\/agency-pack.html","title":{"rendered":"Desbloquea nuevas oportunidades de negocio con el <span>Paquete&nbsp;para&nbsp;Agencias<\/span>"},"content":{"rendered":"","protected":false},"excerpt":{"rendered":"","protected":false},"author":358,"featured_media":0,"parent":0,"menu_order":0,"comment_status":"closed","ping_status":"closed","template":"page-templates\/agency-pack-2023.php","meta":{"_acf_changed":false,"footnotes":""},"class_list":["post-21433","page","type-page","status-publish","hentry"],"acf":[],"yoast_head":"<!-- This site is optimized with the Yoast SEO plugin v26.6 - https:\/\/yoast.com\/wordpress\/plugins\/seo\/ -->\n<title>Paquete para Agencias de SE Ranking: genera m\u00e1s confianza con tus clientes<\/title>\n<meta name=\"description\" content=\"Este complemento empodera a las agencias en cada etapa del ciclo de gesti\u00f3n de clientes, ayud\u00e1ndoles a atraer nuevos clientes y a fidelizar a los existentes.\" \/>\n<meta name=\"robots\" content=\"index, follow, max-snippet:-1, max-image-preview:large, max-video-preview:-1\" \/>\n<link rel=\"canonical\" href=\"https:\/\/seranking.com\/es\/agency-pack.html\" \/>\n<meta property=\"og:locale\" content=\"es_ES\" \/>\n<meta property=\"og:type\" content=\"article\" \/>\n<meta property=\"og:title\" content=\"Paquete para Agencias de SE Ranking: genera m\u00e1s confianza con tus clientes\" \/>\n<meta property=\"og:description\" content=\"Este complemento empodera a las agencias en cada etapa del ciclo de gesti\u00f3n de clientes, ayud\u00e1ndoles a atraer nuevos clientes y a fidelizar a los existentes.\" \/>\n<meta property=\"og:url\" content=\"https:\/\/seranking.com\/es\/agency-pack.html\" \/>\n<meta property=\"og:site_name\" content=\"SE Ranking Spanish\" \/>\n<meta property=\"article:modified_time\" content=\"2026-03-02T17:00:10+00:00\" \/>\n<meta property=\"og:image\" content=\"https:\/\/seranking.com\/es\/wp-content\/uploads\/sites\/10\/2024\/09\/1200\u0445675.png\" \/>\n\t<meta property=\"og:image:width\" content=\"1200\" \/>\n\t<meta property=\"og:image:height\" content=\"675\" \/>\n\t<meta property=\"og:image:type\" content=\"image\/png\" \/>\n<meta name=\"twitter:card\" content=\"summary_large_image\" \/>\n<!-- \/ Yoast SEO plugin. -->","yoast_head_json":{"title":"Paquete para Agencias de SE Ranking: genera m\u00e1s confianza con tus clientes","description":"Este complemento empodera a las agencias en cada etapa del ciclo de gesti\u00f3n de clientes, ayud\u00e1ndoles a atraer nuevos clientes y a fidelizar a los existentes.","robots":{"index":"index","follow":"follow","max-snippet":"max-snippet:-1","max-image-preview":"max-image-preview:large","max-video-preview":"max-video-preview:-1"},"canonical":"https:\/\/seranking.com\/es\/agency-pack.html","og_locale":"es_ES","og_type":"article","og_title":"Paquete para Agencias de SE Ranking: genera m\u00e1s confianza con tus clientes","og_description":"Este complemento empodera a las agencias en cada etapa del ciclo de gesti\u00f3n de clientes, ayud\u00e1ndoles a atraer nuevos clientes y a fidelizar a los existentes.","og_url":"https:\/\/seranking.com\/es\/agency-pack.html","og_site_name":"SE Ranking Spanish","article_modified_time":"2026-03-02T17:00:10+00:00","og_image":[{"width":1200,"height":675,"url":"https:\/\/seranking.com\/es\/wp-content\/uploads\/sites\/10\/2024\/09\/1200\u0445675.png","type":"image\/png"}],"twitter_card":"summary_large_image","schema":{"@context":"https:\/\/schema.org","@graph":[{"@type":"WebPage","@id":"https:\/\/seranking.com\/es\/agency-pack.html","url":"https:\/\/seranking.com\/es\/agency-pack.html","name":"Paquete para Agencias de SE Ranking: genera m\u00e1s confianza con tus clientes","isPartOf":{"@id":"https:\/\/seranking.com\/es\/#website"},"datePublished":"2023-09-12T09:32:29+00:00","dateModified":"2026-03-02T17:00:10+00:00","description":"Este complemento empodera a las agencias en cada etapa del ciclo de gesti\u00f3n de clientes, ayud\u00e1ndoles a atraer nuevos clientes y a fidelizar a los existentes.","inLanguage":"es","potentialAction":[{"@type":"ReadAction","target":["https:\/\/seranking.com\/es\/agency-pack.html"]}]},{"@type":"WebSite","@id":"https:\/\/seranking.com\/es\/#website","url":"https:\/\/seranking.com\/es\/","name":"SE Ranking Spanish","description":"SE Ranking: software SEO elegido por 200 000 especialistas SEO, agencias digitales y propietarios de negocios. Esta plataforma SEO todo en uno ofrece 35 herramientas y se adapta a cualquier localidad. Audita, monitorea, prueba, mide y ejecuta tus estrategias SEO de manera r\u00e1pida, eficiente y dentro del presupuesto. Comienza gratis.","potentialAction":[{"@type":"SearchAction","target":{"@type":"EntryPoint","urlTemplate":"https:\/\/seranking.com\/es\/?s={search_term_string}"},"query-input":{"@type":"PropertyValueSpecification","valueRequired":true,"valueName":"search_term_string"}}],"inLanguage":"es"}]}},"_links":{"self":[{"href":"https:\/\/seranking.com\/es\/wp-json\/wp\/v2\/pages\/21433","targetHints":{"allow":["GET"]}}],"collection":[{"href":"https:\/\/seranking.com\/es\/wp-json\/wp\/v2\/pages"}],"about":[{"href":"https:\/\/seranking.com\/es\/wp-json\/wp\/v2\/types\/page"}],"author":[{"embeddable":true,"href":"https:\/\/seranking.com\/es\/wp-json\/wp\/v2\/users\/358"}],"replies":[{"embeddable":true,"href":"https:\/\/seranking.com\/es\/wp-json\/wp\/v2\/comments?post=21433"}],"version-history":[{"count":2,"href":"https:\/\/seranking.com\/es\/wp-json\/wp\/v2\/pages\/21433\/revisions"}],"predecessor-version":[{"id":50053,"href":"https:\/\/seranking.com\/es\/wp-json\/wp\/v2\/pages\/21433\/revisions\/50053"}],"wp:attachment":[{"href":"https:\/\/seranking.com\/es\/wp-json\/wp\/v2\/media?parent=21433"}],"curies":[{"name":"wp","href":"https:\/\/api.w.org\/{rel}","templated":true}]}}