{"id":490,"date":"2019-03-18T08:00:09","date_gmt":"2019-03-18T08:00:09","guid":{"rendered":"https:\/\/zankovich-com.sr-srv.net\/de\/?page_id=490"},"modified":"2022-06-09T09:10:26","modified_gmt":"2022-06-09T09:10:26","slug":"webseite-monitoring","status":"publish","type":"page","link":"https:\/\/seranking.com\/de\/webseite-monitoring.html","title":{"rendered":"Website-Monitoring"},"content":{"rendered":"","protected":false},"excerpt":{"rendered":"","protected":false},"author":1,"featured_media":0,"parent":0,"menu_order":0,"comment_status":"closed","ping_status":"closed","template":"page-templates\/page-changes-monitoring-new.php","meta":{"_acf_changed":false,"footnotes":""},"class_list":["post-490","page","type-page","status-publish","hentry"],"acf":[],"yoast_head":"<!-- This site is optimized with the Yoast SEO plugin v26.6 - https:\/\/yoast.com\/wordpress\/plugins\/seo\/ -->\n<title>Website-Monitoring-Tool | 24\/7 Webseiten \u00dcberwachung<\/title>\n<meta name=\"description\" content=\"Website-Monitoring: 24\/7 Website\u00e4nderungen \u00fcberwachen und Benachrichtigungen erhalten \u00fcber alle Ver\u00e4nderungen auf deiner Website oder der deiner Mitbewerber.\" \/>\n<meta name=\"robots\" content=\"index, follow, max-snippet:-1, max-image-preview:large, max-video-preview:-1\" \/>\n<link rel=\"canonical\" href=\"https:\/\/seranking.com\/de\/webseite-monitoring.html\" \/>\n<meta property=\"og:locale\" content=\"de_DE\" \/>\n<meta property=\"og:type\" content=\"article\" \/>\n<meta property=\"og:title\" content=\"Website-Monitoring-Tool | 24\/7 Webseiten \u00dcberwachung\" \/>\n<meta property=\"og:description\" content=\"Website-Monitoring: 24\/7 Website\u00e4nderungen \u00fcberwachen und Benachrichtigungen erhalten \u00fcber alle Ver\u00e4nderungen auf deiner Website oder der deiner Mitbewerber.\" \/>\n<meta property=\"og:url\" content=\"https:\/\/seranking.com\/de\/webseite-monitoring.html\" \/>\n<meta property=\"og:site_name\" content=\"SE Ranking German\" \/>\n<meta property=\"article:modified_time\" content=\"2022-06-09T09:10:26+00:00\" \/>\n<meta property=\"og:image\" content=\"https:\/\/seranking.com\/de\/wp-content\/uploads\/sites\/5\/2024\/09\/1200\u0445675.png\" \/>\n\t<meta property=\"og:image:width\" content=\"1200\" \/>\n\t<meta property=\"og:image:height\" content=\"675\" \/>\n\t<meta property=\"og:image:type\" content=\"image\/png\" \/>\n<meta name=\"twitter:card\" content=\"summary_large_image\" \/>\n<!-- \/ Yoast SEO plugin. -->","yoast_head_json":{"title":"Website-Monitoring-Tool | 24\/7 Webseiten \u00dcberwachung","description":"Website-Monitoring: 24\/7 Website\u00e4nderungen \u00fcberwachen und Benachrichtigungen erhalten \u00fcber alle Ver\u00e4nderungen auf deiner Website oder der deiner Mitbewerber.","robots":{"index":"index","follow":"follow","max-snippet":"max-snippet:-1","max-image-preview":"max-image-preview:large","max-video-preview":"max-video-preview:-1"},"canonical":"https:\/\/seranking.com\/de\/webseite-monitoring.html","og_locale":"de_DE","og_type":"article","og_title":"Website-Monitoring-Tool | 24\/7 Webseiten \u00dcberwachung","og_description":"Website-Monitoring: 24\/7 Website\u00e4nderungen \u00fcberwachen und Benachrichtigungen erhalten \u00fcber alle Ver\u00e4nderungen auf deiner Website oder der deiner Mitbewerber.","og_url":"https:\/\/seranking.com\/de\/webseite-monitoring.html","og_site_name":"SE Ranking German","article_modified_time":"2022-06-09T09:10:26+00:00","og_image":[{"width":1200,"height":675,"url":"https:\/\/seranking.com\/de\/wp-content\/uploads\/sites\/5\/2024\/09\/1200\u0445675.png","type":"image\/png"}],"twitter_card":"summary_large_image","schema":{"@context":"https:\/\/schema.org","@graph":[{"@type":"WebPage","@id":"https:\/\/seranking.com\/de\/webseite-monitoring.html","url":"https:\/\/seranking.com\/de\/webseite-monitoring.html","name":"Website-Monitoring-Tool | 24\/7 Webseiten \u00dcberwachung","isPartOf":{"@id":"https:\/\/seranking.com\/de\/#website"},"datePublished":"2019-03-18T08:00:09+00:00","dateModified":"2022-06-09T09:10:26+00:00","description":"Website-Monitoring: 24\/7 Website\u00e4nderungen \u00fcberwachen und Benachrichtigungen erhalten \u00fcber alle Ver\u00e4nderungen auf deiner Website oder der deiner Mitbewerber.","inLanguage":"de-DE","potentialAction":[{"@type":"ReadAction","target":["https:\/\/seranking.com\/de\/webseite-monitoring.html"]}]},{"@type":"WebSite","@id":"https:\/\/seranking.com\/de\/#website","url":"https:\/\/seranking.com\/de\/","name":"SE Ranking German","description":"Just another SE Ranking Blog Sites site","potentialAction":[{"@type":"SearchAction","target":{"@type":"EntryPoint","urlTemplate":"https:\/\/seranking.com\/de\/?s={search_term_string}"},"query-input":{"@type":"PropertyValueSpecification","valueRequired":true,"valueName":"search_term_string"}}],"inLanguage":"de-DE"}]}},"_links":{"self":[{"href":"https:\/\/seranking.com\/de\/wp-json\/wp\/v2\/pages\/490","targetHints":{"allow":["GET"]}}],"collection":[{"href":"https:\/\/seranking.com\/de\/wp-json\/wp\/v2\/pages"}],"about":[{"href":"https:\/\/seranking.com\/de\/wp-json\/wp\/v2\/types\/page"}],"author":[{"embeddable":true,"href":"https:\/\/seranking.com\/de\/wp-json\/wp\/v2\/users\/1"}],"replies":[{"embeddable":true,"href":"https:\/\/seranking.com\/de\/wp-json\/wp\/v2\/comments?post=490"}],"version-history":[{"count":0,"href":"https:\/\/seranking.com\/de\/wp-json\/wp\/v2\/pages\/490\/revisions"}],"wp:attachment":[{"href":"https:\/\/seranking.com\/de\/wp-json\/wp\/v2\/media?parent=490"}],"curies":[{"name":"wp","href":"https:\/\/api.w.org\/{rel}","templated":true}]}}