{"id":43093,"date":"2024-09-18T09:17:46","date_gmt":"2024-09-18T09:17:46","guid":{"rendered":"https:\/\/seranking.com\/de\/?page_id=43093"},"modified":"2026-03-03T13:44:28","modified_gmt":"2026-03-03T13:44:28","slug":"terms-of-service-for-backlink-api","status":"publish","type":"page","link":"https:\/\/seranking.com\/de\/legal\/terms-of-service-for-backlink-api.html","title":{"rendered":"Terms of Service for Backlink API"},"content":{"rendered":"","protected":false},"excerpt":{"rendered":"","protected":false},"author":418,"featured_media":0,"parent":16006,"menu_order":0,"comment_status":"closed","ping_status":"closed","template":"privacy-policy.php","meta":{"_acf_changed":false,"footnotes":""},"class_list":["post-43093","page","type-page","status-publish","hentry"],"acf":[],"yoast_head":"<!-- This site is optimized with the Yoast SEO plugin v26.6 - https:\/\/yoast.com\/wordpress\/plugins\/seo\/ -->\n<title>Terms of Service for Backlink API - SE Ranking German<\/title>\n<meta name=\"description\" content=\"SE Ranking ist deine zuverl\u00e4ssige Plattform f\u00fcr SEO: pr\u00e4zise Daten, \u00fcbersichtliche Dashboards und einfache Berichterstellung zum fairen Preis.\" \/>\n<meta name=\"robots\" content=\"noindex, nofollow\" \/>\n<meta property=\"og:locale\" content=\"de_DE\" \/>\n<meta property=\"og:type\" content=\"article\" \/>\n<meta property=\"og:title\" content=\"Terms of Service for Backlink API - SE Ranking German\" \/>\n<meta property=\"og:description\" content=\"SE Ranking ist deine zuverl\u00e4ssige Plattform f\u00fcr SEO: pr\u00e4zise Daten, \u00fcbersichtliche Dashboards und einfache Berichterstellung zum fairen Preis.\" \/>\n<meta property=\"og:url\" content=\"https:\/\/seranking.com\/de\/legal\/terms-of-service-for-backlink-api.html\" \/>\n<meta property=\"og:site_name\" content=\"SE Ranking German\" \/>\n<meta property=\"article:modified_time\" content=\"2026-03-03T13:44:28+00:00\" \/>\n<meta property=\"og:image\" content=\"https:\/\/seranking.com\/de\/wp-content\/uploads\/sites\/5\/2024\/09\/1200\u0445675.png\" \/>\n\t<meta property=\"og:image:width\" content=\"1200\" \/>\n\t<meta property=\"og:image:height\" content=\"675\" \/>\n\t<meta property=\"og:image:type\" content=\"image\/png\" \/>\n<meta name=\"twitter:card\" content=\"summary_large_image\" \/>\n<!-- \/ Yoast SEO plugin. -->","yoast_head_json":{"title":"Terms of Service for Backlink API - SE Ranking German","description":"SE Ranking ist deine zuverl\u00e4ssige Plattform f\u00fcr SEO: pr\u00e4zise Daten, \u00fcbersichtliche Dashboards und einfache Berichterstellung zum fairen Preis.","robots":{"index":"noindex","follow":"nofollow"},"og_locale":"de_DE","og_type":"article","og_title":"Terms of Service for Backlink API - SE Ranking German","og_description":"SE Ranking ist deine zuverl\u00e4ssige Plattform f\u00fcr SEO: pr\u00e4zise Daten, \u00fcbersichtliche Dashboards und einfache Berichterstellung zum fairen Preis.","og_url":"https:\/\/seranking.com\/de\/legal\/terms-of-service-for-backlink-api.html","og_site_name":"SE Ranking German","article_modified_time":"2026-03-03T13:44:28+00:00","og_image":[{"width":1200,"height":675,"url":"https:\/\/seranking.com\/de\/wp-content\/uploads\/sites\/5\/2024\/09\/1200\u0445675.png","type":"image\/png"}],"twitter_card":"summary_large_image","schema":{"@context":"https:\/\/schema.org","@graph":[{"@type":"WebPage","@id":"https:\/\/seranking.com\/de\/legal\/terms-of-service-for-backlink-api.html","url":"https:\/\/seranking.com\/de\/legal\/terms-of-service-for-backlink-api.html","name":"Terms of Service for Backlink API - SE Ranking German","isPartOf":{"@id":"https:\/\/seranking.com\/de\/#website"},"datePublished":"2024-09-18T09:17:46+00:00","dateModified":"2026-03-03T13:44:28+00:00","description":"SE Ranking ist deine zuverl\u00e4ssige Plattform f\u00fcr SEO: pr\u00e4zise Daten, \u00fcbersichtliche Dashboards und einfache Berichterstellung zum fairen Preis.","breadcrumb":{"@id":"https:\/\/seranking.com\/de\/legal\/terms-of-service-for-backlink-api.html#breadcrumb"},"inLanguage":"de-DE","potentialAction":[{"@type":"ReadAction","target":["https:\/\/seranking.com\/de\/legal\/terms-of-service-for-backlink-api.html"]}]},{"@type":"BreadcrumbList","@id":"https:\/\/seranking.com\/de\/legal\/terms-of-service-for-backlink-api.html#breadcrumb","itemListElement":[{"@type":"ListItem","position":1,"name":"SE Ranking Rechtliche Informationen","item":"https:\/\/seranking.com\/de\/legal.html"},{"@type":"ListItem","position":2,"name":"Terms of Service for Backlink API"}]},{"@type":"WebSite","@id":"https:\/\/seranking.com\/de\/#website","url":"https:\/\/seranking.com\/de\/","name":"SE Ranking German","description":"Just another SE Ranking Blog Sites site","potentialAction":[{"@type":"SearchAction","target":{"@type":"EntryPoint","urlTemplate":"https:\/\/seranking.com\/de\/?s={search_term_string}"},"query-input":{"@type":"PropertyValueSpecification","valueRequired":true,"valueName":"search_term_string"}}],"inLanguage":"de-DE"}]}},"_links":{"self":[{"href":"https:\/\/seranking.com\/de\/wp-json\/wp\/v2\/pages\/43093","targetHints":{"allow":["GET"]}}],"collection":[{"href":"https:\/\/seranking.com\/de\/wp-json\/wp\/v2\/pages"}],"about":[{"href":"https:\/\/seranking.com\/de\/wp-json\/wp\/v2\/types\/page"}],"author":[{"embeddable":true,"href":"https:\/\/seranking.com\/de\/wp-json\/wp\/v2\/users\/418"}],"replies":[{"embeddable":true,"href":"https:\/\/seranking.com\/de\/wp-json\/wp\/v2\/comments?post=43093"}],"version-history":[{"count":1,"href":"https:\/\/seranking.com\/de\/wp-json\/wp\/v2\/pages\/43093\/revisions"}],"predecessor-version":[{"id":43096,"href":"https:\/\/seranking.com\/de\/wp-json\/wp\/v2\/pages\/43093\/revisions\/43096"}],"up":[{"embeddable":true,"href":"https:\/\/seranking.com\/de\/wp-json\/wp\/v2\/pages\/16006"}],"wp:attachment":[{"href":"https:\/\/seranking.com\/de\/wp-json\/wp\/v2\/media?parent=43093"}],"curies":[{"name":"wp","href":"https:\/\/api.w.org\/{rel}","templated":true}]}}