{"id":40555,"date":"2025-10-27T10:00:54","date_gmt":"2025-10-27T10:00:54","guid":{"rendered":"https:\/\/seranking.com\/de\/?page_id=40555"},"modified":"2025-11-18T09:12:54","modified_gmt":"2025-11-18T09:12:54","slug":"domain-trust-check","status":"publish","type":"page","link":"https:\/\/seranking.com\/de\/domain-trust-check.html","title":{"rendered":"Domain Autorit\u00e4t Check"},"content":{"rendered":"\n<p><\/p>\n\n\n\n<p><\/p>\n","protected":false},"excerpt":{"rendered":"","protected":false},"author":451,"featured_media":0,"parent":0,"menu_order":0,"comment_status":"closed","ping_status":"closed","template":"page-templates\/domain-trust-checker-2025.php","meta":{"_acf_changed":false,"footnotes":""},"class_list":["post-40555","page","type-page","status-publish","hentry"],"acf":[],"yoast_head":"<!-- This site is optimized with the Yoast SEO plugin v26.6 - https:\/\/yoast.com\/wordpress\/plugins\/seo\/ -->\n<title>Domain Autorit\u00e4t Checker: Kostenloser DA Checker<\/title>\n<meta name=\"description\" content=\"Unser kostenloser Domain Autorit\u00e4t Checker analysiert den Domain-Trust-Score und \u00fcber 15 Backlink-Metriken, um deine Ranking-Chancen einzusch\u00e4tzen.\" \/>\n<meta name=\"robots\" content=\"index, follow, max-snippet:-1, max-image-preview:large, max-video-preview:-1\" \/>\n<link rel=\"canonical\" href=\"https:\/\/seranking.com\/de\/domain-trust-check.html\" \/>\n<meta property=\"og:locale\" content=\"de_DE\" \/>\n<meta property=\"og:type\" content=\"article\" \/>\n<meta property=\"og:title\" content=\"Domain Autorit\u00e4t Checker: Kostenloser DA Checker\" \/>\n<meta property=\"og:description\" content=\"Unser kostenloser Domain Autorit\u00e4t Checker analysiert den Domain-Trust-Score und \u00fcber 15 Backlink-Metriken, um deine Ranking-Chancen einzusch\u00e4tzen.\" \/>\n<meta property=\"og:url\" content=\"https:\/\/seranking.com\/de\/domain-trust-check.html\" \/>\n<meta property=\"og:site_name\" content=\"SE Ranking German\" \/>\n<meta property=\"article:modified_time\" content=\"2025-11-18T09:12:54+00:00\" \/>\n<meta property=\"og:image\" content=\"https:\/\/seranking.com\/de\/wp-content\/uploads\/sites\/5\/2024\/09\/1200\u0445675.png\" \/>\n\t<meta property=\"og:image:width\" content=\"1200\" \/>\n\t<meta property=\"og:image:height\" content=\"675\" \/>\n\t<meta property=\"og:image:type\" content=\"image\/png\" \/>\n<meta name=\"twitter:card\" content=\"summary_large_image\" \/>\n<!-- \/ Yoast SEO plugin. -->","yoast_head_json":{"title":"Domain Autorit\u00e4t Checker: Kostenloser DA Checker","description":"Unser kostenloser Domain Autorit\u00e4t Checker analysiert den Domain-Trust-Score und \u00fcber 15 Backlink-Metriken, um deine Ranking-Chancen einzusch\u00e4tzen.","robots":{"index":"index","follow":"follow","max-snippet":"max-snippet:-1","max-image-preview":"max-image-preview:large","max-video-preview":"max-video-preview:-1"},"canonical":"https:\/\/seranking.com\/de\/domain-trust-check.html","og_locale":"de_DE","og_type":"article","og_title":"Domain Autorit\u00e4t Checker: Kostenloser DA Checker","og_description":"Unser kostenloser Domain Autorit\u00e4t Checker analysiert den Domain-Trust-Score und \u00fcber 15 Backlink-Metriken, um deine Ranking-Chancen einzusch\u00e4tzen.","og_url":"https:\/\/seranking.com\/de\/domain-trust-check.html","og_site_name":"SE Ranking German","article_modified_time":"2025-11-18T09:12:54+00:00","og_image":[{"width":1200,"height":675,"url":"https:\/\/seranking.com\/de\/wp-content\/uploads\/sites\/5\/2024\/09\/1200\u0445675.png","type":"image\/png"}],"twitter_card":"summary_large_image","schema":{"@context":"https:\/\/schema.org","@graph":[{"@type":"WebPage","@id":"https:\/\/seranking.com\/de\/domain-trust-check.html","url":"https:\/\/seranking.com\/de\/domain-trust-check.html","name":"Domain Autorit\u00e4t Checker: Kostenloser DA Checker","isPartOf":{"@id":"https:\/\/seranking.com\/de\/#website"},"datePublished":"2025-10-27T10:00:54+00:00","dateModified":"2025-11-18T09:12:54+00:00","description":"Unser kostenloser Domain Autorit\u00e4t Checker analysiert den Domain-Trust-Score und \u00fcber 15 Backlink-Metriken, um deine Ranking-Chancen einzusch\u00e4tzen.","inLanguage":"de-DE","potentialAction":[{"@type":"ReadAction","target":["https:\/\/seranking.com\/de\/domain-trust-check.html"]}]},{"@type":"WebSite","@id":"https:\/\/seranking.com\/de\/#website","url":"https:\/\/seranking.com\/de\/","name":"SE Ranking German","description":"Just another SE Ranking Blog Sites site","potentialAction":[{"@type":"SearchAction","target":{"@type":"EntryPoint","urlTemplate":"https:\/\/seranking.com\/de\/?s={search_term_string}"},"query-input":{"@type":"PropertyValueSpecification","valueRequired":true,"valueName":"search_term_string"}}],"inLanguage":"de-DE"}]}},"_links":{"self":[{"href":"https:\/\/seranking.com\/de\/wp-json\/wp\/v2\/pages\/40555","targetHints":{"allow":["GET"]}}],"collection":[{"href":"https:\/\/seranking.com\/de\/wp-json\/wp\/v2\/pages"}],"about":[{"href":"https:\/\/seranking.com\/de\/wp-json\/wp\/v2\/types\/page"}],"author":[{"embeddable":true,"href":"https:\/\/seranking.com\/de\/wp-json\/wp\/v2\/users\/451"}],"replies":[{"embeddable":true,"href":"https:\/\/seranking.com\/de\/wp-json\/wp\/v2\/comments?post=40555"}],"version-history":[{"count":14,"href":"https:\/\/seranking.com\/de\/wp-json\/wp\/v2\/pages\/40555\/revisions"}],"predecessor-version":[{"id":41209,"href":"https:\/\/seranking.com\/de\/wp-json\/wp\/v2\/pages\/40555\/revisions\/41209"}],"wp:attachment":[{"href":"https:\/\/seranking.com\/de\/wp-json\/wp\/v2\/media?parent=40555"}],"curies":[{"name":"wp","href":"https:\/\/api.w.org\/{rel}","templated":true}]}}