{"id":39580,"date":"2025-11-05T13:40:10","date_gmt":"2025-11-05T13:40:10","guid":{"rendered":"https:\/\/seranking.com\/de\/?page_id=39580"},"modified":"2026-03-30T10:16:25","modified_gmt":"2026-03-30T10:16:25","slug":"backlinks-api","status":"publish","type":"page","link":"https:\/\/seranking.com\/de\/backlinks-api.html","title":{"rendered":"Backlinks API"},"content":{"rendered":"","protected":false},"excerpt":{"rendered":"","protected":false},"author":451,"featured_media":0,"parent":0,"menu_order":0,"comment_status":"closed","ping_status":"closed","template":"page-templates\/api-detail.php","meta":{"_acf_changed":false,"footnotes":""},"class_list":["post-39580","page","type-page","status-publish","hentry"],"acf":[],"yoast_head":"<!-- This site is optimized with the Yoast SEO plugin v26.6 - https:\/\/yoast.com\/wordpress\/plugins\/seo\/ -->\n<title>Backlinks API \u2013 SEO Backlink Daten abrufen &amp; \u00fcberwachen<\/title>\n<meta name=\"description\" content=\"Nutze die Backlinks API f\u00fcr umfassende SEO-Analysen. Finde, exportiere und \u00fcberwache Backlinks mit allen relevanten Metriken, Filtern und Endpoints.\" \/>\n<meta name=\"robots\" content=\"index, follow, max-snippet:-1, max-image-preview:large, max-video-preview:-1\" \/>\n<link rel=\"canonical\" href=\"https:\/\/seranking.com\/de\/backlinks-api.html\" \/>\n<meta property=\"og:locale\" content=\"de_DE\" \/>\n<meta property=\"og:type\" content=\"article\" \/>\n<meta property=\"og:title\" content=\"Backlinks API \u2013 SEO Backlink Daten abrufen &amp; \u00fcberwachen\" \/>\n<meta property=\"og:description\" content=\"Nutze die Backlinks API f\u00fcr umfassende SEO-Analysen. Finde, exportiere und \u00fcberwache Backlinks mit allen relevanten Metriken, Filtern und Endpoints.\" \/>\n<meta property=\"og:url\" content=\"https:\/\/seranking.com\/de\/backlinks-api.html\" \/>\n<meta property=\"og:site_name\" content=\"SE Ranking German\" \/>\n<meta property=\"article:modified_time\" content=\"2026-03-30T10:16:25+00:00\" \/>\n<meta property=\"og:image\" content=\"https:\/\/seranking.com\/de\/wp-content\/uploads\/sites\/5\/2024\/09\/1200\u0445675.png\" \/>\n\t<meta property=\"og:image:width\" content=\"1200\" \/>\n\t<meta property=\"og:image:height\" content=\"675\" \/>\n\t<meta property=\"og:image:type\" content=\"image\/png\" \/>\n<meta name=\"twitter:card\" content=\"summary_large_image\" \/>\n<!-- \/ Yoast SEO plugin. -->","yoast_head_json":{"title":"Backlinks API \u2013 SEO Backlink Daten abrufen & \u00fcberwachen","description":"Nutze die Backlinks API f\u00fcr umfassende SEO-Analysen. Finde, exportiere und \u00fcberwache Backlinks mit allen relevanten Metriken, Filtern und Endpoints.","robots":{"index":"index","follow":"follow","max-snippet":"max-snippet:-1","max-image-preview":"max-image-preview:large","max-video-preview":"max-video-preview:-1"},"canonical":"https:\/\/seranking.com\/de\/backlinks-api.html","og_locale":"de_DE","og_type":"article","og_title":"Backlinks API \u2013 SEO Backlink Daten abrufen & \u00fcberwachen","og_description":"Nutze die Backlinks API f\u00fcr umfassende SEO-Analysen. Finde, exportiere und \u00fcberwache Backlinks mit allen relevanten Metriken, Filtern und Endpoints.","og_url":"https:\/\/seranking.com\/de\/backlinks-api.html","og_site_name":"SE Ranking German","article_modified_time":"2026-03-30T10:16:25+00:00","og_image":[{"width":1200,"height":675,"url":"https:\/\/seranking.com\/de\/wp-content\/uploads\/sites\/5\/2024\/09\/1200\u0445675.png","type":"image\/png"}],"twitter_card":"summary_large_image","schema":{"@context":"https:\/\/schema.org","@graph":[{"@type":"WebPage","@id":"https:\/\/seranking.com\/de\/backlinks-api.html","url":"https:\/\/seranking.com\/de\/backlinks-api.html","name":"Backlinks API \u2013 SEO Backlink Daten abrufen & \u00fcberwachen","isPartOf":{"@id":"https:\/\/seranking.com\/de\/#website"},"datePublished":"2025-11-05T13:40:10+00:00","dateModified":"2026-03-30T10:16:25+00:00","description":"Nutze die Backlinks API f\u00fcr umfassende SEO-Analysen. Finde, exportiere und \u00fcberwache Backlinks mit allen relevanten Metriken, Filtern und Endpoints.","inLanguage":"de-DE","potentialAction":[{"@type":"ReadAction","target":["https:\/\/seranking.com\/de\/backlinks-api.html"]}]},{"@type":"WebSite","@id":"https:\/\/seranking.com\/de\/#website","url":"https:\/\/seranking.com\/de\/","name":"SE Ranking German","description":"Just another SE Ranking Blog Sites site","potentialAction":[{"@type":"SearchAction","target":{"@type":"EntryPoint","urlTemplate":"https:\/\/seranking.com\/de\/?s={search_term_string}"},"query-input":{"@type":"PropertyValueSpecification","valueRequired":true,"valueName":"search_term_string"}}],"inLanguage":"de-DE"}]}},"_links":{"self":[{"href":"https:\/\/seranking.com\/de\/wp-json\/wp\/v2\/pages\/39580","targetHints":{"allow":["GET"]}}],"collection":[{"href":"https:\/\/seranking.com\/de\/wp-json\/wp\/v2\/pages"}],"about":[{"href":"https:\/\/seranking.com\/de\/wp-json\/wp\/v2\/types\/page"}],"author":[{"embeddable":true,"href":"https:\/\/seranking.com\/de\/wp-json\/wp\/v2\/users\/451"}],"replies":[{"embeddable":true,"href":"https:\/\/seranking.com\/de\/wp-json\/wp\/v2\/comments?post=39580"}],"version-history":[{"count":31,"href":"https:\/\/seranking.com\/de\/wp-json\/wp\/v2\/pages\/39580\/revisions"}],"predecessor-version":[{"id":43903,"href":"https:\/\/seranking.com\/de\/wp-json\/wp\/v2\/pages\/39580\/revisions\/43903"}],"wp:attachment":[{"href":"https:\/\/seranking.com\/de\/wp-json\/wp\/v2\/media?parent=39580"}],"curies":[{"name":"wp","href":"https:\/\/api.w.org\/{rel}","templated":true}]}}