{"id":36292,"date":"2025-05-28T11:46:48","date_gmt":"2025-05-28T11:46:48","guid":{"rendered":"https:\/\/seranking.com\/de\/?page_id=36292"},"modified":"2025-09-11T12:07:58","modified_gmt":"2025-09-11T12:07:58","slug":"se-ranking-for-enterprises","status":"publish","type":"page","link":"https:\/\/seranking.com\/de\/se-ranking-for-enterprises.html","title":{"rendered":"SE Ranking Enterprise: So ranken smarte Teams schneller"},"content":{"rendered":"","protected":false},"excerpt":{"rendered":"","protected":false},"author":181,"featured_media":0,"parent":0,"menu_order":0,"comment_status":"closed","ping_status":"closed","template":"page-templates\/why-us.php","meta":{"_acf_changed":false,"footnotes":""},"class_list":["post-36292","page","type-page","status-publish","hentry"],"acf":[],"yoast_head":"<!-- This site is optimized with the Yoast SEO plugin v26.6 - https:\/\/yoast.com\/wordpress\/plugins\/seo\/ -->\n<title>SE Ranking-Tools f\u00fcr Gro\u00dfunternehmen<\/title>\n<meta name=\"description\" content=\"Nutze die volle Leistung von SEO f\u00fcr gro\u00dfe Unternehmensprojekte. SE Ranking bietet fortgeschrittene Funktionen, die f\u00fcr die gr\u00f6\u00dften Websites zugeschnitten sind.\" \/>\n<meta name=\"robots\" content=\"index, follow, max-snippet:-1, max-image-preview:large, max-video-preview:-1\" \/>\n<link rel=\"canonical\" href=\"https:\/\/seranking.com\/de\/se-ranking-for-enterprises.html\" \/>\n<meta property=\"og:locale\" content=\"de_DE\" \/>\n<meta property=\"og:type\" content=\"article\" \/>\n<meta property=\"og:title\" content=\"SE Ranking-Tools f\u00fcr Gro\u00dfunternehmen\" \/>\n<meta property=\"og:description\" content=\"Nutze die volle Leistung von SEO f\u00fcr gro\u00dfe Unternehmensprojekte. SE Ranking bietet fortgeschrittene Funktionen, die f\u00fcr die gr\u00f6\u00dften Websites zugeschnitten sind.\" \/>\n<meta property=\"og:url\" content=\"https:\/\/seranking.com\/de\/se-ranking-for-enterprises.html\" \/>\n<meta property=\"og:site_name\" content=\"SE Ranking German\" \/>\n<meta property=\"article:modified_time\" content=\"2025-09-11T12:07:58+00:00\" \/>\n<meta property=\"og:image\" content=\"https:\/\/seranking.com\/de\/wp-content\/uploads\/sites\/5\/2024\/09\/1200\u0445675.png\" \/>\n\t<meta property=\"og:image:width\" content=\"1200\" \/>\n\t<meta property=\"og:image:height\" content=\"675\" \/>\n\t<meta property=\"og:image:type\" content=\"image\/png\" \/>\n<meta name=\"twitter:card\" content=\"summary_large_image\" \/>\n<!-- \/ Yoast SEO plugin. -->","yoast_head_json":{"title":"SE Ranking-Tools f\u00fcr Gro\u00dfunternehmen","description":"Nutze die volle Leistung von SEO f\u00fcr gro\u00dfe Unternehmensprojekte. SE Ranking bietet fortgeschrittene Funktionen, die f\u00fcr die gr\u00f6\u00dften Websites zugeschnitten sind.","robots":{"index":"index","follow":"follow","max-snippet":"max-snippet:-1","max-image-preview":"max-image-preview:large","max-video-preview":"max-video-preview:-1"},"canonical":"https:\/\/seranking.com\/de\/se-ranking-for-enterprises.html","og_locale":"de_DE","og_type":"article","og_title":"SE Ranking-Tools f\u00fcr Gro\u00dfunternehmen","og_description":"Nutze die volle Leistung von SEO f\u00fcr gro\u00dfe Unternehmensprojekte. SE Ranking bietet fortgeschrittene Funktionen, die f\u00fcr die gr\u00f6\u00dften Websites zugeschnitten sind.","og_url":"https:\/\/seranking.com\/de\/se-ranking-for-enterprises.html","og_site_name":"SE Ranking German","article_modified_time":"2025-09-11T12:07:58+00:00","og_image":[{"width":1200,"height":675,"url":"https:\/\/seranking.com\/de\/wp-content\/uploads\/sites\/5\/2024\/09\/1200\u0445675.png","type":"image\/png"}],"twitter_card":"summary_large_image","schema":{"@context":"https:\/\/schema.org","@graph":[{"@type":"WebPage","@id":"https:\/\/seranking.com\/de\/se-ranking-for-enterprises.html","url":"https:\/\/seranking.com\/de\/se-ranking-for-enterprises.html","name":"SE Ranking-Tools f\u00fcr Gro\u00dfunternehmen","isPartOf":{"@id":"https:\/\/seranking.com\/de\/#website"},"datePublished":"2025-05-28T11:46:48+00:00","dateModified":"2025-09-11T12:07:58+00:00","description":"Nutze die volle Leistung von SEO f\u00fcr gro\u00dfe Unternehmensprojekte. SE Ranking bietet fortgeschrittene Funktionen, die f\u00fcr die gr\u00f6\u00dften Websites zugeschnitten sind.","inLanguage":"de-DE","potentialAction":[{"@type":"ReadAction","target":["https:\/\/seranking.com\/de\/se-ranking-for-enterprises.html"]}]},{"@type":"WebSite","@id":"https:\/\/seranking.com\/de\/#website","url":"https:\/\/seranking.com\/de\/","name":"SE Ranking German","description":"Just another SE Ranking Blog Sites site","potentialAction":[{"@type":"SearchAction","target":{"@type":"EntryPoint","urlTemplate":"https:\/\/seranking.com\/de\/?s={search_term_string}"},"query-input":{"@type":"PropertyValueSpecification","valueRequired":true,"valueName":"search_term_string"}}],"inLanguage":"de-DE"}]}},"_links":{"self":[{"href":"https:\/\/seranking.com\/de\/wp-json\/wp\/v2\/pages\/36292","targetHints":{"allow":["GET"]}}],"collection":[{"href":"https:\/\/seranking.com\/de\/wp-json\/wp\/v2\/pages"}],"about":[{"href":"https:\/\/seranking.com\/de\/wp-json\/wp\/v2\/types\/page"}],"author":[{"embeddable":true,"href":"https:\/\/seranking.com\/de\/wp-json\/wp\/v2\/users\/181"}],"replies":[{"embeddable":true,"href":"https:\/\/seranking.com\/de\/wp-json\/wp\/v2\/comments?post=36292"}],"version-history":[{"count":4,"href":"https:\/\/seranking.com\/de\/wp-json\/wp\/v2\/pages\/36292\/revisions"}],"predecessor-version":[{"id":39025,"href":"https:\/\/seranking.com\/de\/wp-json\/wp\/v2\/pages\/36292\/revisions\/39025"}],"wp:attachment":[{"href":"https:\/\/seranking.com\/de\/wp-json\/wp\/v2\/media?parent=36292"}],"curies":[{"name":"wp","href":"https:\/\/api.w.org\/{rel}","templated":true}]}}