{"id":20071,"date":"2024-04-19T09:30:24","date_gmt":"2024-04-19T09:30:24","guid":{"rendered":"https:\/\/seranking.com\/de\/?page_id=20071"},"modified":"2024-12-10T17:36:17","modified_gmt":"2024-12-10T17:36:17","slug":"insights","status":"publish","type":"page","link":"https:\/\/seranking.com\/de\/insights.html","title":{"rendered":"SEO Insights: Rohe Daten in wirkungsvolle Aktionen umwandeln"},"content":{"rendered":"","protected":false},"excerpt":{"rendered":"","protected":false},"author":181,"featured_media":0,"parent":0,"menu_order":0,"comment_status":"closed","ping_status":"closed","template":"page-templates\/insights.php","meta":{"_acf_changed":false,"footnotes":""},"class_list":["post-20071","page","type-page","status-publish","hentry"],"acf":[],"yoast_head":"<!-- This site is optimized with the Yoast SEO plugin v26.6 - https:\/\/yoast.com\/wordpress\/plugins\/seo\/ -->\n<title>SEO Insights: Rohe Daten in wirkungsvolle Aktionen umwandeln<\/title>\n<meta name=\"description\" content=\"Erhalte eine kategorisierte Aufschl\u00fcsselung von datenbasierten SEO Anaylsen, zusammen mit umsetzbaren Vorschl\u00e4gen, wie du sie nutzen kannst, um die Suchmaschinenrankings m\u00fchelos zu verbessern.\" \/>\n<meta name=\"robots\" content=\"index, follow, max-snippet:-1, max-image-preview:large, max-video-preview:-1\" \/>\n<link rel=\"canonical\" href=\"https:\/\/seranking.com\/de\/insights.html\" \/>\n<meta property=\"og:locale\" content=\"de_DE\" \/>\n<meta property=\"og:type\" content=\"article\" \/>\n<meta property=\"og:title\" content=\"SEO Insights: Rohe Daten in wirkungsvolle Aktionen umwandeln\" \/>\n<meta property=\"og:description\" content=\"Erhalte eine kategorisierte Aufschl\u00fcsselung von datenbasierten SEO Anaylsen, zusammen mit umsetzbaren Vorschl\u00e4gen, wie du sie nutzen kannst, um die Suchmaschinenrankings m\u00fchelos zu verbessern.\" \/>\n<meta property=\"og:url\" content=\"https:\/\/seranking.com\/de\/insights.html\" \/>\n<meta property=\"og:site_name\" content=\"SE Ranking German\" \/>\n<meta property=\"article:modified_time\" content=\"2024-12-10T17:36:17+00:00\" \/>\n<meta property=\"og:image\" content=\"https:\/\/seranking.com\/de\/wp-content\/uploads\/sites\/5\/2024\/09\/1200\u0445675.png\" \/>\n\t<meta property=\"og:image:width\" content=\"1200\" \/>\n\t<meta property=\"og:image:height\" content=\"675\" \/>\n\t<meta property=\"og:image:type\" content=\"image\/png\" \/>\n<meta name=\"twitter:card\" content=\"summary_large_image\" \/>\n<!-- \/ Yoast SEO plugin. -->","yoast_head_json":{"title":"SEO Insights: Rohe Daten in wirkungsvolle Aktionen umwandeln","description":"Erhalte eine kategorisierte Aufschl\u00fcsselung von datenbasierten SEO Anaylsen, zusammen mit umsetzbaren Vorschl\u00e4gen, wie du sie nutzen kannst, um die Suchmaschinenrankings m\u00fchelos zu verbessern.","robots":{"index":"index","follow":"follow","max-snippet":"max-snippet:-1","max-image-preview":"max-image-preview:large","max-video-preview":"max-video-preview:-1"},"canonical":"https:\/\/seranking.com\/de\/insights.html","og_locale":"de_DE","og_type":"article","og_title":"SEO Insights: Rohe Daten in wirkungsvolle Aktionen umwandeln","og_description":"Erhalte eine kategorisierte Aufschl\u00fcsselung von datenbasierten SEO Anaylsen, zusammen mit umsetzbaren Vorschl\u00e4gen, wie du sie nutzen kannst, um die Suchmaschinenrankings m\u00fchelos zu verbessern.","og_url":"https:\/\/seranking.com\/de\/insights.html","og_site_name":"SE Ranking German","article_modified_time":"2024-12-10T17:36:17+00:00","og_image":[{"width":1200,"height":675,"url":"https:\/\/seranking.com\/de\/wp-content\/uploads\/sites\/5\/2024\/09\/1200\u0445675.png","type":"image\/png"}],"twitter_card":"summary_large_image","schema":{"@context":"https:\/\/schema.org","@graph":[{"@type":"WebPage","@id":"https:\/\/seranking.com\/de\/insights.html","url":"https:\/\/seranking.com\/de\/insights.html","name":"SEO Insights: Rohe Daten in wirkungsvolle Aktionen umwandeln","isPartOf":{"@id":"https:\/\/seranking.com\/de\/#website"},"datePublished":"2024-04-19T09:30:24+00:00","dateModified":"2024-12-10T17:36:17+00:00","description":"Erhalte eine kategorisierte Aufschl\u00fcsselung von datenbasierten SEO Anaylsen, zusammen mit umsetzbaren Vorschl\u00e4gen, wie du sie nutzen kannst, um die Suchmaschinenrankings m\u00fchelos zu verbessern.","inLanguage":"de-DE","potentialAction":[{"@type":"ReadAction","target":["https:\/\/seranking.com\/de\/insights.html"]}]},{"@type":"WebSite","@id":"https:\/\/seranking.com\/de\/#website","url":"https:\/\/seranking.com\/de\/","name":"SE Ranking German","description":"Just another SE Ranking Blog Sites site","potentialAction":[{"@type":"SearchAction","target":{"@type":"EntryPoint","urlTemplate":"https:\/\/seranking.com\/de\/?s={search_term_string}"},"query-input":{"@type":"PropertyValueSpecification","valueRequired":true,"valueName":"search_term_string"}}],"inLanguage":"de-DE"}]}},"_links":{"self":[{"href":"https:\/\/seranking.com\/de\/wp-json\/wp\/v2\/pages\/20071","targetHints":{"allow":["GET"]}}],"collection":[{"href":"https:\/\/seranking.com\/de\/wp-json\/wp\/v2\/pages"}],"about":[{"href":"https:\/\/seranking.com\/de\/wp-json\/wp\/v2\/types\/page"}],"author":[{"embeddable":true,"href":"https:\/\/seranking.com\/de\/wp-json\/wp\/v2\/users\/181"}],"replies":[{"embeddable":true,"href":"https:\/\/seranking.com\/de\/wp-json\/wp\/v2\/comments?post=20071"}],"version-history":[{"count":0,"href":"https:\/\/seranking.com\/de\/wp-json\/wp\/v2\/pages\/20071\/revisions"}],"wp:attachment":[{"href":"https:\/\/seranking.com\/de\/wp-json\/wp\/v2\/media?parent=20071"}],"curies":[{"name":"wp","href":"https:\/\/api.w.org\/{rel}","templated":true}]}}