{"id":13942,"date":"2023-08-21T10:38:16","date_gmt":"2023-08-21T10:38:16","guid":{"rendered":"https:\/\/seranking.com\/de\/?page_id=13942"},"modified":"2025-08-04T15:37:13","modified_gmt":"2025-08-04T15:37:13","slug":"stand-with-ukraine","status":"publish","type":"page","link":"https:\/\/seranking.com\/de\/stand-with-ukraine.html","title":{"rendered":"Die Ukrainer k\u00e4mpfen heute f\u00fcr ihr Land und ihre Freiheit"},"content":{"rendered":"","protected":false},"excerpt":{"rendered":"","protected":false},"author":358,"featured_media":0,"parent":0,"menu_order":0,"comment_status":"closed","ping_status":"closed","template":"page-templates\/stand-with-ukraine.php","meta":{"_acf_changed":false,"footnotes":""},"class_list":["post-13942","page","type-page","status-publish","hentry"],"acf":[],"yoast_head":"<!-- This site is optimized with the Yoast SEO plugin v26.6 - https:\/\/yoast.com\/wordpress\/plugins\/seo\/ -->\n<title>Hilf der Ukraine bei der Verteidigung gegen russland<\/title>\n<meta name=\"description\" content=\"SE Ranking steht fest an der Seite der Ukraine in ihrem unersch\u00fctterlichen Kampf f\u00fcr Freiheit und demokratische Werte, die von russland bedroht werden. Hier erf\u00e4hrst du, wie du der Ukraine helfen kannst.\" \/>\n<meta name=\"robots\" content=\"index, follow, max-snippet:-1, max-image-preview:large, max-video-preview:-1\" \/>\n<link rel=\"canonical\" href=\"https:\/\/seranking.com\/de\/stand-with-ukraine.html\" \/>\n<meta property=\"og:locale\" content=\"de_DE\" \/>\n<meta property=\"og:type\" content=\"article\" \/>\n<meta property=\"og:title\" content=\"Hilf der Ukraine bei der Verteidigung gegen russland\" \/>\n<meta property=\"og:description\" content=\"SE Ranking steht fest an der Seite der Ukraine in ihrem unersch\u00fctterlichen Kampf f\u00fcr Freiheit und demokratische Werte, die von russland bedroht werden. Hier erf\u00e4hrst du, wie du der Ukraine helfen kannst.\" \/>\n<meta property=\"og:url\" content=\"https:\/\/seranking.com\/de\/stand-with-ukraine.html\" \/>\n<meta property=\"og:site_name\" content=\"SE Ranking German\" \/>\n<meta property=\"article:modified_time\" content=\"2025-08-04T15:37:13+00:00\" \/>\n<meta property=\"og:image\" content=\"https:\/\/seranking.com\/de\/wp-content\/uploads\/sites\/5\/2024\/09\/1200\u0445675.png\" \/>\n\t<meta property=\"og:image:width\" content=\"1200\" \/>\n\t<meta property=\"og:image:height\" content=\"675\" \/>\n\t<meta property=\"og:image:type\" content=\"image\/png\" \/>\n<meta name=\"twitter:card\" content=\"summary_large_image\" \/>\n<!-- \/ Yoast SEO plugin. -->","yoast_head_json":{"title":"Hilf der Ukraine bei der Verteidigung gegen russland","description":"SE Ranking steht fest an der Seite der Ukraine in ihrem unersch\u00fctterlichen Kampf f\u00fcr Freiheit und demokratische Werte, die von russland bedroht werden. Hier erf\u00e4hrst du, wie du der Ukraine helfen kannst.","robots":{"index":"index","follow":"follow","max-snippet":"max-snippet:-1","max-image-preview":"max-image-preview:large","max-video-preview":"max-video-preview:-1"},"canonical":"https:\/\/seranking.com\/de\/stand-with-ukraine.html","og_locale":"de_DE","og_type":"article","og_title":"Hilf der Ukraine bei der Verteidigung gegen russland","og_description":"SE Ranking steht fest an der Seite der Ukraine in ihrem unersch\u00fctterlichen Kampf f\u00fcr Freiheit und demokratische Werte, die von russland bedroht werden. Hier erf\u00e4hrst du, wie du der Ukraine helfen kannst.","og_url":"https:\/\/seranking.com\/de\/stand-with-ukraine.html","og_site_name":"SE Ranking German","article_modified_time":"2025-08-04T15:37:13+00:00","og_image":[{"width":1200,"height":675,"url":"https:\/\/seranking.com\/de\/wp-content\/uploads\/sites\/5\/2024\/09\/1200\u0445675.png","type":"image\/png"}],"twitter_card":"summary_large_image","schema":{"@context":"https:\/\/schema.org","@graph":[{"@type":"WebPage","@id":"https:\/\/seranking.com\/de\/stand-with-ukraine.html","url":"https:\/\/seranking.com\/de\/stand-with-ukraine.html","name":"Hilf der Ukraine bei der Verteidigung gegen russland","isPartOf":{"@id":"https:\/\/seranking.com\/de\/#website"},"datePublished":"2023-08-21T10:38:16+00:00","dateModified":"2025-08-04T15:37:13+00:00","description":"SE Ranking steht fest an der Seite der Ukraine in ihrem unersch\u00fctterlichen Kampf f\u00fcr Freiheit und demokratische Werte, die von russland bedroht werden. Hier erf\u00e4hrst du, wie du der Ukraine helfen kannst.","inLanguage":"de-DE","potentialAction":[{"@type":"ReadAction","target":["https:\/\/seranking.com\/de\/stand-with-ukraine.html"]}]},{"@type":"WebSite","@id":"https:\/\/seranking.com\/de\/#website","url":"https:\/\/seranking.com\/de\/","name":"SE Ranking German","description":"Just another SE Ranking Blog Sites site","potentialAction":[{"@type":"SearchAction","target":{"@type":"EntryPoint","urlTemplate":"https:\/\/seranking.com\/de\/?s={search_term_string}"},"query-input":{"@type":"PropertyValueSpecification","valueRequired":true,"valueName":"search_term_string"}}],"inLanguage":"de-DE"}]}},"_links":{"self":[{"href":"https:\/\/seranking.com\/de\/wp-json\/wp\/v2\/pages\/13942","targetHints":{"allow":["GET"]}}],"collection":[{"href":"https:\/\/seranking.com\/de\/wp-json\/wp\/v2\/pages"}],"about":[{"href":"https:\/\/seranking.com\/de\/wp-json\/wp\/v2\/types\/page"}],"author":[{"embeddable":true,"href":"https:\/\/seranking.com\/de\/wp-json\/wp\/v2\/users\/358"}],"replies":[{"embeddable":true,"href":"https:\/\/seranking.com\/de\/wp-json\/wp\/v2\/comments?post=13942"}],"version-history":[{"count":1,"href":"https:\/\/seranking.com\/de\/wp-json\/wp\/v2\/pages\/13942\/revisions"}],"predecessor-version":[{"id":38170,"href":"https:\/\/seranking.com\/de\/wp-json\/wp\/v2\/pages\/13942\/revisions\/38170"}],"wp:attachment":[{"href":"https:\/\/seranking.com\/de\/wp-json\/wp\/v2\/media?parent=13942"}],"curies":[{"name":"wp","href":"https:\/\/api.w.org\/{rel}","templated":true}]}}