{"id":13933,"date":"2023-09-12T09:31:57","date_gmt":"2023-09-12T09:31:57","guid":{"rendered":"https:\/\/seranking.com\/de\/?page_id=13933"},"modified":"2026-02-13T07:54:02","modified_gmt":"2026-02-13T07:54:02","slug":"agency-pack","status":"publish","type":"page","link":"https:\/\/seranking.com\/de\/agency-pack.html","title":{"rendered":"Er\u00f6ffne neue Gesch\u00e4ftsm\u00f6glichkeiten mit&nbsp;<span>dem&nbsp;Agency&nbsp;Paket<\/span>"},"content":{"rendered":"","protected":false},"excerpt":{"rendered":"","protected":false},"author":358,"featured_media":0,"parent":0,"menu_order":0,"comment_status":"closed","ping_status":"closed","template":"page-templates\/agency-pack-2023.php","meta":{"_acf_changed":false,"footnotes":""},"class_list":["post-13933","page","type-page","status-publish","hentry"],"acf":[],"yoast_head":"<!-- This site is optimized with the Yoast SEO plugin v26.6 - https:\/\/yoast.com\/wordpress\/plugins\/seo\/ -->\n<title>Agency Paket von SE Ranking: Hilft dir, Kundenvertrauen aufzubauen<\/title>\n<meta name=\"description\" content=\"Dieses Add-on wurde entwickelt, um Agenturen in jeder Phase des Kundenmanagement-Zyklus zu unterst\u00fctzen, neue Kunden zu gewinnen und bestehende Kunden zu pflegen.\" \/>\n<meta name=\"robots\" content=\"index, follow, max-snippet:-1, max-image-preview:large, max-video-preview:-1\" \/>\n<link rel=\"canonical\" href=\"https:\/\/seranking.com\/de\/agency-pack.html\" \/>\n<meta property=\"og:locale\" content=\"de_DE\" \/>\n<meta property=\"og:type\" content=\"article\" \/>\n<meta property=\"og:title\" content=\"Agency Paket von SE Ranking: Hilft dir, Kundenvertrauen aufzubauen\" \/>\n<meta property=\"og:description\" content=\"Dieses Add-on wurde entwickelt, um Agenturen in jeder Phase des Kundenmanagement-Zyklus zu unterst\u00fctzen, neue Kunden zu gewinnen und bestehende Kunden zu pflegen.\" \/>\n<meta property=\"og:url\" content=\"https:\/\/seranking.com\/de\/agency-pack.html\" \/>\n<meta property=\"og:site_name\" content=\"SE Ranking German\" \/>\n<meta property=\"article:modified_time\" content=\"2026-02-13T07:54:02+00:00\" \/>\n<meta property=\"og:image\" content=\"https:\/\/seranking.com\/de\/wp-content\/uploads\/sites\/5\/2024\/09\/1200\u0445675.png\" \/>\n\t<meta property=\"og:image:width\" content=\"1200\" \/>\n\t<meta property=\"og:image:height\" content=\"675\" \/>\n\t<meta property=\"og:image:type\" content=\"image\/png\" \/>\n<meta name=\"twitter:card\" content=\"summary_large_image\" \/>\n<!-- \/ Yoast SEO plugin. -->","yoast_head_json":{"title":"Agency Paket von SE Ranking: Hilft dir, Kundenvertrauen aufzubauen","description":"Dieses Add-on wurde entwickelt, um Agenturen in jeder Phase des Kundenmanagement-Zyklus zu unterst\u00fctzen, neue Kunden zu gewinnen und bestehende Kunden zu pflegen.","robots":{"index":"index","follow":"follow","max-snippet":"max-snippet:-1","max-image-preview":"max-image-preview:large","max-video-preview":"max-video-preview:-1"},"canonical":"https:\/\/seranking.com\/de\/agency-pack.html","og_locale":"de_DE","og_type":"article","og_title":"Agency Paket von SE Ranking: Hilft dir, Kundenvertrauen aufzubauen","og_description":"Dieses Add-on wurde entwickelt, um Agenturen in jeder Phase des Kundenmanagement-Zyklus zu unterst\u00fctzen, neue Kunden zu gewinnen und bestehende Kunden zu pflegen.","og_url":"https:\/\/seranking.com\/de\/agency-pack.html","og_site_name":"SE Ranking German","article_modified_time":"2026-02-13T07:54:02+00:00","og_image":[{"width":1200,"height":675,"url":"https:\/\/seranking.com\/de\/wp-content\/uploads\/sites\/5\/2024\/09\/1200\u0445675.png","type":"image\/png"}],"twitter_card":"summary_large_image","schema":{"@context":"https:\/\/schema.org","@graph":[{"@type":"WebPage","@id":"https:\/\/seranking.com\/de\/agency-pack.html","url":"https:\/\/seranking.com\/de\/agency-pack.html","name":"Agency Paket von SE Ranking: Hilft dir, Kundenvertrauen aufzubauen","isPartOf":{"@id":"https:\/\/seranking.com\/de\/#website"},"datePublished":"2023-09-12T09:31:57+00:00","dateModified":"2026-02-13T07:54:02+00:00","description":"Dieses Add-on wurde entwickelt, um Agenturen in jeder Phase des Kundenmanagement-Zyklus zu unterst\u00fctzen, neue Kunden zu gewinnen und bestehende Kunden zu pflegen.","inLanguage":"de-DE","potentialAction":[{"@type":"ReadAction","target":["https:\/\/seranking.com\/de\/agency-pack.html"]}]},{"@type":"WebSite","@id":"https:\/\/seranking.com\/de\/#website","url":"https:\/\/seranking.com\/de\/","name":"SE Ranking German","description":"Just another SE Ranking Blog Sites site","potentialAction":[{"@type":"SearchAction","target":{"@type":"EntryPoint","urlTemplate":"https:\/\/seranking.com\/de\/?s={search_term_string}"},"query-input":{"@type":"PropertyValueSpecification","valueRequired":true,"valueName":"search_term_string"}}],"inLanguage":"de-DE"}]}},"_links":{"self":[{"href":"https:\/\/seranking.com\/de\/wp-json\/wp\/v2\/pages\/13933","targetHints":{"allow":["GET"]}}],"collection":[{"href":"https:\/\/seranking.com\/de\/wp-json\/wp\/v2\/pages"}],"about":[{"href":"https:\/\/seranking.com\/de\/wp-json\/wp\/v2\/types\/page"}],"author":[{"embeddable":true,"href":"https:\/\/seranking.com\/de\/wp-json\/wp\/v2\/users\/358"}],"replies":[{"embeddable":true,"href":"https:\/\/seranking.com\/de\/wp-json\/wp\/v2\/comments?post=13933"}],"version-history":[{"count":4,"href":"https:\/\/seranking.com\/de\/wp-json\/wp\/v2\/pages\/13933\/revisions"}],"predecessor-version":[{"id":42688,"href":"https:\/\/seranking.com\/de\/wp-json\/wp\/v2\/pages\/13933\/revisions\/42688"}],"wp:attachment":[{"href":"https:\/\/seranking.com\/de\/wp-json\/wp\/v2\/media?parent=13933"}],"curies":[{"name":"wp","href":"https:\/\/api.w.org\/{rel}","templated":true}]}}